{"id":27660,"date":"2025-06-18T08:32:27","date_gmt":"2025-06-18T08:32:27","guid":{"rendered":"https:\/\/www.lundaspelen.com\/domare-i-lundaspelen\/"},"modified":"2025-07-04T11:44:53","modified_gmt":"2025-07-04T11:44:53","slug":"domare-i-lundaspelen","status":"publish","type":"page","link":"https:\/\/www.lundaspelen.com\/sv\/domare-i-lundaspelen\/","title":{"rendered":"Domare i Lundaspelen"},"content":{"rendered":"\t\t<div data-elementor-type=\"wp-page\" data-elementor-id=\"27660\" class=\"elementor elementor-27660 elementor-27154\" data-elementor-post-type=\"page\">\n\t\t\t\t<div class=\"elementor-element elementor-element-21bb9aca e-flex e-con-boxed e-con e-parent\" data-id=\"21bb9aca\" data-element_type=\"container\" data-settings=\"{&quot;background_background&quot;:&quot;slideshow&quot;,&quot;background_slideshow_gallery&quot;:[{&quot;id&quot;:28199,&quot;url&quot;:&quot;https:\\\/\\\/www.lundaspelen.com\\\/wp-content\\\/uploads\\\/2025\\\/07\\\/lundaspelen2024-referee1.jpg&quot;}],&quot;background_slideshow_loop&quot;:&quot;yes&quot;,&quot;background_slideshow_slide_duration&quot;:5000,&quot;background_slideshow_slide_transition&quot;:&quot;fade&quot;,&quot;background_slideshow_transition_duration&quot;:500}\">\n\t\t\t\t\t<div class=\"e-con-inner\">\n\t\t<div class=\"elementor-element elementor-element-154ae75c e-con-full e-flex e-con e-child\" data-id=\"154ae75c\" data-element_type=\"container\">\n\t\t<div class=\"elementor-element elementor-element-55023bb2 e-con-full e-flex e-con e-child\" data-id=\"55023bb2\" data-element_type=\"container\">\n\t\t\t\t<div class=\"elementor-element elementor-element-4b5fdfd2 elementor-widget elementor-widget-image-box\" data-id=\"4b5fdfd2\" data-element_type=\"widget\" data-widget_type=\"image-box.default\">\n\t\t\t\t<div class=\"elementor-widget-container\">\n\t\t\t\t\t<div class=\"elementor-image-box-wrapper\"><div class=\"elementor-image-box-content\"><h1 class=\"elementor-image-box-title\">DOMARE<\/h1><p class=\"elementor-image-box-description\">Bli en del av domarteamet vid v\u00e4rldens st\u00f6rsta handbollsturnering inomhus!<\/p><\/div><\/div>\t\t\t\t<\/div>\n\t\t\t\t<\/div>\n\t\t<div class=\"elementor-element elementor-element-1608862 e-grid e-con-full e-con e-child\" data-id=\"1608862\" data-element_type=\"container\">\n\t\t\t\t<div class=\"elementor-element elementor-element-9289edb elementor-align-center elementor-widget elementor-widget-button\" data-id=\"9289edb\" data-element_type=\"widget\" data-widget_type=\"button.default\">\n\t\t\t\t<div class=\"elementor-widget-container\">\n\t\t\t\t\t\t\t\t\t<div class=\"elementor-button-wrapper\">\n\t\t\t\t\t<a class=\"elementor-button elementor-button-link elementor-size-sm\" href=\"https:\/\/lundaspelen.cups.nu\/en\/j\/public\/regreferee\" target=\"_blank\">\n\t\t\t\t\t\t<span class=\"elementor-button-content-wrapper\">\n\t\t\t\t\t\t\t\t\t<span class=\"elementor-button-text\">Registrera dig som domare<\/span>\n\t\t\t\t\t<\/span>\n\t\t\t\t\t<\/a>\n\t\t\t\t<\/div>\n\t\t\t\t\t\t\t\t<\/div>\n\t\t\t\t<\/div>\n\t\t\t\t<div class=\"elementor-element elementor-element-6f29f0a elementor-widget elementor-widget-button\" data-id=\"6f29f0a\" data-element_type=\"widget\" data-widget_type=\"button.default\">\n\t\t\t\t<div class=\"elementor-widget-container\">\n\t\t\t\t\t\t\t\t\t<div class=\"elementor-button-wrapper\">\n\t\t\t\t\t<a class=\"elementor-button elementor-button-link elementor-size-sm\" href=\"https:\/\/lundaspelen.cups.nu\/en\/reg\/profile?sso_result=false\" target=\"_blank\">\n\t\t\t\t\t\t<span class=\"elementor-button-content-wrapper\">\n\t\t\t\t\t\t\t\t\t<span class=\"elementor-button-text\">Logga in p\u00e5 din domarsida<\/span>\n\t\t\t\t\t<\/span>\n\t\t\t\t\t<\/a>\n\t\t\t\t<\/div>\n\t\t\t\t\t\t\t\t<\/div>\n\t\t\t\t<\/div>\n\t\t\t\t<\/div>\n\t\t\t\t<\/div>\n\t\t\t\t<\/div>\n\t\t\t\t\t<\/div>\n\t\t\t\t<\/div>\n\t\t<div class=\"elementor-element elementor-element-2654349 e-flex e-con-boxed e-con e-parent\" data-id=\"2654349\" data-element_type=\"container\">\n\t\t\t\t\t<div class=\"e-con-inner\">\n\t\t\t\t<div class=\"elementor-element elementor-element-53aac01 elementor-widget elementor-widget-text-editor\" data-id=\"53aac01\" data-element_type=\"widget\" data-widget_type=\"text-editor.default\">\n\t\t\t\t<div class=\"elementor-widget-container\">\n\t\t\t\t\t\t\t\t\t<h3>Bli en del av n\u00e5got st\u00f6rre &#8211; domare p\u00e5 Lundaspelen!<\/h3><p>Som domare p\u00e5 Lundaspelen f\u00e5r du m\u00f6jligheten att v\u00e4xa i en internationell milj\u00f6, tr\u00e4ffa kollegor fr\u00e5n hela v\u00e4rlden och spela en nyckelroll i v\u00e4rldens st\u00f6rsta handbollsturnering inomhus.<\/p><p>Under n\u00e5gra intensiva dagar i december kommer Lund leva upp med passion, laganda och handboll p\u00e5 toppniv\u00e5 &#8211; och du kommer att vara mitt i h\u00e4ndelsernas centrum. En upplevelse du sent kommer att gl\u00f6mma!<\/p>\t\t\t\t\t\t\t\t<\/div>\n\t\t\t\t<\/div>\n\t\t\t\t\t<\/div>\n\t\t\t\t<\/div>\n\t\t<div class=\"elementor-element elementor-element-e872150 e-grid e-con-boxed e-con e-parent\" data-id=\"e872150\" data-element_type=\"container\">\n\t\t\t\t\t<div class=\"e-con-inner\">\n\t\t<div class=\"elementor-element elementor-element-015355a e-grid e-con-full e-con e-child\" data-id=\"015355a\" data-element_type=\"container\">\n\t\t\t\t<div class=\"elementor-element elementor-element-0b77aa6 elementor-align-center elementor-widget elementor-widget-button\" data-id=\"0b77aa6\" data-element_type=\"widget\" data-widget_type=\"button.default\">\n\t\t\t\t<div class=\"elementor-widget-container\">\n\t\t\t\t\t\t\t\t\t<div class=\"elementor-button-wrapper\">\n\t\t\t\t\t<a class=\"elementor-button elementor-button-link elementor-size-sm\" href=\"https:\/\/www.lundaspelen.com\/avtal-for-svenska-domare\/\" target=\"_blank\">\n\t\t\t\t\t\t<span class=\"elementor-button-content-wrapper\">\n\t\t\t\t\t\t\t\t\t<span class=\"elementor-button-text\">Avtal Svenska domare<\/span>\n\t\t\t\t\t<\/span>\n\t\t\t\t\t<\/a>\n\t\t\t\t<\/div>\n\t\t\t\t\t\t\t\t<\/div>\n\t\t\t\t<\/div>\n\t\t\t\t<\/div>\n\t\t\t\t<div class=\"elementor-element elementor-element-e9cef1c elementor-align-center elementor-widget elementor-widget-button\" data-id=\"e9cef1c\" data-element_type=\"widget\" data-widget_type=\"button.default\">\n\t\t\t\t<div class=\"elementor-widget-container\">\n\t\t\t\t\t\t\t\t\t<div class=\"elementor-button-wrapper\">\n\t\t\t\t\t<a class=\"elementor-button elementor-button-link elementor-size-sm\" href=\"https:\/\/www.lundaspelen.com\/agreement-for-international-referees\/\" target=\"_blank\">\n\t\t\t\t\t\t<span class=\"elementor-button-content-wrapper\">\n\t\t\t\t\t\t\t\t\t<span class=\"elementor-button-text\">Avtal Internationella domare<\/span>\n\t\t\t\t\t<\/span>\n\t\t\t\t\t<\/a>\n\t\t\t\t<\/div>\n\t\t\t\t\t\t\t\t<\/div>\n\t\t\t\t<\/div>\n\t\t\t\t\t<\/div>\n\t\t\t\t<\/div>\n\t\t\t\t<\/div>\n\t\t","protected":false},"excerpt":{"rendered":"<p>DOMARE Bli en del av domarteamet vid v\u00e4rldens st\u00f6rsta handbollsturnering inomhus! Registrera dig som domare Logga in p\u00e5 din domarsida Bli en del av n\u00e5got st\u00f6rre &#8211; domare p\u00e5 Lundaspelen! Som domare p\u00e5 Lundaspelen f\u00e5r du m\u00f6jligheten att v\u00e4xa i en internationell milj\u00f6, tr\u00e4ffa kollegor fr\u00e5n hela v\u00e4rlden och spela en nyckelroll i v\u00e4rldens st\u00f6rsta [&hellip;]<\/p>\n","protected":false},"author":2,"featured_media":0,"parent":0,"menu_order":0,"comment_status":"closed","ping_status":"closed","template":"","meta":{"inline_featured_image":false,"site-sidebar-layout":"no-sidebar","site-content-layout":"page-builder","ast-site-content-layout":"full-width-container","site-content-style":"default","site-sidebar-style":"default","ast-global-header-display":"","ast-banner-title-visibility":"","ast-main-header-display":"","ast-hfb-above-header-display":"","ast-hfb-below-header-display":"","ast-hfb-mobile-header-display":"","site-post-title":"disabled","ast-breadcrumbs-content":"","ast-featured-img":"disabled","footer-sml-layout":"","ast-disable-related-posts":"","theme-transparent-header-meta":"","adv-header-id-meta":"","stick-header-meta":"","header-above-stick-meta":"","header-main-stick-meta":"","header-below-stick-meta":"","astra-migrate-meta-layouts":"default","ast-page-background-enabled":"default","ast-page-background-meta":{"desktop":{"background-color":"","background-image":"","background-repeat":"repeat","background-position":"center center","background-size":"auto","background-attachment":"scroll","background-type":"","background-media":"","overlay-type":"","overlay-color":"","overlay-opacity":"","overlay-gradient":""},"tablet":{"background-color":"","background-image":"","background-repeat":"repeat","background-position":"center center","background-size":"auto","background-attachment":"scroll","background-type":"","background-media":"","overlay-type":"","overlay-color":"","overlay-opacity":"","overlay-gradient":""},"mobile":{"background-color":"","background-image":"","background-repeat":"repeat","background-position":"center center","background-size":"auto","background-attachment":"scroll","background-type":"","background-media":"","overlay-type":"","overlay-color":"","overlay-opacity":"","overlay-gradient":""}},"ast-content-background-meta":{"desktop":{"background-color":"var(--ast-global-color-5)","background-image":"","background-repeat":"repeat","background-position":"center center","background-size":"auto","background-attachment":"scroll","background-type":"","background-media":"","overlay-type":"","overlay-color":"","overlay-opacity":"","overlay-gradient":""},"tablet":{"background-color":"var(--ast-global-color-5)","background-image":"","background-repeat":"repeat","background-position":"center center","background-size":"auto","background-attachment":"scroll","background-type":"","background-media":"","overlay-type":"","overlay-color":"","overlay-opacity":"","overlay-gradient":""},"mobile":{"background-color":"var(--ast-global-color-5)","background-image":"","background-repeat":"repeat","background-position":"center center","background-size":"auto","background-attachment":"scroll","background-type":"","background-media":"","overlay-type":"","overlay-color":"","overlay-opacity":"","overlay-gradient":""}},"footnotes":""},"class_list":["post-27660","page","type-page","status-publish","hentry"],"yoast_head":"<!-- This site is optimized with the Yoast SEO plugin v26.5 - https:\/\/yoast.com\/wordpress\/plugins\/seo\/ -->\n<title>Domare i Lundaspelen - Lundaspelen in Handball<\/title>\n<meta name=\"robots\" content=\"index, follow, max-snippet:-1, max-image-preview:large, max-video-preview:-1\" \/>\n<link rel=\"canonical\" href=\"https:\/\/www.lundaspelen.com\/sv\/domare-i-lundaspelen\/\" \/>\n<meta property=\"og:locale\" content=\"sv_SE\" \/>\n<meta property=\"og:type\" content=\"article\" \/>\n<meta property=\"og:title\" content=\"Domare i Lundaspelen - Lundaspelen in Handball\" \/>\n<meta property=\"og:description\" content=\"DOMARE Bli en del av domarteamet vid v\u00e4rldens st\u00f6rsta handbollsturnering inomhus! Registrera dig som domare Logga in p\u00e5 din domarsida Bli en del av n\u00e5got st\u00f6rre &#8211; domare p\u00e5 Lundaspelen! Som domare p\u00e5 Lundaspelen f\u00e5r du m\u00f6jligheten att v\u00e4xa i en internationell milj\u00f6, tr\u00e4ffa kollegor fr\u00e5n hela v\u00e4rlden och spela en nyckelroll i v\u00e4rldens st\u00f6rsta [&hellip;]\" \/>\n<meta property=\"og:url\" content=\"https:\/\/www.lundaspelen.com\/sv\/domare-i-lundaspelen\/\" \/>\n<meta property=\"og:site_name\" content=\"Lundaspelen in Handball\" \/>\n<meta property=\"article:publisher\" content=\"https:\/\/www.facebook.com\/lundaspelen\" \/>\n<meta property=\"article:modified_time\" content=\"2025-07-04T11:44:53+00:00\" \/>\n<meta property=\"og:image\" content=\"https:\/\/www.lundaspelen.com\/wp-content\/uploads\/2025\/03\/lundaspelen.jpg\" \/>\n\t<meta property=\"og:image:width\" content=\"1800\" \/>\n\t<meta property=\"og:image:height\" content=\"1200\" \/>\n\t<meta property=\"og:image:type\" content=\"image\/jpeg\" \/>\n<meta name=\"twitter:card\" content=\"summary_large_image\" \/>\n<meta name=\"twitter:label1\" content=\"Ber\u00e4knad l\u00e4stid\" \/>\n\t<meta name=\"twitter:data1\" content=\"1 minut\" \/>\n<script type=\"application\/ld+json\" class=\"yoast-schema-graph\">{\"@context\":\"https:\/\/schema.org\",\"@graph\":[{\"@type\":\"WebPage\",\"@id\":\"https:\/\/www.lundaspelen.com\/sv\/domare-i-lundaspelen\/\",\"url\":\"https:\/\/www.lundaspelen.com\/sv\/domare-i-lundaspelen\/\",\"name\":\"Domare i Lundaspelen - Lundaspelen in Handball\",\"isPartOf\":{\"@id\":\"https:\/\/www.lundaspelen.com\/sv\/#website\"},\"datePublished\":\"2025-06-18T08:32:27+00:00\",\"dateModified\":\"2025-07-04T11:44:53+00:00\",\"breadcrumb\":{\"@id\":\"https:\/\/www.lundaspelen.com\/sv\/domare-i-lundaspelen\/#breadcrumb\"},\"inLanguage\":\"sv-SE\",\"potentialAction\":[{\"@type\":\"ReadAction\",\"target\":[\"https:\/\/www.lundaspelen.com\/sv\/domare-i-lundaspelen\/\"]}]},{\"@type\":\"BreadcrumbList\",\"@id\":\"https:\/\/www.lundaspelen.com\/sv\/domare-i-lundaspelen\/#breadcrumb\",\"itemListElement\":[{\"@type\":\"ListItem\",\"position\":1,\"name\":\"Home\",\"item\":\"https:\/\/www.lundaspelen.com\/sv\/lundaspelen-i-handboll\/\"},{\"@type\":\"ListItem\",\"position\":2,\"name\":\"Domare i Lundaspelen\"}]},{\"@type\":\"WebSite\",\"@id\":\"https:\/\/www.lundaspelen.com\/sv\/#website\",\"url\":\"https:\/\/www.lundaspelen.com\/sv\/\",\"name\":\"Lundaspelen\",\"description\":\"Creating memories for life\",\"publisher\":{\"@id\":\"https:\/\/www.lundaspelen.com\/sv\/#organization\"},\"potentialAction\":[{\"@type\":\"SearchAction\",\"target\":{\"@type\":\"EntryPoint\",\"urlTemplate\":\"https:\/\/www.lundaspelen.com\/sv\/?s={search_term_string}\"},\"query-input\":{\"@type\":\"PropertyValueSpecification\",\"valueRequired\":true,\"valueName\":\"search_term_string\"}}],\"inLanguage\":\"sv-SE\"},{\"@type\":\"Organization\",\"@id\":\"https:\/\/www.lundaspelen.com\/sv\/#organization\",\"name\":\"Lundaspelen\",\"url\":\"https:\/\/www.lundaspelen.com\/sv\/\",\"logo\":{\"@type\":\"ImageObject\",\"inLanguage\":\"sv-SE\",\"@id\":\"https:\/\/www.lundaspelen.com\/sv\/#\/schema\/logo\/image\/\",\"url\":\"https:\/\/www.lundaspelen.com\/wp-content\/uploads\/2025\/03\/LUN_Logo_C_RGB.png\",\"contentUrl\":\"https:\/\/www.lundaspelen.com\/wp-content\/uploads\/2025\/03\/LUN_Logo_C_RGB.png\",\"width\":600,\"height\":400,\"caption\":\"Lundaspelen\"},\"image\":{\"@id\":\"https:\/\/www.lundaspelen.com\/sv\/#\/schema\/logo\/image\/\"},\"sameAs\":[\"https:\/\/www.facebook.com\/lundaspelen\",\"https:\/\/www.instagram.com\/lundaspelen_hb\/\",\"https:\/\/www.tiktok.com\/@lundaspelen\"]}]}<\/script>\n<!-- \/ Yoast SEO plugin. -->","yoast_head_json":{"title":"Domare i Lundaspelen - Lundaspelen in Handball","robots":{"index":"index","follow":"follow","max-snippet":"max-snippet:-1","max-image-preview":"max-image-preview:large","max-video-preview":"max-video-preview:-1"},"canonical":"https:\/\/www.lundaspelen.com\/sv\/domare-i-lundaspelen\/","og_locale":"sv_SE","og_type":"article","og_title":"Domare i Lundaspelen - Lundaspelen in Handball","og_description":"DOMARE Bli en del av domarteamet vid v\u00e4rldens st\u00f6rsta handbollsturnering inomhus! Registrera dig som domare Logga in p\u00e5 din domarsida Bli en del av n\u00e5got st\u00f6rre &#8211; domare p\u00e5 Lundaspelen! Som domare p\u00e5 Lundaspelen f\u00e5r du m\u00f6jligheten att v\u00e4xa i en internationell milj\u00f6, tr\u00e4ffa kollegor fr\u00e5n hela v\u00e4rlden och spela en nyckelroll i v\u00e4rldens st\u00f6rsta [&hellip;]","og_url":"https:\/\/www.lundaspelen.com\/sv\/domare-i-lundaspelen\/","og_site_name":"Lundaspelen in Handball","article_publisher":"https:\/\/www.facebook.com\/lundaspelen","article_modified_time":"2025-07-04T11:44:53+00:00","og_image":[{"width":1800,"height":1200,"url":"https:\/\/www.lundaspelen.com\/wp-content\/uploads\/2025\/03\/lundaspelen.jpg","type":"image\/jpeg"}],"twitter_card":"summary_large_image","twitter_misc":{"Ber\u00e4knad l\u00e4stid":"1 minut"},"schema":{"@context":"https:\/\/schema.org","@graph":[{"@type":"WebPage","@id":"https:\/\/www.lundaspelen.com\/sv\/domare-i-lundaspelen\/","url":"https:\/\/www.lundaspelen.com\/sv\/domare-i-lundaspelen\/","name":"Domare i Lundaspelen - Lundaspelen in Handball","isPartOf":{"@id":"https:\/\/www.lundaspelen.com\/sv\/#website"},"datePublished":"2025-06-18T08:32:27+00:00","dateModified":"2025-07-04T11:44:53+00:00","breadcrumb":{"@id":"https:\/\/www.lundaspelen.com\/sv\/domare-i-lundaspelen\/#breadcrumb"},"inLanguage":"sv-SE","potentialAction":[{"@type":"ReadAction","target":["https:\/\/www.lundaspelen.com\/sv\/domare-i-lundaspelen\/"]}]},{"@type":"BreadcrumbList","@id":"https:\/\/www.lundaspelen.com\/sv\/domare-i-lundaspelen\/#breadcrumb","itemListElement":[{"@type":"ListItem","position":1,"name":"Home","item":"https:\/\/www.lundaspelen.com\/sv\/lundaspelen-i-handboll\/"},{"@type":"ListItem","position":2,"name":"Domare i Lundaspelen"}]},{"@type":"WebSite","@id":"https:\/\/www.lundaspelen.com\/sv\/#website","url":"https:\/\/www.lundaspelen.com\/sv\/","name":"Lundaspelen","description":"Creating memories for life","publisher":{"@id":"https:\/\/www.lundaspelen.com\/sv\/#organization"},"potentialAction":[{"@type":"SearchAction","target":{"@type":"EntryPoint","urlTemplate":"https:\/\/www.lundaspelen.com\/sv\/?s={search_term_string}"},"query-input":{"@type":"PropertyValueSpecification","valueRequired":true,"valueName":"search_term_string"}}],"inLanguage":"sv-SE"},{"@type":"Organization","@id":"https:\/\/www.lundaspelen.com\/sv\/#organization","name":"Lundaspelen","url":"https:\/\/www.lundaspelen.com\/sv\/","logo":{"@type":"ImageObject","inLanguage":"sv-SE","@id":"https:\/\/www.lundaspelen.com\/sv\/#\/schema\/logo\/image\/","url":"https:\/\/www.lundaspelen.com\/wp-content\/uploads\/2025\/03\/LUN_Logo_C_RGB.png","contentUrl":"https:\/\/www.lundaspelen.com\/wp-content\/uploads\/2025\/03\/LUN_Logo_C_RGB.png","width":600,"height":400,"caption":"Lundaspelen"},"image":{"@id":"https:\/\/www.lundaspelen.com\/sv\/#\/schema\/logo\/image\/"},"sameAs":["https:\/\/www.facebook.com\/lundaspelen","https:\/\/www.instagram.com\/lundaspelen_hb\/","https:\/\/www.tiktok.com\/@lundaspelen"]}]}},"_links":{"self":[{"href":"https:\/\/www.lundaspelen.com\/sv\/wp-json\/wp\/v2\/pages\/27660","targetHints":{"allow":["GET"]}}],"collection":[{"href":"https:\/\/www.lundaspelen.com\/sv\/wp-json\/wp\/v2\/pages"}],"about":[{"href":"https:\/\/www.lundaspelen.com\/sv\/wp-json\/wp\/v2\/types\/page"}],"author":[{"embeddable":true,"href":"https:\/\/www.lundaspelen.com\/sv\/wp-json\/wp\/v2\/users\/2"}],"replies":[{"embeddable":true,"href":"https:\/\/www.lundaspelen.com\/sv\/wp-json\/wp\/v2\/comments?post=27660"}],"version-history":[{"count":5,"href":"https:\/\/www.lundaspelen.com\/sv\/wp-json\/wp\/v2\/pages\/27660\/revisions"}],"predecessor-version":[{"id":28207,"href":"https:\/\/www.lundaspelen.com\/sv\/wp-json\/wp\/v2\/pages\/27660\/revisions\/28207"}],"wp:attachment":[{"href":"https:\/\/www.lundaspelen.com\/sv\/wp-json\/wp\/v2\/media?parent=27660"}],"curies":[{"name":"wp","href":"https:\/\/api.w.org\/{rel}","templated":true}]}}