{"id":27648,"date":"2025-04-22T20:35:31","date_gmt":"2025-04-22T20:35:31","guid":{"rendered":"https:\/\/www.lundaspelen.com\/stiftelsen-lundaspelen\/"},"modified":"2025-06-30T14:39:16","modified_gmt":"2025-06-30T14:39:16","slug":"stiftelsen-lundaspelen","status":"publish","type":"page","link":"https:\/\/www.lundaspelen.com\/sv\/stiftelsen-lundaspelen\/","title":{"rendered":"Stiftelsen Lundaspelen"},"content":{"rendered":"\t\t<div data-elementor-type=\"wp-page\" data-elementor-id=\"27648\" class=\"elementor elementor-27648 elementor-27014\" data-elementor-post-type=\"page\">\n\t\t\t\t<div class=\"elementor-element elementor-element-610acf50 e-flex e-con-boxed e-con e-parent\" data-id=\"610acf50\" data-element_type=\"container\" data-settings=\"{&quot;background_background&quot;:&quot;slideshow&quot;,&quot;background_slideshow_gallery&quot;:[{&quot;id&quot;:26311,&quot;url&quot;:&quot;https:\\\/\\\/staging.lundaspelen.com\\\/wp-content\\\/uploads\\\/2025\\\/03\\\/lundaspelen-1-2-1.jpg&quot;}],&quot;background_slideshow_loop&quot;:&quot;yes&quot;,&quot;background_slideshow_slide_duration&quot;:5000,&quot;background_slideshow_slide_transition&quot;:&quot;fade&quot;,&quot;background_slideshow_transition_duration&quot;:500}\">\n\t\t\t\t\t<div class=\"e-con-inner\">\n\t\t<div class=\"elementor-element elementor-element-214a9baf e-con-full e-flex e-con e-child\" data-id=\"214a9baf\" data-element_type=\"container\">\n\t\t\t\t<div class=\"elementor-element elementor-element-a18d936 elementor-widget elementor-widget-icon-box\" data-id=\"a18d936\" data-element_type=\"widget\" data-widget_type=\"icon-box.default\">\n\t\t\t\t<div class=\"elementor-widget-container\">\n\t\t\t\t\t\t\t<div class=\"elementor-icon-box-wrapper\">\n\n\t\t\t\n\t\t\t\t\t\t<div class=\"elementor-icon-box-content\">\n\n\t\t\t\t\t\t\t\t\t<h1 class=\"elementor-icon-box-title\">\n\t\t\t\t\t\t<span  >\n\t\t\t\t\t\t\tStiftelsen LUNDASPELEN\t\t\t\t\t\t<\/span>\n\t\t\t\t\t<\/h1>\n\t\t\t\t\n\t\t\t\t\t\t\t\t\t<p class=\"elementor-icon-box-description\">\n\t\t\t\t\t\tHandboll f\u00f6r alla\t\t\t\t\t<\/p>\n\t\t\t\t\n\t\t\t<\/div>\n\t\t\t\n\t\t<\/div>\n\t\t\t\t\t\t<\/div>\n\t\t\t\t<\/div>\n\t\t\t\t<\/div>\n\t\t\t\t\t<\/div>\n\t\t\t\t<\/div>\n\t\t<div class=\"elementor-element elementor-element-89322ed e-flex e-con-boxed e-con e-parent\" data-id=\"89322ed\" data-element_type=\"container\">\n\t\t\t\t\t<div class=\"e-con-inner\">\n\t\t\t\t<div class=\"elementor-element elementor-element-3234d52 elementor-widget elementor-widget-text-editor\" data-id=\"3234d52\" data-element_type=\"widget\" data-widget_type=\"text-editor.default\">\n\t\t\t\t<div class=\"elementor-widget-container\">\n\t\t\t\t\t\t\t\t\t<p><strong>Lundaspelen Foundation<\/strong> utvecklas f\u00f6r n\u00e4rvarande med en tydlig och kraftfull vision:<br><em>Inget lag ska beh\u00f6va missa Lundaspelen p\u00e5 grund av ekonomiska sk\u00e4l.<\/em><\/p><p><strong>Steg ett &#8211; Parahandbollslag 2025<\/strong><\/p><p>Vi b\u00f6rjar med att st\u00f6dja <strong>Parahandball-lag<\/strong> och t\u00e4cker deltagande, en natt p\u00e5 hotell och m\u00e5ltider &#8211; kostnadsfritt, s\u00e5 l\u00e5ngt v\u00e5ra resurser till\u00e5ter.<br>V\u00e5rt m\u00e5l \u00e4r att kunna st\u00f6dja <strong>alla Para-lag redan 2025<\/strong>!<\/p><p><strong>Vision 2030  <\/strong><\/p><p>I takt med att stiftelsen v\u00e4xer \u00e4r v\u00e5rt m\u00e5l att kunna erbjuda ekonomiskt st\u00f6d till <strong>alla team med begr\u00e4nsade resurser.<\/strong> Vi vill bygga n\u00e5got l\u00e5ngsiktigt &#8211; en solid grund d\u00e4r alla har m\u00f6jlighet att vara med, oavsett bakgrund.<\/p><p>Har <strong>du fr\u00e5gor eller vill du ans\u00f6ka om st\u00f6d?<\/strong><br>Kontakta oss p\u00e5: <strong>info@lundaspelen.com<\/strong><\/p>\t\t\t\t\t\t\t\t<\/div>\n\t\t\t\t<\/div>\n\t\t\t\t\t<\/div>\n\t\t\t\t<\/div>\n\t\t\t\t<\/div>\n\t\t","protected":false},"excerpt":{"rendered":"<p>Stiftelsen LUNDASPELEN Handboll f\u00f6r alla Lundaspelen Foundation utvecklas f\u00f6r n\u00e4rvarande med en tydlig och kraftfull vision:Inget lag ska beh\u00f6va missa Lundaspelen p\u00e5 grund av ekonomiska sk\u00e4l. Steg ett &#8211; Parahandbollslag 2025 Vi b\u00f6rjar med att st\u00f6dja Parahandball-lag och t\u00e4cker deltagande, en natt p\u00e5 hotell och m\u00e5ltider &#8211; kostnadsfritt, s\u00e5 l\u00e5ngt v\u00e5ra resurser till\u00e5ter.V\u00e5rt m\u00e5l \u00e4r [&hellip;]<\/p>\n","protected":false},"author":2,"featured_media":0,"parent":0,"menu_order":0,"comment_status":"closed","ping_status":"closed","template":"","meta":{"inline_featured_image":false,"site-sidebar-layout":"no-sidebar","site-content-layout":"page-builder","ast-site-content-layout":"full-width-container","site-content-style":"default","site-sidebar-style":"default","ast-global-header-display":"","ast-banner-title-visibility":"","ast-main-header-display":"","ast-hfb-above-header-display":"","ast-hfb-below-header-display":"","ast-hfb-mobile-header-display":"","site-post-title":"disabled","ast-breadcrumbs-content":"","ast-featured-img":"disabled","footer-sml-layout":"","ast-disable-related-posts":"","theme-transparent-header-meta":"","adv-header-id-meta":"","stick-header-meta":"","header-above-stick-meta":"","header-main-stick-meta":"","header-below-stick-meta":"","astra-migrate-meta-layouts":"default","ast-page-background-enabled":"default","ast-page-background-meta":{"desktop":{"background-color":"","background-image":"","background-repeat":"repeat","background-position":"center center","background-size":"auto","background-attachment":"scroll","background-type":"","background-media":"","overlay-type":"","overlay-color":"","overlay-opacity":"","overlay-gradient":""},"tablet":{"background-color":"","background-image":"","background-repeat":"repeat","background-position":"center center","background-size":"auto","background-attachment":"scroll","background-type":"","background-media":"","overlay-type":"","overlay-color":"","overlay-opacity":"","overlay-gradient":""},"mobile":{"background-color":"","background-image":"","background-repeat":"repeat","background-position":"center center","background-size":"auto","background-attachment":"scroll","background-type":"","background-media":"","overlay-type":"","overlay-color":"","overlay-opacity":"","overlay-gradient":""}},"ast-content-background-meta":{"desktop":{"background-color":"var(--ast-global-color-5)","background-image":"","background-repeat":"repeat","background-position":"center center","background-size":"auto","background-attachment":"scroll","background-type":"","background-media":"","overlay-type":"","overlay-color":"","overlay-opacity":"","overlay-gradient":""},"tablet":{"background-color":"var(--ast-global-color-5)","background-image":"","background-repeat":"repeat","background-position":"center center","background-size":"auto","background-attachment":"scroll","background-type":"","background-media":"","overlay-type":"","overlay-color":"","overlay-opacity":"","overlay-gradient":""},"mobile":{"background-color":"var(--ast-global-color-5)","background-image":"","background-repeat":"repeat","background-position":"center center","background-size":"auto","background-attachment":"scroll","background-type":"","background-media":"","overlay-type":"","overlay-color":"","overlay-opacity":"","overlay-gradient":""}},"footnotes":""},"class_list":["post-27648","page","type-page","status-publish","hentry"],"yoast_head":"<!-- This site is optimized with the Yoast SEO plugin v26.5 - https:\/\/yoast.com\/wordpress\/plugins\/seo\/ -->\n<title>Stiftelsen Lundaspelen - Lundaspelen in Handball<\/title>\n<meta name=\"robots\" content=\"index, follow, max-snippet:-1, max-image-preview:large, max-video-preview:-1\" \/>\n<link rel=\"canonical\" href=\"https:\/\/www.lundaspelen.com\/sv\/stiftelsen-lundaspelen\/\" \/>\n<meta property=\"og:locale\" content=\"sv_SE\" \/>\n<meta property=\"og:type\" content=\"article\" \/>\n<meta property=\"og:title\" content=\"Stiftelsen Lundaspelen - Lundaspelen in Handball\" \/>\n<meta property=\"og:description\" content=\"Stiftelsen LUNDASPELEN Handboll f\u00f6r alla Lundaspelen Foundation utvecklas f\u00f6r n\u00e4rvarande med en tydlig och kraftfull vision:Inget lag ska beh\u00f6va missa Lundaspelen p\u00e5 grund av ekonomiska sk\u00e4l. Steg ett &#8211; Parahandbollslag 2025 Vi b\u00f6rjar med att st\u00f6dja Parahandball-lag och t\u00e4cker deltagande, en natt p\u00e5 hotell och m\u00e5ltider &#8211; kostnadsfritt, s\u00e5 l\u00e5ngt v\u00e5ra resurser till\u00e5ter.V\u00e5rt m\u00e5l \u00e4r [&hellip;]\" \/>\n<meta property=\"og:url\" content=\"https:\/\/www.lundaspelen.com\/sv\/stiftelsen-lundaspelen\/\" \/>\n<meta property=\"og:site_name\" content=\"Lundaspelen in Handball\" \/>\n<meta property=\"article:publisher\" content=\"https:\/\/www.facebook.com\/lundaspelen\" \/>\n<meta property=\"article:modified_time\" content=\"2025-06-30T14:39:16+00:00\" \/>\n<meta property=\"og:image\" content=\"https:\/\/www.lundaspelen.com\/wp-content\/uploads\/2025\/03\/lundaspelen.jpg\" \/>\n\t<meta property=\"og:image:width\" content=\"1800\" \/>\n\t<meta property=\"og:image:height\" content=\"1200\" \/>\n\t<meta property=\"og:image:type\" content=\"image\/jpeg\" \/>\n<meta name=\"twitter:card\" content=\"summary_large_image\" \/>\n<meta name=\"twitter:label1\" content=\"Ber\u00e4knad l\u00e4stid\" \/>\n\t<meta name=\"twitter:data1\" content=\"1 minut\" \/>\n<script type=\"application\/ld+json\" class=\"yoast-schema-graph\">{\"@context\":\"https:\/\/schema.org\",\"@graph\":[{\"@type\":\"WebPage\",\"@id\":\"https:\/\/www.lundaspelen.com\/sv\/stiftelsen-lundaspelen\/\",\"url\":\"https:\/\/www.lundaspelen.com\/sv\/stiftelsen-lundaspelen\/\",\"name\":\"Stiftelsen Lundaspelen - Lundaspelen in Handball\",\"isPartOf\":{\"@id\":\"https:\/\/www.lundaspelen.com\/sv\/#website\"},\"datePublished\":\"2025-04-22T20:35:31+00:00\",\"dateModified\":\"2025-06-30T14:39:16+00:00\",\"breadcrumb\":{\"@id\":\"https:\/\/www.lundaspelen.com\/sv\/stiftelsen-lundaspelen\/#breadcrumb\"},\"inLanguage\":\"sv-SE\",\"potentialAction\":[{\"@type\":\"ReadAction\",\"target\":[\"https:\/\/www.lundaspelen.com\/sv\/stiftelsen-lundaspelen\/\"]}]},{\"@type\":\"BreadcrumbList\",\"@id\":\"https:\/\/www.lundaspelen.com\/sv\/stiftelsen-lundaspelen\/#breadcrumb\",\"itemListElement\":[{\"@type\":\"ListItem\",\"position\":1,\"name\":\"Home\",\"item\":\"https:\/\/www.lundaspelen.com\/sv\/lundaspelen-i-handboll\/\"},{\"@type\":\"ListItem\",\"position\":2,\"name\":\"Stiftelsen Lundaspelen\"}]},{\"@type\":\"WebSite\",\"@id\":\"https:\/\/www.lundaspelen.com\/sv\/#website\",\"url\":\"https:\/\/www.lundaspelen.com\/sv\/\",\"name\":\"Lundaspelen\",\"description\":\"Creating memories for life\",\"publisher\":{\"@id\":\"https:\/\/www.lundaspelen.com\/sv\/#organization\"},\"potentialAction\":[{\"@type\":\"SearchAction\",\"target\":{\"@type\":\"EntryPoint\",\"urlTemplate\":\"https:\/\/www.lundaspelen.com\/sv\/?s={search_term_string}\"},\"query-input\":{\"@type\":\"PropertyValueSpecification\",\"valueRequired\":true,\"valueName\":\"search_term_string\"}}],\"inLanguage\":\"sv-SE\"},{\"@type\":\"Organization\",\"@id\":\"https:\/\/www.lundaspelen.com\/sv\/#organization\",\"name\":\"Lundaspelen\",\"url\":\"https:\/\/www.lundaspelen.com\/sv\/\",\"logo\":{\"@type\":\"ImageObject\",\"inLanguage\":\"sv-SE\",\"@id\":\"https:\/\/www.lundaspelen.com\/sv\/#\/schema\/logo\/image\/\",\"url\":\"https:\/\/www.lundaspelen.com\/wp-content\/uploads\/2025\/03\/LUN_Logo_C_RGB.png\",\"contentUrl\":\"https:\/\/www.lundaspelen.com\/wp-content\/uploads\/2025\/03\/LUN_Logo_C_RGB.png\",\"width\":600,\"height\":400,\"caption\":\"Lundaspelen\"},\"image\":{\"@id\":\"https:\/\/www.lundaspelen.com\/sv\/#\/schema\/logo\/image\/\"},\"sameAs\":[\"https:\/\/www.facebook.com\/lundaspelen\",\"https:\/\/www.instagram.com\/lundaspelen_hb\/\",\"https:\/\/www.tiktok.com\/@lundaspelen\"]}]}<\/script>\n<!-- \/ Yoast SEO plugin. -->","yoast_head_json":{"title":"Stiftelsen Lundaspelen - Lundaspelen in Handball","robots":{"index":"index","follow":"follow","max-snippet":"max-snippet:-1","max-image-preview":"max-image-preview:large","max-video-preview":"max-video-preview:-1"},"canonical":"https:\/\/www.lundaspelen.com\/sv\/stiftelsen-lundaspelen\/","og_locale":"sv_SE","og_type":"article","og_title":"Stiftelsen Lundaspelen - Lundaspelen in Handball","og_description":"Stiftelsen LUNDASPELEN Handboll f\u00f6r alla Lundaspelen Foundation utvecklas f\u00f6r n\u00e4rvarande med en tydlig och kraftfull vision:Inget lag ska beh\u00f6va missa Lundaspelen p\u00e5 grund av ekonomiska sk\u00e4l. Steg ett &#8211; Parahandbollslag 2025 Vi b\u00f6rjar med att st\u00f6dja Parahandball-lag och t\u00e4cker deltagande, en natt p\u00e5 hotell och m\u00e5ltider &#8211; kostnadsfritt, s\u00e5 l\u00e5ngt v\u00e5ra resurser till\u00e5ter.V\u00e5rt m\u00e5l \u00e4r [&hellip;]","og_url":"https:\/\/www.lundaspelen.com\/sv\/stiftelsen-lundaspelen\/","og_site_name":"Lundaspelen in Handball","article_publisher":"https:\/\/www.facebook.com\/lundaspelen","article_modified_time":"2025-06-30T14:39:16+00:00","og_image":[{"width":1800,"height":1200,"url":"https:\/\/www.lundaspelen.com\/wp-content\/uploads\/2025\/03\/lundaspelen.jpg","type":"image\/jpeg"}],"twitter_card":"summary_large_image","twitter_misc":{"Ber\u00e4knad l\u00e4stid":"1 minut"},"schema":{"@context":"https:\/\/schema.org","@graph":[{"@type":"WebPage","@id":"https:\/\/www.lundaspelen.com\/sv\/stiftelsen-lundaspelen\/","url":"https:\/\/www.lundaspelen.com\/sv\/stiftelsen-lundaspelen\/","name":"Stiftelsen Lundaspelen - Lundaspelen in Handball","isPartOf":{"@id":"https:\/\/www.lundaspelen.com\/sv\/#website"},"datePublished":"2025-04-22T20:35:31+00:00","dateModified":"2025-06-30T14:39:16+00:00","breadcrumb":{"@id":"https:\/\/www.lundaspelen.com\/sv\/stiftelsen-lundaspelen\/#breadcrumb"},"inLanguage":"sv-SE","potentialAction":[{"@type":"ReadAction","target":["https:\/\/www.lundaspelen.com\/sv\/stiftelsen-lundaspelen\/"]}]},{"@type":"BreadcrumbList","@id":"https:\/\/www.lundaspelen.com\/sv\/stiftelsen-lundaspelen\/#breadcrumb","itemListElement":[{"@type":"ListItem","position":1,"name":"Home","item":"https:\/\/www.lundaspelen.com\/sv\/lundaspelen-i-handboll\/"},{"@type":"ListItem","position":2,"name":"Stiftelsen Lundaspelen"}]},{"@type":"WebSite","@id":"https:\/\/www.lundaspelen.com\/sv\/#website","url":"https:\/\/www.lundaspelen.com\/sv\/","name":"Lundaspelen","description":"Creating memories for life","publisher":{"@id":"https:\/\/www.lundaspelen.com\/sv\/#organization"},"potentialAction":[{"@type":"SearchAction","target":{"@type":"EntryPoint","urlTemplate":"https:\/\/www.lundaspelen.com\/sv\/?s={search_term_string}"},"query-input":{"@type":"PropertyValueSpecification","valueRequired":true,"valueName":"search_term_string"}}],"inLanguage":"sv-SE"},{"@type":"Organization","@id":"https:\/\/www.lundaspelen.com\/sv\/#organization","name":"Lundaspelen","url":"https:\/\/www.lundaspelen.com\/sv\/","logo":{"@type":"ImageObject","inLanguage":"sv-SE","@id":"https:\/\/www.lundaspelen.com\/sv\/#\/schema\/logo\/image\/","url":"https:\/\/www.lundaspelen.com\/wp-content\/uploads\/2025\/03\/LUN_Logo_C_RGB.png","contentUrl":"https:\/\/www.lundaspelen.com\/wp-content\/uploads\/2025\/03\/LUN_Logo_C_RGB.png","width":600,"height":400,"caption":"Lundaspelen"},"image":{"@id":"https:\/\/www.lundaspelen.com\/sv\/#\/schema\/logo\/image\/"},"sameAs":["https:\/\/www.facebook.com\/lundaspelen","https:\/\/www.instagram.com\/lundaspelen_hb\/","https:\/\/www.tiktok.com\/@lundaspelen"]}]}},"_links":{"self":[{"href":"https:\/\/www.lundaspelen.com\/sv\/wp-json\/wp\/v2\/pages\/27648","targetHints":{"allow":["GET"]}}],"collection":[{"href":"https:\/\/www.lundaspelen.com\/sv\/wp-json\/wp\/v2\/pages"}],"about":[{"href":"https:\/\/www.lundaspelen.com\/sv\/wp-json\/wp\/v2\/types\/page"}],"author":[{"embeddable":true,"href":"https:\/\/www.lundaspelen.com\/sv\/wp-json\/wp\/v2\/users\/2"}],"replies":[{"embeddable":true,"href":"https:\/\/www.lundaspelen.com\/sv\/wp-json\/wp\/v2\/comments?post=27648"}],"version-history":[{"count":2,"href":"https:\/\/www.lundaspelen.com\/sv\/wp-json\/wp\/v2\/pages\/27648\/revisions"}],"predecessor-version":[{"id":27652,"href":"https:\/\/www.lundaspelen.com\/sv\/wp-json\/wp\/v2\/pages\/27648\/revisions\/27652"}],"wp:attachment":[{"href":"https:\/\/www.lundaspelen.com\/sv\/wp-json\/wp\/v2\/media?parent=27648"}],"curies":[{"name":"wp","href":"https:\/\/api.w.org\/{rel}","templated":true}]}}