{"id":27630,"date":"2025-04-22T19:52:09","date_gmt":"2025-04-22T19:52:09","guid":{"rendered":"https:\/\/www.lundaspelen.com\/transport\/"},"modified":"2025-12-28T17:31:54","modified_gmt":"2025-12-28T17:31:54","slug":"transport","status":"publish","type":"page","link":"https:\/\/www.lundaspelen.com\/sv\/transport\/","title":{"rendered":"Transport"},"content":{"rendered":"\t\t<div data-elementor-type=\"wp-page\" data-elementor-id=\"27630\" class=\"elementor elementor-27630\" data-elementor-post-type=\"page\">\n\t\t\t\t<div class=\"elementor-element elementor-element-26b85d46 e-flex e-con-boxed e-con e-parent\" data-id=\"26b85d46\" data-element_type=\"container\" data-settings=\"{&quot;background_background&quot;:&quot;slideshow&quot;,&quot;background_slideshow_gallery&quot;:[{&quot;id&quot;:27445,&quot;url&quot;:&quot;https:\\\/\\\/www.lundaspelen.com\\\/wp-content\\\/uploads\\\/2025\\\/03\\\/lundaspelen-1-2-1.jpg&quot;}],&quot;background_slideshow_loop&quot;:&quot;yes&quot;,&quot;background_slideshow_slide_duration&quot;:5000,&quot;background_slideshow_slide_transition&quot;:&quot;fade&quot;,&quot;background_slideshow_transition_duration&quot;:500}\">\n\t\t\t\t\t<div class=\"e-con-inner\">\n\t\t<div class=\"elementor-element elementor-element-37680008 e-con-full e-flex e-con e-child\" data-id=\"37680008\" data-element_type=\"container\">\n\t\t\t\t<div class=\"elementor-element elementor-element-70ba64f1 elementor-widget elementor-widget-heading\" data-id=\"70ba64f1\" data-element_type=\"widget\" data-widget_type=\"heading.default\">\n\t\t\t\t<div class=\"elementor-widget-container\">\n\t\t\t\t\t<h1 class=\"elementor-heading-title elementor-size-default\">Transport<\/h1>\t\t\t\t<\/div>\n\t\t\t\t<\/div>\n\t\t\t\t<\/div>\n\t\t\t\t\t<\/div>\n\t\t\t\t<\/div>\n\t\t<div class=\"elementor-element elementor-element-e7a8c1b e-flex e-con-boxed e-con e-parent\" data-id=\"e7a8c1b\" data-element_type=\"container\">\n\t\t\t\t\t<div class=\"e-con-inner\">\n\t\t\t\t<div class=\"elementor-element elementor-element-2d1969b elementor-widget elementor-widget-text-editor\" data-id=\"2d1969b\" data-element_type=\"widget\" data-widget_type=\"text-editor.default\">\n\t\t\t\t<div class=\"elementor-widget-container\">\n\t\t\t\t\t\t\t\t\t<h3>Resa under Lundaspelen<\/h3><p>Alla deltagare med ett fysiskt resekort reser gratis med Sk\u00e5netrafiken mellan skolor, arenor och matsalar. Du f\u00e5r kortet om du har bokat boende genom Lundaspelen eller k\u00f6pt Add On (m\u00e5ltider och transport) separat. Det fysiska kortet f\u00f6r transport delas ut vid incheckning och m\u00e5ste tas med och skannas vid varje resa.<\/p><h3>Ankomst till Lund (26 december)<\/h3><p>Om du anl\u00e4nder fr\u00e5n utlandet via K\u00f6penhamns flygplats (Kastrup) eller K\u00f6penhamns centralstation rekommenderar vi att du k\u00f6per din biljett till Lunds centralstation i f\u00f6rv\u00e4g med Sk\u00e5netrafikens app. Den biljetten g\u00e4ller \u00e4ven f\u00f6r lokala resor inom Lund till ditt boende.<\/p><p><strong><span style=\"font-style: inherit;\">Planera din resa i f\u00f6rv\u00e4g med hj\u00e4lp av:<\/span><\/strong><\/p><ul><li>www.skanetrafiken.se\/sok-resa<\/li><li>Sk\u00e5netrafikens app<\/li><li>Google Maps (f\u00f6r att hitta h\u00e5llplatser i n\u00e4rheten)<\/li><\/ul>\t\t\t\t\t\t\t\t<\/div>\n\t\t\t\t<\/div>\n\t\t\t\t\t<\/div>\n\t\t\t\t<\/div>\n\t\t\t\t<\/div>\n\t\t","protected":false},"excerpt":{"rendered":"<p>Transport Resa under Lundaspelen Alla deltagare med ett fysiskt resekort reser gratis med Sk\u00e5netrafiken mellan skolor, arenor och matsalar. Du f\u00e5r kortet om du har bokat boende genom Lundaspelen eller k\u00f6pt Add On (m\u00e5ltider och transport) separat. Det fysiska kortet f\u00f6r transport delas ut vid incheckning och m\u00e5ste tas med och skannas vid varje resa. [&hellip;]<\/p>\n","protected":false},"author":2,"featured_media":0,"parent":0,"menu_order":0,"comment_status":"closed","ping_status":"closed","template":"","meta":{"inline_featured_image":false,"site-sidebar-layout":"no-sidebar","site-content-layout":"page-builder","ast-site-content-layout":"full-width-container","site-content-style":"default","site-sidebar-style":"default","ast-global-header-display":"","ast-banner-title-visibility":"","ast-main-header-display":"","ast-hfb-above-header-display":"","ast-hfb-below-header-display":"","ast-hfb-mobile-header-display":"","site-post-title":"disabled","ast-breadcrumbs-content":"","ast-featured-img":"disabled","footer-sml-layout":"","ast-disable-related-posts":"","theme-transparent-header-meta":"","adv-header-id-meta":"","stick-header-meta":"","header-above-stick-meta":"","header-main-stick-meta":"","header-below-stick-meta":"","astra-migrate-meta-layouts":"default","ast-page-background-enabled":"default","ast-page-background-meta":{"desktop":{"background-color":"","background-image":"","background-repeat":"repeat","background-position":"center center","background-size":"auto","background-attachment":"scroll","background-type":"","background-media":"","overlay-type":"","overlay-color":"","overlay-opacity":"","overlay-gradient":""},"tablet":{"background-color":"","background-image":"","background-repeat":"repeat","background-position":"center center","background-size":"auto","background-attachment":"scroll","background-type":"","background-media":"","overlay-type":"","overlay-color":"","overlay-opacity":"","overlay-gradient":""},"mobile":{"background-color":"","background-image":"","background-repeat":"repeat","background-position":"center center","background-size":"auto","background-attachment":"scroll","background-type":"","background-media":"","overlay-type":"","overlay-color":"","overlay-opacity":"","overlay-gradient":""}},"ast-content-background-meta":{"desktop":{"background-color":"var(--ast-global-color-5)","background-image":"","background-repeat":"repeat","background-position":"center center","background-size":"auto","background-attachment":"scroll","background-type":"","background-media":"","overlay-type":"","overlay-color":"","overlay-opacity":"","overlay-gradient":""},"tablet":{"background-color":"var(--ast-global-color-5)","background-image":"","background-repeat":"repeat","background-position":"center center","background-size":"auto","background-attachment":"scroll","background-type":"","background-media":"","overlay-type":"","overlay-color":"","overlay-opacity":"","overlay-gradient":""},"mobile":{"background-color":"var(--ast-global-color-5)","background-image":"","background-repeat":"repeat","background-position":"center center","background-size":"auto","background-attachment":"scroll","background-type":"","background-media":"","overlay-type":"","overlay-color":"","overlay-opacity":"","overlay-gradient":""}},"footnotes":""},"class_list":["post-27630","page","type-page","status-publish","hentry"],"yoast_head":"<!-- This site is optimized with the Yoast SEO plugin v26.5 - https:\/\/yoast.com\/wordpress\/plugins\/seo\/ -->\n<title>Transport - Lundaspelen in Handball<\/title>\n<meta name=\"robots\" content=\"index, follow, max-snippet:-1, max-image-preview:large, max-video-preview:-1\" \/>\n<link rel=\"canonical\" href=\"https:\/\/www.lundaspelen.com\/sv\/transport\/\" \/>\n<meta property=\"og:locale\" content=\"sv_SE\" \/>\n<meta property=\"og:type\" content=\"article\" \/>\n<meta property=\"og:title\" content=\"Transport - Lundaspelen in Handball\" \/>\n<meta property=\"og:description\" content=\"Transport Resa under Lundaspelen Alla deltagare med ett fysiskt resekort reser gratis med Sk\u00e5netrafiken mellan skolor, arenor och matsalar. Du f\u00e5r kortet om du har bokat boende genom Lundaspelen eller k\u00f6pt Add On (m\u00e5ltider och transport) separat. Det fysiska kortet f\u00f6r transport delas ut vid incheckning och m\u00e5ste tas med och skannas vid varje resa. [&hellip;]\" \/>\n<meta property=\"og:url\" content=\"https:\/\/www.lundaspelen.com\/sv\/transport\/\" \/>\n<meta property=\"og:site_name\" content=\"Lundaspelen in Handball\" \/>\n<meta property=\"article:publisher\" content=\"https:\/\/www.facebook.com\/lundaspelen\" \/>\n<meta property=\"article:modified_time\" content=\"2025-12-28T17:31:54+00:00\" \/>\n<meta property=\"og:image\" content=\"https:\/\/www.lundaspelen.com\/wp-content\/uploads\/2025\/03\/lundaspelen.jpg\" \/>\n\t<meta property=\"og:image:width\" content=\"1800\" \/>\n\t<meta property=\"og:image:height\" content=\"1200\" \/>\n\t<meta property=\"og:image:type\" content=\"image\/jpeg\" \/>\n<meta name=\"twitter:card\" content=\"summary_large_image\" \/>\n<meta name=\"twitter:label1\" content=\"Ber\u00e4knad l\u00e4stid\" \/>\n\t<meta name=\"twitter:data1\" content=\"1 minut\" \/>\n<script type=\"application\/ld+json\" class=\"yoast-schema-graph\">{\"@context\":\"https:\/\/schema.org\",\"@graph\":[{\"@type\":\"WebPage\",\"@id\":\"https:\/\/www.lundaspelen.com\/sv\/transport\/\",\"url\":\"https:\/\/www.lundaspelen.com\/sv\/transport\/\",\"name\":\"Transport - Lundaspelen in Handball\",\"isPartOf\":{\"@id\":\"https:\/\/www.lundaspelen.com\/sv\/#website\"},\"datePublished\":\"2025-04-22T19:52:09+00:00\",\"dateModified\":\"2025-12-28T17:31:54+00:00\",\"breadcrumb\":{\"@id\":\"https:\/\/www.lundaspelen.com\/sv\/transport\/#breadcrumb\"},\"inLanguage\":\"sv-SE\",\"potentialAction\":[{\"@type\":\"ReadAction\",\"target\":[\"https:\/\/www.lundaspelen.com\/sv\/transport\/\"]}]},{\"@type\":\"BreadcrumbList\",\"@id\":\"https:\/\/www.lundaspelen.com\/sv\/transport\/#breadcrumb\",\"itemListElement\":[{\"@type\":\"ListItem\",\"position\":1,\"name\":\"Home\",\"item\":\"https:\/\/www.lundaspelen.com\/sv\/lundaspelen-i-handboll\/\"},{\"@type\":\"ListItem\",\"position\":2,\"name\":\"Transport\"}]},{\"@type\":\"WebSite\",\"@id\":\"https:\/\/www.lundaspelen.com\/sv\/#website\",\"url\":\"https:\/\/www.lundaspelen.com\/sv\/\",\"name\":\"Lundaspelen\",\"description\":\"Creating memories for life\",\"publisher\":{\"@id\":\"https:\/\/www.lundaspelen.com\/sv\/#organization\"},\"potentialAction\":[{\"@type\":\"SearchAction\",\"target\":{\"@type\":\"EntryPoint\",\"urlTemplate\":\"https:\/\/www.lundaspelen.com\/sv\/?s={search_term_string}\"},\"query-input\":{\"@type\":\"PropertyValueSpecification\",\"valueRequired\":true,\"valueName\":\"search_term_string\"}}],\"inLanguage\":\"sv-SE\"},{\"@type\":\"Organization\",\"@id\":\"https:\/\/www.lundaspelen.com\/sv\/#organization\",\"name\":\"Lundaspelen\",\"url\":\"https:\/\/www.lundaspelen.com\/sv\/\",\"logo\":{\"@type\":\"ImageObject\",\"inLanguage\":\"sv-SE\",\"@id\":\"https:\/\/www.lundaspelen.com\/sv\/#\/schema\/logo\/image\/\",\"url\":\"https:\/\/www.lundaspelen.com\/wp-content\/uploads\/2025\/03\/LUN_Logo_C_RGB.png\",\"contentUrl\":\"https:\/\/www.lundaspelen.com\/wp-content\/uploads\/2025\/03\/LUN_Logo_C_RGB.png\",\"width\":600,\"height\":400,\"caption\":\"Lundaspelen\"},\"image\":{\"@id\":\"https:\/\/www.lundaspelen.com\/sv\/#\/schema\/logo\/image\/\"},\"sameAs\":[\"https:\/\/www.facebook.com\/lundaspelen\",\"https:\/\/www.instagram.com\/lundaspelen_hb\/\",\"https:\/\/www.tiktok.com\/@lundaspelen\"]}]}<\/script>\n<!-- \/ Yoast SEO plugin. -->","yoast_head_json":{"title":"Transport - Lundaspelen in Handball","robots":{"index":"index","follow":"follow","max-snippet":"max-snippet:-1","max-image-preview":"max-image-preview:large","max-video-preview":"max-video-preview:-1"},"canonical":"https:\/\/www.lundaspelen.com\/sv\/transport\/","og_locale":"sv_SE","og_type":"article","og_title":"Transport - Lundaspelen in Handball","og_description":"Transport Resa under Lundaspelen Alla deltagare med ett fysiskt resekort reser gratis med Sk\u00e5netrafiken mellan skolor, arenor och matsalar. Du f\u00e5r kortet om du har bokat boende genom Lundaspelen eller k\u00f6pt Add On (m\u00e5ltider och transport) separat. Det fysiska kortet f\u00f6r transport delas ut vid incheckning och m\u00e5ste tas med och skannas vid varje resa. [&hellip;]","og_url":"https:\/\/www.lundaspelen.com\/sv\/transport\/","og_site_name":"Lundaspelen in Handball","article_publisher":"https:\/\/www.facebook.com\/lundaspelen","article_modified_time":"2025-12-28T17:31:54+00:00","og_image":[{"width":1800,"height":1200,"url":"https:\/\/www.lundaspelen.com\/wp-content\/uploads\/2025\/03\/lundaspelen.jpg","type":"image\/jpeg"}],"twitter_card":"summary_large_image","twitter_misc":{"Ber\u00e4knad l\u00e4stid":"1 minut"},"schema":{"@context":"https:\/\/schema.org","@graph":[{"@type":"WebPage","@id":"https:\/\/www.lundaspelen.com\/sv\/transport\/","url":"https:\/\/www.lundaspelen.com\/sv\/transport\/","name":"Transport - Lundaspelen in Handball","isPartOf":{"@id":"https:\/\/www.lundaspelen.com\/sv\/#website"},"datePublished":"2025-04-22T19:52:09+00:00","dateModified":"2025-12-28T17:31:54+00:00","breadcrumb":{"@id":"https:\/\/www.lundaspelen.com\/sv\/transport\/#breadcrumb"},"inLanguage":"sv-SE","potentialAction":[{"@type":"ReadAction","target":["https:\/\/www.lundaspelen.com\/sv\/transport\/"]}]},{"@type":"BreadcrumbList","@id":"https:\/\/www.lundaspelen.com\/sv\/transport\/#breadcrumb","itemListElement":[{"@type":"ListItem","position":1,"name":"Home","item":"https:\/\/www.lundaspelen.com\/sv\/lundaspelen-i-handboll\/"},{"@type":"ListItem","position":2,"name":"Transport"}]},{"@type":"WebSite","@id":"https:\/\/www.lundaspelen.com\/sv\/#website","url":"https:\/\/www.lundaspelen.com\/sv\/","name":"Lundaspelen","description":"Creating memories for life","publisher":{"@id":"https:\/\/www.lundaspelen.com\/sv\/#organization"},"potentialAction":[{"@type":"SearchAction","target":{"@type":"EntryPoint","urlTemplate":"https:\/\/www.lundaspelen.com\/sv\/?s={search_term_string}"},"query-input":{"@type":"PropertyValueSpecification","valueRequired":true,"valueName":"search_term_string"}}],"inLanguage":"sv-SE"},{"@type":"Organization","@id":"https:\/\/www.lundaspelen.com\/sv\/#organization","name":"Lundaspelen","url":"https:\/\/www.lundaspelen.com\/sv\/","logo":{"@type":"ImageObject","inLanguage":"sv-SE","@id":"https:\/\/www.lundaspelen.com\/sv\/#\/schema\/logo\/image\/","url":"https:\/\/www.lundaspelen.com\/wp-content\/uploads\/2025\/03\/LUN_Logo_C_RGB.png","contentUrl":"https:\/\/www.lundaspelen.com\/wp-content\/uploads\/2025\/03\/LUN_Logo_C_RGB.png","width":600,"height":400,"caption":"Lundaspelen"},"image":{"@id":"https:\/\/www.lundaspelen.com\/sv\/#\/schema\/logo\/image\/"},"sameAs":["https:\/\/www.facebook.com\/lundaspelen","https:\/\/www.instagram.com\/lundaspelen_hb\/","https:\/\/www.tiktok.com\/@lundaspelen"]}]}},"_links":{"self":[{"href":"https:\/\/www.lundaspelen.com\/sv\/wp-json\/wp\/v2\/pages\/27630","targetHints":{"allow":["GET"]}}],"collection":[{"href":"https:\/\/www.lundaspelen.com\/sv\/wp-json\/wp\/v2\/pages"}],"about":[{"href":"https:\/\/www.lundaspelen.com\/sv\/wp-json\/wp\/v2\/types\/page"}],"author":[{"embeddable":true,"href":"https:\/\/www.lundaspelen.com\/sv\/wp-json\/wp\/v2\/users\/2"}],"replies":[{"embeddable":true,"href":"https:\/\/www.lundaspelen.com\/sv\/wp-json\/wp\/v2\/comments?post=27630"}],"version-history":[{"count":4,"href":"https:\/\/www.lundaspelen.com\/sv\/wp-json\/wp\/v2\/pages\/27630\/revisions"}],"predecessor-version":[{"id":27776,"href":"https:\/\/www.lundaspelen.com\/sv\/wp-json\/wp\/v2\/pages\/27630\/revisions\/27776"}],"wp:attachment":[{"href":"https:\/\/www.lundaspelen.com\/sv\/wp-json\/wp\/v2\/media?parent=27630"}],"curies":[{"name":"wp","href":"https:\/\/api.w.org\/{rel}","templated":true}]}}