{"id":27619,"date":"2025-04-22T19:51:35","date_gmt":"2025-04-22T19:51:35","guid":{"rendered":"https:\/\/www.lundaspelen.com\/lundaspelen-elitgrupper\/"},"modified":"2025-06-30T15:55:36","modified_gmt":"2025-06-30T15:55:36","slug":"lundaspelen-elitgrupper","status":"publish","type":"page","link":"https:\/\/www.lundaspelen.com\/sv\/lundaspelen-elitgrupper\/","title":{"rendered":"Lundaspelen Elit"},"content":{"rendered":"\t\t<div data-elementor-type=\"wp-page\" data-elementor-id=\"27619\" class=\"elementor elementor-27619 elementor-26802\" data-elementor-post-type=\"page\">\n\t\t\t\t<div class=\"elementor-element elementor-element-34f15c1b e-flex e-con-boxed e-con e-parent\" data-id=\"34f15c1b\" data-element_type=\"container\" data-settings=\"{&quot;background_background&quot;:&quot;slideshow&quot;,&quot;background_slideshow_gallery&quot;:[{&quot;id&quot;:26311,&quot;url&quot;:&quot;https:\\\/\\\/staging.lundaspelen.com\\\/wp-content\\\/uploads\\\/2025\\\/03\\\/lundaspelen-1-2-1.jpg&quot;}],&quot;background_slideshow_loop&quot;:&quot;yes&quot;,&quot;background_slideshow_slide_duration&quot;:5000,&quot;background_slideshow_slide_transition&quot;:&quot;fade&quot;,&quot;background_slideshow_transition_duration&quot;:500}\">\n\t\t\t\t\t<div class=\"e-con-inner\">\n\t\t<div class=\"elementor-element elementor-element-42a1f2c9 e-con-full e-flex e-con e-child\" data-id=\"42a1f2c9\" data-element_type=\"container\">\n\t\t\t\t<div class=\"elementor-element elementor-element-0429b8b elementor-widget elementor-widget-icon-box\" data-id=\"0429b8b\" data-element_type=\"widget\" data-widget_type=\"icon-box.default\">\n\t\t\t\t<div class=\"elementor-widget-container\">\n\t\t\t\t\t\t\t<div class=\"elementor-icon-box-wrapper\">\n\n\t\t\t\n\t\t\t\t\t\t<div class=\"elementor-icon-box-content\">\n\n\t\t\t\t\t\t\t\t\t<h1 class=\"elementor-icon-box-title\">\n\t\t\t\t\t\t<span  >\n\t\t\t\t\t\t\tLUNDASPELEN Elit  \t\t\t\t\t\t<\/span>\n\t\t\t\t\t<\/h1>\n\t\t\t\t\n\t\t\t\t\t\t\t\t\t<p class=\"elementor-icon-box-description\">\n\t\t\t\t\t\tF\u00f6r de allra b\u00e4sta!\t\t\t\t\t<\/p>\n\t\t\t\t\n\t\t\t<\/div>\n\t\t\t\n\t\t<\/div>\n\t\t\t\t\t\t<\/div>\n\t\t\t\t<\/div>\n\t\t\t\t<\/div>\n\t\t\t\t\t<\/div>\n\t\t\t\t<\/div>\n\t\t<div class=\"elementor-element elementor-element-ff1a0bc e-flex e-con-boxed e-con e-parent\" data-id=\"ff1a0bc\" data-element_type=\"container\">\n\t\t\t\t\t<div class=\"e-con-inner\">\n\t\t\t\t<div class=\"elementor-element elementor-element-206fba1 elementor-widget elementor-widget-text-editor\" data-id=\"206fba1\" data-element_type=\"widget\" data-widget_type=\"text-editor.default\">\n\t\t\t\t<div class=\"elementor-widget-container\">\n\t\t\t\t\t\t\t\t\t<p>De b\u00e4sta lagen i <strong>G\/B16 och G\/B19<\/strong> kan bjudas in att spela i v\u00e5ra <strong>Elitgrupper.<\/strong> Upp till 12 topplag per klass t\u00e4vlar i centrala arenor under ledning av mycket erfarna domare.<\/p><p>Alla Elite-lag kvalificerar sig till A-slutspelet och \u00e4r toppseedade.<\/p><p>Du kan inte anm\u00e4la dig direkt, men om du tror att ditt lag \u00e4r bland de b\u00e4sta i din region &#8211; skicka en kort sammanfattning av era meriter till <strong>finn@lundaspelen.com<\/strong> s\u00e5 h\u00f6r vi av oss.<\/p>\t\t\t\t\t\t\t\t<\/div>\n\t\t\t\t<\/div>\n\t\t\t\t\t<\/div>\n\t\t\t\t<\/div>\n\t\t\t\t<\/div>\n\t\t","protected":false},"excerpt":{"rendered":"<p>LUNDASPELEN Elit F\u00f6r de allra b\u00e4sta! De b\u00e4sta lagen i G\/B16 och G\/B19 kan bjudas in att spela i v\u00e5ra Elitgrupper. Upp till 12 topplag per klass t\u00e4vlar i centrala arenor under ledning av mycket erfarna domare. Alla Elite-lag kvalificerar sig till A-slutspelet och \u00e4r toppseedade. Du kan inte anm\u00e4la dig direkt, men om du [&hellip;]<\/p>\n","protected":false},"author":2,"featured_media":0,"parent":0,"menu_order":0,"comment_status":"closed","ping_status":"closed","template":"","meta":{"inline_featured_image":false,"site-sidebar-layout":"no-sidebar","site-content-layout":"page-builder","ast-site-content-layout":"full-width-container","site-content-style":"default","site-sidebar-style":"default","ast-global-header-display":"","ast-banner-title-visibility":"","ast-main-header-display":"","ast-hfb-above-header-display":"","ast-hfb-below-header-display":"","ast-hfb-mobile-header-display":"","site-post-title":"disabled","ast-breadcrumbs-content":"","ast-featured-img":"disabled","footer-sml-layout":"","ast-disable-related-posts":"","theme-transparent-header-meta":"","adv-header-id-meta":"","stick-header-meta":"","header-above-stick-meta":"","header-main-stick-meta":"","header-below-stick-meta":"","astra-migrate-meta-layouts":"default","ast-page-background-enabled":"default","ast-page-background-meta":{"desktop":{"background-color":"","background-image":"","background-repeat":"repeat","background-position":"center center","background-size":"auto","background-attachment":"scroll","background-type":"","background-media":"","overlay-type":"","overlay-color":"","overlay-opacity":"","overlay-gradient":""},"tablet":{"background-color":"","background-image":"","background-repeat":"repeat","background-position":"center center","background-size":"auto","background-attachment":"scroll","background-type":"","background-media":"","overlay-type":"","overlay-color":"","overlay-opacity":"","overlay-gradient":""},"mobile":{"background-color":"","background-image":"","background-repeat":"repeat","background-position":"center center","background-size":"auto","background-attachment":"scroll","background-type":"","background-media":"","overlay-type":"","overlay-color":"","overlay-opacity":"","overlay-gradient":""}},"ast-content-background-meta":{"desktop":{"background-color":"var(--ast-global-color-5)","background-image":"","background-repeat":"repeat","background-position":"center center","background-size":"auto","background-attachment":"scroll","background-type":"","background-media":"","overlay-type":"","overlay-color":"","overlay-opacity":"","overlay-gradient":""},"tablet":{"background-color":"var(--ast-global-color-5)","background-image":"","background-repeat":"repeat","background-position":"center center","background-size":"auto","background-attachment":"scroll","background-type":"","background-media":"","overlay-type":"","overlay-color":"","overlay-opacity":"","overlay-gradient":""},"mobile":{"background-color":"var(--ast-global-color-5)","background-image":"","background-repeat":"repeat","background-position":"center center","background-size":"auto","background-attachment":"scroll","background-type":"","background-media":"","overlay-type":"","overlay-color":"","overlay-opacity":"","overlay-gradient":""}},"footnotes":""},"class_list":["post-27619","page","type-page","status-publish","hentry"],"yoast_head":"<!-- This site is optimized with the Yoast SEO plugin v26.5 - https:\/\/yoast.com\/wordpress\/plugins\/seo\/ -->\n<title>Lundaspelen Elit - Lundaspelen in Handball<\/title>\n<meta name=\"robots\" content=\"index, follow, max-snippet:-1, max-image-preview:large, max-video-preview:-1\" \/>\n<link rel=\"canonical\" href=\"https:\/\/www.lundaspelen.com\/sv\/lundaspelen-elitgrupper\/\" \/>\n<meta property=\"og:locale\" content=\"sv_SE\" \/>\n<meta property=\"og:type\" content=\"article\" \/>\n<meta property=\"og:title\" content=\"Lundaspelen Elit - Lundaspelen in Handball\" \/>\n<meta property=\"og:description\" content=\"LUNDASPELEN Elit F\u00f6r de allra b\u00e4sta! De b\u00e4sta lagen i G\/B16 och G\/B19 kan bjudas in att spela i v\u00e5ra Elitgrupper. Upp till 12 topplag per klass t\u00e4vlar i centrala arenor under ledning av mycket erfarna domare. Alla Elite-lag kvalificerar sig till A-slutspelet och \u00e4r toppseedade. Du kan inte anm\u00e4la dig direkt, men om du [&hellip;]\" \/>\n<meta property=\"og:url\" content=\"https:\/\/www.lundaspelen.com\/sv\/lundaspelen-elitgrupper\/\" \/>\n<meta property=\"og:site_name\" content=\"Lundaspelen in Handball\" \/>\n<meta property=\"article:publisher\" content=\"https:\/\/www.facebook.com\/lundaspelen\" \/>\n<meta property=\"article:modified_time\" content=\"2025-06-30T15:55:36+00:00\" \/>\n<meta property=\"og:image\" content=\"https:\/\/www.lundaspelen.com\/wp-content\/uploads\/2025\/03\/lundaspelen.jpg\" \/>\n\t<meta property=\"og:image:width\" content=\"1800\" \/>\n\t<meta property=\"og:image:height\" content=\"1200\" \/>\n\t<meta property=\"og:image:type\" content=\"image\/jpeg\" \/>\n<meta name=\"twitter:card\" content=\"summary_large_image\" \/>\n<script type=\"application\/ld+json\" class=\"yoast-schema-graph\">{\"@context\":\"https:\/\/schema.org\",\"@graph\":[{\"@type\":\"WebPage\",\"@id\":\"https:\/\/www.lundaspelen.com\/sv\/lundaspelen-elitgrupper\/\",\"url\":\"https:\/\/www.lundaspelen.com\/sv\/lundaspelen-elitgrupper\/\",\"name\":\"Lundaspelen Elit - Lundaspelen in Handball\",\"isPartOf\":{\"@id\":\"https:\/\/www.lundaspelen.com\/sv\/#website\"},\"datePublished\":\"2025-04-22T19:51:35+00:00\",\"dateModified\":\"2025-06-30T15:55:36+00:00\",\"breadcrumb\":{\"@id\":\"https:\/\/www.lundaspelen.com\/sv\/lundaspelen-elitgrupper\/#breadcrumb\"},\"inLanguage\":\"sv-SE\",\"potentialAction\":[{\"@type\":\"ReadAction\",\"target\":[\"https:\/\/www.lundaspelen.com\/sv\/lundaspelen-elitgrupper\/\"]}]},{\"@type\":\"BreadcrumbList\",\"@id\":\"https:\/\/www.lundaspelen.com\/sv\/lundaspelen-elitgrupper\/#breadcrumb\",\"itemListElement\":[{\"@type\":\"ListItem\",\"position\":1,\"name\":\"Home\",\"item\":\"https:\/\/www.lundaspelen.com\/sv\/lundaspelen-i-handboll\/\"},{\"@type\":\"ListItem\",\"position\":2,\"name\":\"Lundaspelen Elit\"}]},{\"@type\":\"WebSite\",\"@id\":\"https:\/\/www.lundaspelen.com\/sv\/#website\",\"url\":\"https:\/\/www.lundaspelen.com\/sv\/\",\"name\":\"Lundaspelen\",\"description\":\"Creating memories for life\",\"publisher\":{\"@id\":\"https:\/\/www.lundaspelen.com\/sv\/#organization\"},\"potentialAction\":[{\"@type\":\"SearchAction\",\"target\":{\"@type\":\"EntryPoint\",\"urlTemplate\":\"https:\/\/www.lundaspelen.com\/sv\/?s={search_term_string}\"},\"query-input\":{\"@type\":\"PropertyValueSpecification\",\"valueRequired\":true,\"valueName\":\"search_term_string\"}}],\"inLanguage\":\"sv-SE\"},{\"@type\":\"Organization\",\"@id\":\"https:\/\/www.lundaspelen.com\/sv\/#organization\",\"name\":\"Lundaspelen\",\"url\":\"https:\/\/www.lundaspelen.com\/sv\/\",\"logo\":{\"@type\":\"ImageObject\",\"inLanguage\":\"sv-SE\",\"@id\":\"https:\/\/www.lundaspelen.com\/sv\/#\/schema\/logo\/image\/\",\"url\":\"https:\/\/www.lundaspelen.com\/wp-content\/uploads\/2025\/03\/LUN_Logo_C_RGB.png\",\"contentUrl\":\"https:\/\/www.lundaspelen.com\/wp-content\/uploads\/2025\/03\/LUN_Logo_C_RGB.png\",\"width\":600,\"height\":400,\"caption\":\"Lundaspelen\"},\"image\":{\"@id\":\"https:\/\/www.lundaspelen.com\/sv\/#\/schema\/logo\/image\/\"},\"sameAs\":[\"https:\/\/www.facebook.com\/lundaspelen\",\"https:\/\/www.instagram.com\/lundaspelen_hb\/\",\"https:\/\/www.tiktok.com\/@lundaspelen\"]}]}<\/script>\n<!-- \/ Yoast SEO plugin. -->","yoast_head_json":{"title":"Lundaspelen Elit - Lundaspelen in Handball","robots":{"index":"index","follow":"follow","max-snippet":"max-snippet:-1","max-image-preview":"max-image-preview:large","max-video-preview":"max-video-preview:-1"},"canonical":"https:\/\/www.lundaspelen.com\/sv\/lundaspelen-elitgrupper\/","og_locale":"sv_SE","og_type":"article","og_title":"Lundaspelen Elit - Lundaspelen in Handball","og_description":"LUNDASPELEN Elit F\u00f6r de allra b\u00e4sta! De b\u00e4sta lagen i G\/B16 och G\/B19 kan bjudas in att spela i v\u00e5ra Elitgrupper. Upp till 12 topplag per klass t\u00e4vlar i centrala arenor under ledning av mycket erfarna domare. Alla Elite-lag kvalificerar sig till A-slutspelet och \u00e4r toppseedade. Du kan inte anm\u00e4la dig direkt, men om du [&hellip;]","og_url":"https:\/\/www.lundaspelen.com\/sv\/lundaspelen-elitgrupper\/","og_site_name":"Lundaspelen in Handball","article_publisher":"https:\/\/www.facebook.com\/lundaspelen","article_modified_time":"2025-06-30T15:55:36+00:00","og_image":[{"width":1800,"height":1200,"url":"https:\/\/www.lundaspelen.com\/wp-content\/uploads\/2025\/03\/lundaspelen.jpg","type":"image\/jpeg"}],"twitter_card":"summary_large_image","schema":{"@context":"https:\/\/schema.org","@graph":[{"@type":"WebPage","@id":"https:\/\/www.lundaspelen.com\/sv\/lundaspelen-elitgrupper\/","url":"https:\/\/www.lundaspelen.com\/sv\/lundaspelen-elitgrupper\/","name":"Lundaspelen Elit - Lundaspelen in Handball","isPartOf":{"@id":"https:\/\/www.lundaspelen.com\/sv\/#website"},"datePublished":"2025-04-22T19:51:35+00:00","dateModified":"2025-06-30T15:55:36+00:00","breadcrumb":{"@id":"https:\/\/www.lundaspelen.com\/sv\/lundaspelen-elitgrupper\/#breadcrumb"},"inLanguage":"sv-SE","potentialAction":[{"@type":"ReadAction","target":["https:\/\/www.lundaspelen.com\/sv\/lundaspelen-elitgrupper\/"]}]},{"@type":"BreadcrumbList","@id":"https:\/\/www.lundaspelen.com\/sv\/lundaspelen-elitgrupper\/#breadcrumb","itemListElement":[{"@type":"ListItem","position":1,"name":"Home","item":"https:\/\/www.lundaspelen.com\/sv\/lundaspelen-i-handboll\/"},{"@type":"ListItem","position":2,"name":"Lundaspelen Elit"}]},{"@type":"WebSite","@id":"https:\/\/www.lundaspelen.com\/sv\/#website","url":"https:\/\/www.lundaspelen.com\/sv\/","name":"Lundaspelen","description":"Creating memories for life","publisher":{"@id":"https:\/\/www.lundaspelen.com\/sv\/#organization"},"potentialAction":[{"@type":"SearchAction","target":{"@type":"EntryPoint","urlTemplate":"https:\/\/www.lundaspelen.com\/sv\/?s={search_term_string}"},"query-input":{"@type":"PropertyValueSpecification","valueRequired":true,"valueName":"search_term_string"}}],"inLanguage":"sv-SE"},{"@type":"Organization","@id":"https:\/\/www.lundaspelen.com\/sv\/#organization","name":"Lundaspelen","url":"https:\/\/www.lundaspelen.com\/sv\/","logo":{"@type":"ImageObject","inLanguage":"sv-SE","@id":"https:\/\/www.lundaspelen.com\/sv\/#\/schema\/logo\/image\/","url":"https:\/\/www.lundaspelen.com\/wp-content\/uploads\/2025\/03\/LUN_Logo_C_RGB.png","contentUrl":"https:\/\/www.lundaspelen.com\/wp-content\/uploads\/2025\/03\/LUN_Logo_C_RGB.png","width":600,"height":400,"caption":"Lundaspelen"},"image":{"@id":"https:\/\/www.lundaspelen.com\/sv\/#\/schema\/logo\/image\/"},"sameAs":["https:\/\/www.facebook.com\/lundaspelen","https:\/\/www.instagram.com\/lundaspelen_hb\/","https:\/\/www.tiktok.com\/@lundaspelen"]}]}},"_links":{"self":[{"href":"https:\/\/www.lundaspelen.com\/sv\/wp-json\/wp\/v2\/pages\/27619","targetHints":{"allow":["GET"]}}],"collection":[{"href":"https:\/\/www.lundaspelen.com\/sv\/wp-json\/wp\/v2\/pages"}],"about":[{"href":"https:\/\/www.lundaspelen.com\/sv\/wp-json\/wp\/v2\/types\/page"}],"author":[{"embeddable":true,"href":"https:\/\/www.lundaspelen.com\/sv\/wp-json\/wp\/v2\/users\/2"}],"replies":[{"embeddable":true,"href":"https:\/\/www.lundaspelen.com\/sv\/wp-json\/wp\/v2\/comments?post=27619"}],"version-history":[{"count":4,"href":"https:\/\/www.lundaspelen.com\/sv\/wp-json\/wp\/v2\/pages\/27619\/revisions"}],"predecessor-version":[{"id":27778,"href":"https:\/\/www.lundaspelen.com\/sv\/wp-json\/wp\/v2\/pages\/27619\/revisions\/27778"}],"wp:attachment":[{"href":"https:\/\/www.lundaspelen.com\/sv\/wp-json\/wp\/v2\/media?parent=27619"}],"curies":[{"name":"wp","href":"https:\/\/api.w.org\/{rel}","templated":true}]}}