{"id":27607,"date":"2025-04-22T19:50:33","date_gmt":"2025-04-22T19:50:33","guid":{"rendered":"https:\/\/www.lundaspelen.com\/lundaspelen-para-handboll\/"},"modified":"2026-03-17T14:17:14","modified_gmt":"2026-03-17T14:17:14","slug":"lundaspelen-para-handboll","status":"publish","type":"page","link":"https:\/\/www.lundaspelen.com\/sv\/lundaspelen-para-handboll\/","title":{"rendered":"Lundaspelen Para handboll"},"content":{"rendered":"\t\t<div data-elementor-type=\"wp-page\" data-elementor-id=\"27607\" class=\"elementor elementor-27607 elementor-26801\" data-elementor-post-type=\"page\">\n\t\t\t\t<div class=\"elementor-element elementor-element-20930cfb e-flex e-con-boxed e-con e-parent\" data-id=\"20930cfb\" data-element_type=\"container\" data-settings=\"{&quot;background_background&quot;:&quot;slideshow&quot;,&quot;background_slideshow_gallery&quot;:[{&quot;id&quot;:27445,&quot;url&quot;:&quot;https:\\\/\\\/www.lundaspelen.com\\\/wp-content\\\/uploads\\\/2025\\\/03\\\/lundaspelen-1-2-1.jpg&quot;}],&quot;background_slideshow_loop&quot;:&quot;yes&quot;,&quot;background_slideshow_slide_duration&quot;:5000,&quot;background_slideshow_slide_transition&quot;:&quot;fade&quot;,&quot;background_slideshow_transition_duration&quot;:500}\">\n\t\t\t\t\t<div class=\"e-con-inner\">\n\t\t<div class=\"elementor-element elementor-element-7ba254c3 e-con-full e-flex e-con e-child\" data-id=\"7ba254c3\" data-element_type=\"container\">\n\t\t\t\t<div class=\"elementor-element elementor-element-411183b elementor-widget elementor-widget-icon-box\" data-id=\"411183b\" data-element_type=\"widget\" data-widget_type=\"icon-box.default\">\n\t\t\t\t<div class=\"elementor-widget-container\">\n\t\t\t\t\t\t\t<div class=\"elementor-icon-box-wrapper\">\n\n\t\t\t\n\t\t\t\t\t\t<div class=\"elementor-icon-box-content\">\n\n\t\t\t\t\t\t\t\t\t<h1 class=\"elementor-icon-box-title\">\n\t\t\t\t\t\t<span  >\n\t\t\t\t\t\t\tLUNDASPELEN PARA\t\t\t\t\t\t<\/span>\n\t\t\t\t\t<\/h1>\n\t\t\t\t\n\t\t\t\t\t\t\t\t\t<p class=\"elementor-icon-box-description\">\n\t\t\t\t\t\tLundaspelen Special Class - Handbollsgl\u00e4dje f\u00f6r alla!\t\t\t\t\t<\/p>\n\t\t\t\t\n\t\t\t<\/div>\n\t\t\t\n\t\t<\/div>\n\t\t\t\t\t\t<\/div>\n\t\t\t\t<\/div>\n\t\t\t\t<\/div>\n\t\t\t\t\t<\/div>\n\t\t\t\t<\/div>\n\t\t<div class=\"elementor-element elementor-element-6a31d5d e-flex e-con-boxed e-con e-parent\" data-id=\"6a31d5d\" data-element_type=\"container\">\n\t\t\t\t\t<div class=\"e-con-inner\">\n\t\t\t\t<div class=\"elementor-element elementor-element-d9ff561 elementor-widget elementor-widget-text-editor\" data-id=\"d9ff561\" data-element_type=\"widget\" data-widget_type=\"text-editor.default\">\n\t\t\t\t<div class=\"elementor-widget-container\">\n\t\t\t\t\t\t\t\t\t<p>Alla f\u00f6rtj\u00e4nar r\u00e4tten till h\u00e4lsa, gl\u00e4dje och delaktighet. Lundaspelen Para \u00e4r en uppskattad och naturlig del av turneringen och skapar of\u00f6rgl\u00f6mliga stunder f\u00f6r b\u00e5de spelare, \u00e5sk\u00e5dare och volont\u00e4rer. <\/p><p><strong>Lundaspelen Para includes:<\/strong><br><strong>Rullstolshandboll<\/strong> &#8211; 27-28 december<br>F\u00f6r spelare som dagligen anv\u00e4nder rullstol eller inte kan t\u00e4vla p\u00e5 lika villkor i st\u00e5ende matcher.<\/p><p><strong>Walking handball<\/strong> &#8211; 29-30 december<br>F\u00f6r spelare med funktionsneds\u00e4ttning och\/eller neuropsykiatriska diagnoser. Baserat p\u00e5 <strong>Special Olympics regler<\/strong>. <\/p><p>V\u00e5r vision \u00e4r att erbjuda niv\u00e5baserat spel f\u00f6r alla lag, d\u00e4r varje spelare kan v\u00e4xa och utmanas i sin egen takt.<\/p><p><strong>Stiftelsen Lundaspelen<\/strong> <\/p><p>Lundaspelen Foundation byggs upp med en tydlig vision:<br><strong>Inget lag ska missa Lundaspelen p\u00e5 grund av ekonomiska hinder.<\/strong><\/p><p><strong>Steg ett &#8211; Parahandball 2026<\/strong><br>Vi b\u00f6rjar med att st\u00f6dja <strong>Parahandball-lag<\/strong> &#8211; vi t\u00e4cker deltagande, en hotellnatt och m\u00e5ltider, s\u00e5 l\u00e4nge pengarna r\u00e4cker till.<\/p><p>Vill du ans\u00f6ka eller veta mer? Kontakta oss p\u00e5 <a href=\"mailto:info@lundaspelen.com\"><strong>info@lundaspelen.com<\/strong><\/a> <\/p>\t\t\t\t\t\t\t\t<\/div>\n\t\t\t\t<\/div>\n\t\t\t\t\t<\/div>\n\t\t\t\t<\/div>\n\t\t\t\t<\/div>\n\t\t","protected":false},"excerpt":{"rendered":"<p>LUNDASPELEN PARA Lundaspelen Special Class &#8211; Handbollsgl\u00e4dje f\u00f6r alla! Alla f\u00f6rtj\u00e4nar r\u00e4tten till h\u00e4lsa, gl\u00e4dje och delaktighet. Lundaspelen Para \u00e4r en uppskattad och naturlig del av turneringen och skapar of\u00f6rgl\u00f6mliga stunder f\u00f6r b\u00e5de spelare, \u00e5sk\u00e5dare och volont\u00e4rer. Lundaspelen Para includes:Rullstolshandboll &#8211; 27-28 decemberF\u00f6r spelare som dagligen anv\u00e4nder rullstol eller inte kan t\u00e4vla p\u00e5 lika villkor [&hellip;]<\/p>\n","protected":false},"author":2,"featured_media":0,"parent":0,"menu_order":0,"comment_status":"closed","ping_status":"closed","template":"","meta":{"inline_featured_image":false,"site-sidebar-layout":"no-sidebar","site-content-layout":"page-builder","ast-site-content-layout":"full-width-container","site-content-style":"default","site-sidebar-style":"default","ast-global-header-display":"","ast-banner-title-visibility":"","ast-main-header-display":"","ast-hfb-above-header-display":"","ast-hfb-below-header-display":"","ast-hfb-mobile-header-display":"","site-post-title":"disabled","ast-breadcrumbs-content":"","ast-featured-img":"disabled","footer-sml-layout":"","ast-disable-related-posts":"","theme-transparent-header-meta":"","adv-header-id-meta":"","stick-header-meta":"","header-above-stick-meta":"","header-main-stick-meta":"","header-below-stick-meta":"","astra-migrate-meta-layouts":"default","ast-page-background-enabled":"default","ast-page-background-meta":{"desktop":{"background-color":"","background-image":"","background-repeat":"repeat","background-position":"center center","background-size":"auto","background-attachment":"scroll","background-type":"","background-media":"","overlay-type":"","overlay-color":"","overlay-opacity":"","overlay-gradient":""},"tablet":{"background-color":"","background-image":"","background-repeat":"repeat","background-position":"center center","background-size":"auto","background-attachment":"scroll","background-type":"","background-media":"","overlay-type":"","overlay-color":"","overlay-opacity":"","overlay-gradient":""},"mobile":{"background-color":"","background-image":"","background-repeat":"repeat","background-position":"center center","background-size":"auto","background-attachment":"scroll","background-type":"","background-media":"","overlay-type":"","overlay-color":"","overlay-opacity":"","overlay-gradient":""}},"ast-content-background-meta":{"desktop":{"background-color":"var(--ast-global-color-5)","background-image":"","background-repeat":"repeat","background-position":"center center","background-size":"auto","background-attachment":"scroll","background-type":"","background-media":"","overlay-type":"","overlay-color":"","overlay-opacity":"","overlay-gradient":""},"tablet":{"background-color":"var(--ast-global-color-5)","background-image":"","background-repeat":"repeat","background-position":"center center","background-size":"auto","background-attachment":"scroll","background-type":"","background-media":"","overlay-type":"","overlay-color":"","overlay-opacity":"","overlay-gradient":""},"mobile":{"background-color":"var(--ast-global-color-5)","background-image":"","background-repeat":"repeat","background-position":"center center","background-size":"auto","background-attachment":"scroll","background-type":"","background-media":"","overlay-type":"","overlay-color":"","overlay-opacity":"","overlay-gradient":""}},"footnotes":""},"class_list":["post-27607","page","type-page","status-publish","hentry"],"yoast_head":"<!-- This site is optimized with the Yoast SEO plugin v26.5 - https:\/\/yoast.com\/wordpress\/plugins\/seo\/ -->\n<title>Lundaspelen Para handboll - Lundaspelen in Handball<\/title>\n<meta name=\"robots\" content=\"index, follow, max-snippet:-1, max-image-preview:large, max-video-preview:-1\" \/>\n<link rel=\"canonical\" href=\"https:\/\/www.lundaspelen.com\/sv\/lundaspelen-para-handboll\/\" \/>\n<meta property=\"og:locale\" content=\"sv_SE\" \/>\n<meta property=\"og:type\" content=\"article\" \/>\n<meta property=\"og:title\" content=\"Lundaspelen Para handboll - Lundaspelen in Handball\" \/>\n<meta property=\"og:description\" content=\"LUNDASPELEN PARA Lundaspelen Special Class &#8211; Handbollsgl\u00e4dje f\u00f6r alla! Alla f\u00f6rtj\u00e4nar r\u00e4tten till h\u00e4lsa, gl\u00e4dje och delaktighet. Lundaspelen Para \u00e4r en uppskattad och naturlig del av turneringen och skapar of\u00f6rgl\u00f6mliga stunder f\u00f6r b\u00e5de spelare, \u00e5sk\u00e5dare och volont\u00e4rer. Lundaspelen Para includes:Rullstolshandboll &#8211; 27-28 decemberF\u00f6r spelare som dagligen anv\u00e4nder rullstol eller inte kan t\u00e4vla p\u00e5 lika villkor [&hellip;]\" \/>\n<meta property=\"og:url\" content=\"https:\/\/www.lundaspelen.com\/sv\/lundaspelen-para-handboll\/\" \/>\n<meta property=\"og:site_name\" content=\"Lundaspelen in Handball\" \/>\n<meta property=\"article:publisher\" content=\"https:\/\/www.facebook.com\/lundaspelen\" \/>\n<meta property=\"article:modified_time\" content=\"2026-03-17T14:17:14+00:00\" \/>\n<meta property=\"og:image\" content=\"https:\/\/www.lundaspelen.com\/wp-content\/uploads\/2025\/03\/lundaspelen.jpg\" \/>\n\t<meta property=\"og:image:width\" content=\"1800\" \/>\n\t<meta property=\"og:image:height\" content=\"1200\" \/>\n\t<meta property=\"og:image:type\" content=\"image\/jpeg\" \/>\n<meta name=\"twitter:card\" content=\"summary_large_image\" \/>\n<meta name=\"twitter:label1\" content=\"Ber\u00e4knad l\u00e4stid\" \/>\n\t<meta name=\"twitter:data1\" content=\"1 minut\" \/>\n<script type=\"application\/ld+json\" class=\"yoast-schema-graph\">{\"@context\":\"https:\/\/schema.org\",\"@graph\":[{\"@type\":\"WebPage\",\"@id\":\"https:\/\/www.lundaspelen.com\/sv\/lundaspelen-para-handboll\/\",\"url\":\"https:\/\/www.lundaspelen.com\/sv\/lundaspelen-para-handboll\/\",\"name\":\"Lundaspelen Para handboll - Lundaspelen in Handball\",\"isPartOf\":{\"@id\":\"https:\/\/www.lundaspelen.com\/sv\/#website\"},\"datePublished\":\"2025-04-22T19:50:33+00:00\",\"dateModified\":\"2026-03-17T14:17:14+00:00\",\"breadcrumb\":{\"@id\":\"https:\/\/www.lundaspelen.com\/sv\/lundaspelen-para-handboll\/#breadcrumb\"},\"inLanguage\":\"sv-SE\",\"potentialAction\":[{\"@type\":\"ReadAction\",\"target\":[\"https:\/\/www.lundaspelen.com\/sv\/lundaspelen-para-handboll\/\"]}]},{\"@type\":\"BreadcrumbList\",\"@id\":\"https:\/\/www.lundaspelen.com\/sv\/lundaspelen-para-handboll\/#breadcrumb\",\"itemListElement\":[{\"@type\":\"ListItem\",\"position\":1,\"name\":\"Home\",\"item\":\"https:\/\/www.lundaspelen.com\/sv\/lundaspelen-i-handboll\/\"},{\"@type\":\"ListItem\",\"position\":2,\"name\":\"Lundaspelen Para handboll\"}]},{\"@type\":\"WebSite\",\"@id\":\"https:\/\/www.lundaspelen.com\/sv\/#website\",\"url\":\"https:\/\/www.lundaspelen.com\/sv\/\",\"name\":\"Lundaspelen\",\"description\":\"Creating memories for life\",\"publisher\":{\"@id\":\"https:\/\/www.lundaspelen.com\/sv\/#organization\"},\"potentialAction\":[{\"@type\":\"SearchAction\",\"target\":{\"@type\":\"EntryPoint\",\"urlTemplate\":\"https:\/\/www.lundaspelen.com\/sv\/?s={search_term_string}\"},\"query-input\":{\"@type\":\"PropertyValueSpecification\",\"valueRequired\":true,\"valueName\":\"search_term_string\"}}],\"inLanguage\":\"sv-SE\"},{\"@type\":\"Organization\",\"@id\":\"https:\/\/www.lundaspelen.com\/sv\/#organization\",\"name\":\"Lundaspelen\",\"url\":\"https:\/\/www.lundaspelen.com\/sv\/\",\"logo\":{\"@type\":\"ImageObject\",\"inLanguage\":\"sv-SE\",\"@id\":\"https:\/\/www.lundaspelen.com\/sv\/#\/schema\/logo\/image\/\",\"url\":\"https:\/\/www.lundaspelen.com\/wp-content\/uploads\/2025\/03\/LUN_Logo_C_RGB.png\",\"contentUrl\":\"https:\/\/www.lundaspelen.com\/wp-content\/uploads\/2025\/03\/LUN_Logo_C_RGB.png\",\"width\":600,\"height\":400,\"caption\":\"Lundaspelen\"},\"image\":{\"@id\":\"https:\/\/www.lundaspelen.com\/sv\/#\/schema\/logo\/image\/\"},\"sameAs\":[\"https:\/\/www.facebook.com\/lundaspelen\",\"https:\/\/www.instagram.com\/lundaspelen_hb\/\",\"https:\/\/www.tiktok.com\/@lundaspelen\"]}]}<\/script>\n<!-- \/ Yoast SEO plugin. -->","yoast_head_json":{"title":"Lundaspelen Para handboll - Lundaspelen in Handball","robots":{"index":"index","follow":"follow","max-snippet":"max-snippet:-1","max-image-preview":"max-image-preview:large","max-video-preview":"max-video-preview:-1"},"canonical":"https:\/\/www.lundaspelen.com\/sv\/lundaspelen-para-handboll\/","og_locale":"sv_SE","og_type":"article","og_title":"Lundaspelen Para handboll - Lundaspelen in Handball","og_description":"LUNDASPELEN PARA Lundaspelen Special Class &#8211; Handbollsgl\u00e4dje f\u00f6r alla! Alla f\u00f6rtj\u00e4nar r\u00e4tten till h\u00e4lsa, gl\u00e4dje och delaktighet. Lundaspelen Para \u00e4r en uppskattad och naturlig del av turneringen och skapar of\u00f6rgl\u00f6mliga stunder f\u00f6r b\u00e5de spelare, \u00e5sk\u00e5dare och volont\u00e4rer. Lundaspelen Para includes:Rullstolshandboll &#8211; 27-28 decemberF\u00f6r spelare som dagligen anv\u00e4nder rullstol eller inte kan t\u00e4vla p\u00e5 lika villkor [&hellip;]","og_url":"https:\/\/www.lundaspelen.com\/sv\/lundaspelen-para-handboll\/","og_site_name":"Lundaspelen in Handball","article_publisher":"https:\/\/www.facebook.com\/lundaspelen","article_modified_time":"2026-03-17T14:17:14+00:00","og_image":[{"width":1800,"height":1200,"url":"https:\/\/www.lundaspelen.com\/wp-content\/uploads\/2025\/03\/lundaspelen.jpg","type":"image\/jpeg"}],"twitter_card":"summary_large_image","twitter_misc":{"Ber\u00e4knad l\u00e4stid":"1 minut"},"schema":{"@context":"https:\/\/schema.org","@graph":[{"@type":"WebPage","@id":"https:\/\/www.lundaspelen.com\/sv\/lundaspelen-para-handboll\/","url":"https:\/\/www.lundaspelen.com\/sv\/lundaspelen-para-handboll\/","name":"Lundaspelen Para handboll - Lundaspelen in Handball","isPartOf":{"@id":"https:\/\/www.lundaspelen.com\/sv\/#website"},"datePublished":"2025-04-22T19:50:33+00:00","dateModified":"2026-03-17T14:17:14+00:00","breadcrumb":{"@id":"https:\/\/www.lundaspelen.com\/sv\/lundaspelen-para-handboll\/#breadcrumb"},"inLanguage":"sv-SE","potentialAction":[{"@type":"ReadAction","target":["https:\/\/www.lundaspelen.com\/sv\/lundaspelen-para-handboll\/"]}]},{"@type":"BreadcrumbList","@id":"https:\/\/www.lundaspelen.com\/sv\/lundaspelen-para-handboll\/#breadcrumb","itemListElement":[{"@type":"ListItem","position":1,"name":"Home","item":"https:\/\/www.lundaspelen.com\/sv\/lundaspelen-i-handboll\/"},{"@type":"ListItem","position":2,"name":"Lundaspelen Para handboll"}]},{"@type":"WebSite","@id":"https:\/\/www.lundaspelen.com\/sv\/#website","url":"https:\/\/www.lundaspelen.com\/sv\/","name":"Lundaspelen","description":"Creating memories for life","publisher":{"@id":"https:\/\/www.lundaspelen.com\/sv\/#organization"},"potentialAction":[{"@type":"SearchAction","target":{"@type":"EntryPoint","urlTemplate":"https:\/\/www.lundaspelen.com\/sv\/?s={search_term_string}"},"query-input":{"@type":"PropertyValueSpecification","valueRequired":true,"valueName":"search_term_string"}}],"inLanguage":"sv-SE"},{"@type":"Organization","@id":"https:\/\/www.lundaspelen.com\/sv\/#organization","name":"Lundaspelen","url":"https:\/\/www.lundaspelen.com\/sv\/","logo":{"@type":"ImageObject","inLanguage":"sv-SE","@id":"https:\/\/www.lundaspelen.com\/sv\/#\/schema\/logo\/image\/","url":"https:\/\/www.lundaspelen.com\/wp-content\/uploads\/2025\/03\/LUN_Logo_C_RGB.png","contentUrl":"https:\/\/www.lundaspelen.com\/wp-content\/uploads\/2025\/03\/LUN_Logo_C_RGB.png","width":600,"height":400,"caption":"Lundaspelen"},"image":{"@id":"https:\/\/www.lundaspelen.com\/sv\/#\/schema\/logo\/image\/"},"sameAs":["https:\/\/www.facebook.com\/lundaspelen","https:\/\/www.instagram.com\/lundaspelen_hb\/","https:\/\/www.tiktok.com\/@lundaspelen"]}]}},"_links":{"self":[{"href":"https:\/\/www.lundaspelen.com\/sv\/wp-json\/wp\/v2\/pages\/27607","targetHints":{"allow":["GET"]}}],"collection":[{"href":"https:\/\/www.lundaspelen.com\/sv\/wp-json\/wp\/v2\/pages"}],"about":[{"href":"https:\/\/www.lundaspelen.com\/sv\/wp-json\/wp\/v2\/types\/page"}],"author":[{"embeddable":true,"href":"https:\/\/www.lundaspelen.com\/sv\/wp-json\/wp\/v2\/users\/2"}],"replies":[{"embeddable":true,"href":"https:\/\/www.lundaspelen.com\/sv\/wp-json\/wp\/v2\/comments?post=27607"}],"version-history":[{"count":5,"href":"https:\/\/www.lundaspelen.com\/sv\/wp-json\/wp\/v2\/pages\/27607\/revisions"}],"predecessor-version":[{"id":29564,"href":"https:\/\/www.lundaspelen.com\/sv\/wp-json\/wp\/v2\/pages\/27607\/revisions\/29564"}],"wp:attachment":[{"href":"https:\/\/www.lundaspelen.com\/sv\/wp-json\/wp\/v2\/media?parent=27607"}],"curies":[{"name":"wp","href":"https:\/\/api.w.org\/{rel}","templated":true}]}}