{"id":29216,"date":"2025-04-22T11:23:44","date_gmt":"2025-04-22T11:23:44","guid":{"rendered":"https:\/\/www.lundaspelen.com\/lund-entdecken\/"},"modified":"2025-12-19T08:22:25","modified_gmt":"2025-12-19T08:22:25","slug":"lund-entdecken","status":"publish","type":"page","link":"https:\/\/www.lundaspelen.com\/de\/lund-entdecken\/","title":{"rendered":"Lund entdecken"},"content":{"rendered":"\t\t<div data-elementor-type=\"wp-page\" data-elementor-id=\"29216\" class=\"elementor elementor-29216 elementor-26835\" data-elementor-post-type=\"page\">\n\t\t\t\t<div class=\"elementor-element elementor-element-3e127dfb e-flex e-con-boxed e-con e-parent\" data-id=\"3e127dfb\" data-element_type=\"container\" data-settings=\"{&quot;background_background&quot;:&quot;slideshow&quot;,&quot;background_slideshow_gallery&quot;:[{&quot;id&quot;:28227,&quot;url&quot;:&quot;https:\\\/\\\/www.lundaspelen.com\\\/wp-content\\\/uploads\\\/2025\\\/07\\\/lundsdomkyrka.png&quot;}],&quot;background_slideshow_loop&quot;:&quot;yes&quot;,&quot;background_slideshow_slide_duration&quot;:5000,&quot;background_slideshow_slide_transition&quot;:&quot;fade&quot;,&quot;background_slideshow_transition_duration&quot;:500}\">\n\t\t\t\t\t<div class=\"e-con-inner\">\n\t\t<div class=\"elementor-element elementor-element-78fa4aeb e-con-full e-flex e-con e-child\" data-id=\"78fa4aeb\" data-element_type=\"container\">\n\t\t\t\t<div class=\"elementor-element elementor-element-2d97b72e elementor-widget elementor-widget-heading\" data-id=\"2d97b72e\" data-element_type=\"widget\" data-widget_type=\"heading.default\">\n\t\t\t\t<div class=\"elementor-widget-container\">\n\t\t\t\t\t<h1 class=\"elementor-heading-title elementor-size-default\">Lund entdecken<\/h1>\t\t\t\t<\/div>\n\t\t\t\t<\/div>\n\t\t\t\t<div class=\"elementor-element elementor-element-95aaa98 elementor-widget elementor-widget-text-editor\" data-id=\"95aaa98\" data-element_type=\"widget\" data-widget_type=\"text-editor.default\">\n\t\t\t\t<div class=\"elementor-widget-container\">\n\t\t\t\t\t\t\t\t\t<p>Wo die Freude von Lundaspelen im Herzen der Stadt weitergeht!<\/p>\t\t\t\t\t\t\t\t<\/div>\n\t\t\t\t<\/div>\n\t\t\t\t<\/div>\n\t\t\t\t\t<\/div>\n\t\t\t\t<\/div>\n\t\t<div class=\"elementor-element elementor-element-1aa6a5f e-con-full e-flex e-con e-parent\" data-id=\"1aa6a5f\" data-element_type=\"container\" data-settings=\"{&quot;background_background&quot;:&quot;classic&quot;}\">\n\t\t<div class=\"elementor-element elementor-element-997a11f e-con-full e-flex e-con e-child\" data-id=\"997a11f\" data-element_type=\"container\" data-settings=\"{&quot;background_background&quot;:&quot;classic&quot;}\">\n\t\t<div class=\"elementor-element elementor-element-e5bdb4c e-con-full e-flex e-con e-child\" data-id=\"e5bdb4c\" data-element_type=\"container\" data-settings=\"{&quot;background_background&quot;:&quot;classic&quot;}\">\n\t\t<div class=\"elementor-element elementor-element-04b18af e-con-full e-flex e-con e-child\" data-id=\"04b18af\" data-element_type=\"container\">\n\t\t<div class=\"elementor-element elementor-element-3d47c1b e-con-full e-flex e-con e-child\" data-id=\"3d47c1b\" data-element_type=\"container\" data-settings=\"{&quot;background_background&quot;:&quot;classic&quot;}\">\n\t\t\t\t<div class=\"elementor-element elementor-element-3776de1 elementor-widget elementor-widget-heading\" data-id=\"3776de1\" data-element_type=\"widget\" data-widget_type=\"heading.default\">\n\t\t\t\t<div class=\"elementor-widget-container\">\n\t\t\t\t\t<h3 class=\"elementor-heading-title elementor-size-default\">Angebot an die Teilnehmer von Lundaspelen<\/h3>\t\t\t\t<\/div>\n\t\t\t\t<\/div>\n\t\t\t\t<div class=\"elementor-element elementor-element-d692183 elementor-widget elementor-widget-text-editor\" data-id=\"d692183\" data-element_type=\"widget\" data-widget_type=\"text-editor.default\">\n\t\t\t\t<div class=\"elementor-widget-container\">\n\t\t\t\t\t\t\t\t\t<p>Lund ist stolz darauf, alle Spieler, Familien und Fans w\u00e4hrend der Lundaspelen willkommen zu hei\u00dfen. Die Freude endet nicht, wenn der Schlusspfiff ert\u00f6nt &#8211; sie geht drau\u00dfen in der Stadt weiter! <\/p><p>Gesch\u00e4fte, Caf\u00e9s, Restaurants, Museen und andere Unternehmen in Lund City freuen sich darauf, Sie willkommen zu hei\u00dfen. Ob Sie nun ein tolles Spiel feiern, mit der Mannschaft abh\u00e4ngen oder einfach nur die Atmosph\u00e4re genie\u00dfen &#8211; die Stadt ist f\u00fcr Sie da. <\/p>\t\t\t\t\t\t\t\t<\/div>\n\t\t\t\t<\/div>\n\t\t\t\t<div class=\"elementor-element elementor-element-ca7ab5e elementor-widget elementor-widget-button\" data-id=\"ca7ab5e\" data-element_type=\"widget\" data-widget_type=\"button.default\">\n\t\t\t\t<div class=\"elementor-widget-container\">\n\t\t\t\t\t\t\t\t\t<div class=\"elementor-button-wrapper\">\n\t\t\t\t\t<a class=\"elementor-button elementor-button-link elementor-size-sm\" href=\"https:\/\/en.lundcity.se\/lundaspelen\/\" target=\"_blank\">\n\t\t\t\t\t\t<span class=\"elementor-button-content-wrapper\">\n\t\t\t\t\t\t\t\t\t<span class=\"elementor-button-text\">Angebote in der Stadt Lund<\/span>\n\t\t\t\t\t<\/span>\n\t\t\t\t\t<\/a>\n\t\t\t\t<\/div>\n\t\t\t\t\t\t\t\t<\/div>\n\t\t\t\t<\/div>\n\t\t\t\t<\/div>\n\t\t<div class=\"elementor-element elementor-element-6227769 e-con-full e-flex e-con e-child\" data-id=\"6227769\" data-element_type=\"container\" data-settings=\"{&quot;background_background&quot;:&quot;classic&quot;}\">\n\t\t\t\t<div class=\"elementor-element elementor-element-83b5f86 elementor-widget elementor-widget-image\" data-id=\"83b5f86\" data-element_type=\"widget\" data-widget_type=\"image.default\">\n\t\t\t\t<div class=\"elementor-widget-container\">\n\t\t\t\t\t\t\t\t\t\t\t\t\t\t\t<img fetchpriority=\"high\" decoding=\"async\" width=\"1000\" height=\"975\" src=\"https:\/\/www.lundaspelen.com\/wp-content\/uploads\/2025\/12\/lundaspelen-lundcity.jpg\" class=\"attachment-large size-large wp-image-28872\" alt=\"\" srcset=\"https:\/\/www.lundaspelen.com\/wp-content\/uploads\/2025\/12\/lundaspelen-lundcity.jpg 1000w, https:\/\/www.lundaspelen.com\/wp-content\/uploads\/2025\/12\/lundaspelen-lundcity-300x293.jpg 300w, https:\/\/www.lundaspelen.com\/wp-content\/uploads\/2025\/12\/lundaspelen-lundcity-768x749.jpg 768w\" sizes=\"(max-width: 1000px) 100vw, 1000px\" \/>\t\t\t\t\t\t\t\t\t\t\t\t\t\t\t<\/div>\n\t\t\t\t<\/div>\n\t\t\t\t<\/div>\n\t\t\t\t<\/div>\n\t\t\t\t<\/div>\n\t\t\t\t<\/div>\n\t\t\t\t<\/div>\n\t\t<div class=\"elementor-element elementor-element-66022ef e-con-full e-flex e-con e-parent\" data-id=\"66022ef\" data-element_type=\"container\" data-settings=\"{&quot;background_background&quot;:&quot;classic&quot;}\">\n\t\t<div class=\"elementor-element elementor-element-77f1113 e-con-full e-flex e-con e-child\" data-id=\"77f1113\" data-element_type=\"container\">\n\t\t<div class=\"elementor-element elementor-element-2af90c7 e-con-full e-flex e-con e-child\" data-id=\"2af90c7\" data-element_type=\"container\">\n\t\t<div class=\"elementor-element elementor-element-7006e25 e-con-full e-flex e-con e-child\" data-id=\"7006e25\" data-element_type=\"container\" data-settings=\"{&quot;background_background&quot;:&quot;classic&quot;}\">\n\t\t<div class=\"elementor-element elementor-element-ea31d0f e-con-full e-flex e-con e-child\" data-id=\"ea31d0f\" data-element_type=\"container\" data-settings=\"{&quot;background_background&quot;:&quot;classic&quot;}\">\n\t\t\t\t<div class=\"elementor-element elementor-element-6198347 elementor-widget elementor-widget-text-editor\" data-id=\"6198347\" data-element_type=\"widget\" data-widget_type=\"text-editor.default\">\n\t\t\t\t<div class=\"elementor-widget-container\">\n\t\t\t\t\t\t\t\t\t<h4 style=\"text-align: center;\"><em><strong>TEILNEHMERKARTE<\/strong><\/em><\/h4>\t\t\t\t\t\t\t\t<\/div>\n\t\t\t\t<\/div>\n\t\t\t\t<div class=\"elementor-element elementor-element-61062a0 elementor-widget elementor-widget-image\" data-id=\"61062a0\" data-element_type=\"widget\" data-widget_type=\"image.default\">\n\t\t\t\t<div class=\"elementor-widget-container\">\n\t\t\t\t\t\t\t\t\t\t\t\t\t\t\t<img decoding=\"async\" width=\"600\" height=\"400\" src=\"https:\/\/www.lundaspelen.com\/wp-content\/uploads\/2025\/03\/LUN_Logo_C_RGB.png\" class=\"attachment-large size-large wp-image-27224\" alt=\"Lundaspelen logotyp\" srcset=\"https:\/\/www.lundaspelen.com\/wp-content\/uploads\/2025\/03\/LUN_Logo_C_RGB.png 1x, https:\/\/www.lundaspelen.com\/wp-content\/uploads\/2025\/03\/LUN_Logo_C_RGB.png 2x\" sizes=\"(max-width: 600px) 100vw, 600px\" \/>\t\t\t\t\t\t\t\t\t\t\t\t\t\t\t<\/div>\n\t\t\t\t<\/div>\n\t\t\t\t<div class=\"elementor-element elementor-element-72f8f62 elementor-widget elementor-widget-text-editor\" data-id=\"72f8f62\" data-element_type=\"widget\" data-widget_type=\"text-editor.default\">\n\t\t\t\t<div class=\"elementor-widget-container\">\n\t\t\t\t\t\t\t\t\t<p style=\"text-align: center;\">LUNDASPELEN HANDBALL 2025<\/p>\t\t\t\t\t\t\t\t<\/div>\n\t\t\t\t<\/div>\n\t\t\t\t<\/div>\n\t\t\t\t<\/div>\n\t\t<div class=\"elementor-element elementor-element-8d3eb37 e-con-full e-flex e-con e-child\" data-id=\"8d3eb37\" data-element_type=\"container\" data-settings=\"{&quot;background_background&quot;:&quot;classic&quot;}\">\n\t\t\t\t<div class=\"elementor-element elementor-element-56066b3 elementor-widget elementor-widget-heading\" data-id=\"56066b3\" data-element_type=\"widget\" data-widget_type=\"heading.default\">\n\t\t\t\t<div class=\"elementor-widget-container\">\n\t\t\t\t\t<h3 class=\"elementor-heading-title elementor-size-default\">Teilnehmerkarte<\/h3>\t\t\t\t<\/div>\n\t\t\t\t<\/div>\n\t\t\t\t<div class=\"elementor-element elementor-element-d3bbbe1 elementor-widget elementor-widget-text-editor\" data-id=\"d3bbbe1\" data-element_type=\"widget\" data-widget_type=\"text-editor.default\">\n\t\t\t\t<div class=\"elementor-widget-container\">\n\t\t\t\t\t\t\t\t\t<p>Verwenden Sie Ihre Teilnehmerkarte und zeigen Sie sie in Gesch\u00e4ften vor, die Lundaspelen-Rabatte anbieten.<\/p>\t\t\t\t\t\t\t\t<\/div>\n\t\t\t\t<\/div>\n\t\t\t\t<div class=\"elementor-element elementor-element-6d28942 elementor-widget elementor-widget-button\" data-id=\"6d28942\" data-element_type=\"widget\" data-widget_type=\"button.default\">\n\t\t\t\t<div class=\"elementor-widget-container\">\n\t\t\t\t\t\t\t\t\t<div class=\"elementor-button-wrapper\">\n\t\t\t\t\t<a class=\"elementor-button elementor-button-link elementor-size-sm\" href=\"https:\/\/www.lundaspelen.com\/participant-card\/\" target=\"_blank\">\n\t\t\t\t\t\t<span class=\"elementor-button-content-wrapper\">\n\t\t\t\t\t\t\t\t\t<span class=\"elementor-button-text\">Ihre Teilnehmerkarte<\/span>\n\t\t\t\t\t<\/span>\n\t\t\t\t\t<\/a>\n\t\t\t\t<\/div>\n\t\t\t\t\t\t\t\t<\/div>\n\t\t\t\t<\/div>\n\t\t\t\t<\/div>\n\t\t\t\t<\/div>\n\t\t\t\t<\/div>\n\t\t\t\t<\/div>\n\t\t\t\t<\/div>\n\t\t","protected":false},"excerpt":{"rendered":"<p>Lund entdecken Wo die Freude von Lundaspelen im Herzen der Stadt weitergeht! Angebot an die Teilnehmer von Lundaspelen Lund ist stolz darauf, alle Spieler, Familien und Fans w\u00e4hrend der Lundaspelen willkommen zu hei\u00dfen. Die Freude endet nicht, wenn der Schlusspfiff ert\u00f6nt &#8211; sie geht drau\u00dfen in der Stadt weiter! Gesch\u00e4fte, Caf\u00e9s, Restaurants, Museen und andere [&hellip;]<\/p>\n","protected":false},"author":2,"featured_media":0,"parent":0,"menu_order":0,"comment_status":"closed","ping_status":"closed","template":"","meta":{"inline_featured_image":false,"site-sidebar-layout":"no-sidebar","site-content-layout":"page-builder","ast-site-content-layout":"full-width-container","site-content-style":"default","site-sidebar-style":"default","ast-global-header-display":"","ast-banner-title-visibility":"","ast-main-header-display":"","ast-hfb-above-header-display":"","ast-hfb-below-header-display":"","ast-hfb-mobile-header-display":"","site-post-title":"disabled","ast-breadcrumbs-content":"","ast-featured-img":"disabled","footer-sml-layout":"","ast-disable-related-posts":"","theme-transparent-header-meta":"","adv-header-id-meta":"","stick-header-meta":"","header-above-stick-meta":"","header-main-stick-meta":"","header-below-stick-meta":"","astra-migrate-meta-layouts":"default","ast-page-background-enabled":"default","ast-page-background-meta":{"desktop":{"background-color":"","background-image":"","background-repeat":"repeat","background-position":"center center","background-size":"auto","background-attachment":"scroll","background-type":"","background-media":"","overlay-type":"","overlay-color":"","overlay-opacity":"","overlay-gradient":""},"tablet":{"background-color":"","background-image":"","background-repeat":"repeat","background-position":"center center","background-size":"auto","background-attachment":"scroll","background-type":"","background-media":"","overlay-type":"","overlay-color":"","overlay-opacity":"","overlay-gradient":""},"mobile":{"background-color":"","background-image":"","background-repeat":"repeat","background-position":"center center","background-size":"auto","background-attachment":"scroll","background-type":"","background-media":"","overlay-type":"","overlay-color":"","overlay-opacity":"","overlay-gradient":""}},"ast-content-background-meta":{"desktop":{"background-color":"var(--ast-global-color-5)","background-image":"","background-repeat":"repeat","background-position":"center center","background-size":"auto","background-attachment":"scroll","background-type":"","background-media":"","overlay-type":"","overlay-color":"","overlay-opacity":"","overlay-gradient":""},"tablet":{"background-color":"var(--ast-global-color-5)","background-image":"","background-repeat":"repeat","background-position":"center center","background-size":"auto","background-attachment":"scroll","background-type":"","background-media":"","overlay-type":"","overlay-color":"","overlay-opacity":"","overlay-gradient":""},"mobile":{"background-color":"var(--ast-global-color-5)","background-image":"","background-repeat":"repeat","background-position":"center center","background-size":"auto","background-attachment":"scroll","background-type":"","background-media":"","overlay-type":"","overlay-color":"","overlay-opacity":"","overlay-gradient":""}},"footnotes":""},"class_list":["post-29216","page","type-page","status-publish","hentry"],"yoast_head":"<!-- This site is optimized with the Yoast SEO plugin v26.5 - https:\/\/yoast.com\/wordpress\/plugins\/seo\/ -->\n<title>Lund entdecken - Lundaspelen in Handball<\/title>\n<meta name=\"robots\" content=\"index, follow, max-snippet:-1, max-image-preview:large, max-video-preview:-1\" \/>\n<link rel=\"canonical\" href=\"https:\/\/www.lundaspelen.com\/de\/lund-entdecken\/\" \/>\n<meta property=\"og:locale\" content=\"de_DE\" \/>\n<meta property=\"og:type\" content=\"article\" \/>\n<meta property=\"og:title\" content=\"Lund entdecken - Lundaspelen in Handball\" \/>\n<meta property=\"og:description\" content=\"Lund entdecken Wo die Freude von Lundaspelen im Herzen der Stadt weitergeht! Angebot an die Teilnehmer von Lundaspelen Lund ist stolz darauf, alle Spieler, Familien und Fans w\u00e4hrend der Lundaspelen willkommen zu hei\u00dfen. Die Freude endet nicht, wenn der Schlusspfiff ert\u00f6nt &#8211; sie geht drau\u00dfen in der Stadt weiter! Gesch\u00e4fte, Caf\u00e9s, Restaurants, Museen und andere [&hellip;]\" \/>\n<meta property=\"og:url\" content=\"https:\/\/www.lundaspelen.com\/de\/lund-entdecken\/\" \/>\n<meta property=\"og:site_name\" content=\"Lundaspelen in Handball\" \/>\n<meta property=\"article:publisher\" content=\"https:\/\/www.facebook.com\/lundaspelen\" \/>\n<meta property=\"article:modified_time\" content=\"2025-12-19T08:22:25+00:00\" \/>\n<meta property=\"og:image\" content=\"https:\/\/www.lundaspelen.com\/wp-content\/uploads\/2025\/12\/lundaspelen-lundcity.jpg\" \/>\n<meta name=\"twitter:card\" content=\"summary_large_image\" \/>\n<meta name=\"twitter:label1\" content=\"Gesch\u00e4tzte Lesezeit\" \/>\n\t<meta name=\"twitter:data1\" content=\"1\u00a0Minute\" \/>\n<script type=\"application\/ld+json\" class=\"yoast-schema-graph\">{\"@context\":\"https:\/\/schema.org\",\"@graph\":[{\"@type\":\"WebPage\",\"@id\":\"https:\/\/www.lundaspelen.com\/de\/lund-entdecken\/\",\"url\":\"https:\/\/www.lundaspelen.com\/de\/lund-entdecken\/\",\"name\":\"Lund entdecken - Lundaspelen in Handball\",\"isPartOf\":{\"@id\":\"https:\/\/www.lundaspelen.com\/de\/#website\"},\"primaryImageOfPage\":{\"@id\":\"https:\/\/www.lundaspelen.com\/de\/lund-entdecken\/#primaryimage\"},\"image\":{\"@id\":\"https:\/\/www.lundaspelen.com\/de\/lund-entdecken\/#primaryimage\"},\"thumbnailUrl\":\"https:\/\/www.lundaspelen.com\/wp-content\/uploads\/2025\/12\/lundaspelen-lundcity.jpg\",\"datePublished\":\"2025-04-22T11:23:44+00:00\",\"dateModified\":\"2025-12-19T08:22:25+00:00\",\"breadcrumb\":{\"@id\":\"https:\/\/www.lundaspelen.com\/de\/lund-entdecken\/#breadcrumb\"},\"inLanguage\":\"de\",\"potentialAction\":[{\"@type\":\"ReadAction\",\"target\":[\"https:\/\/www.lundaspelen.com\/de\/lund-entdecken\/\"]}]},{\"@type\":\"ImageObject\",\"inLanguage\":\"de\",\"@id\":\"https:\/\/www.lundaspelen.com\/de\/lund-entdecken\/#primaryimage\",\"url\":\"https:\/\/www.lundaspelen.com\/wp-content\/uploads\/2025\/12\/lundaspelen-lundcity.jpg\",\"contentUrl\":\"https:\/\/www.lundaspelen.com\/wp-content\/uploads\/2025\/12\/lundaspelen-lundcity.jpg\"},{\"@type\":\"BreadcrumbList\",\"@id\":\"https:\/\/www.lundaspelen.com\/de\/lund-entdecken\/#breadcrumb\",\"itemListElement\":[{\"@type\":\"ListItem\",\"position\":1,\"name\":\"Home\",\"item\":\"https:\/\/www.lundaspelen.com\/de\/lundaspelen-im-handball\/\"},{\"@type\":\"ListItem\",\"position\":2,\"name\":\"Lund entdecken\"}]},{\"@type\":\"WebSite\",\"@id\":\"https:\/\/www.lundaspelen.com\/de\/#website\",\"url\":\"https:\/\/www.lundaspelen.com\/de\/\",\"name\":\"Lundaspelen\",\"description\":\"Creating memories for life\",\"publisher\":{\"@id\":\"https:\/\/www.lundaspelen.com\/de\/#organization\"},\"potentialAction\":[{\"@type\":\"SearchAction\",\"target\":{\"@type\":\"EntryPoint\",\"urlTemplate\":\"https:\/\/www.lundaspelen.com\/de\/?s={search_term_string}\"},\"query-input\":{\"@type\":\"PropertyValueSpecification\",\"valueRequired\":true,\"valueName\":\"search_term_string\"}}],\"inLanguage\":\"de\"},{\"@type\":\"Organization\",\"@id\":\"https:\/\/www.lundaspelen.com\/de\/#organization\",\"name\":\"Lundaspelen\",\"url\":\"https:\/\/www.lundaspelen.com\/de\/\",\"logo\":{\"@type\":\"ImageObject\",\"inLanguage\":\"de\",\"@id\":\"https:\/\/www.lundaspelen.com\/de\/#\/schema\/logo\/image\/\",\"url\":\"https:\/\/www.lundaspelen.com\/wp-content\/uploads\/2025\/03\/LUN_Logo_C_RGB.png\",\"contentUrl\":\"https:\/\/www.lundaspelen.com\/wp-content\/uploads\/2025\/03\/LUN_Logo_C_RGB.png\",\"width\":600,\"height\":400,\"caption\":\"Lundaspelen\"},\"image\":{\"@id\":\"https:\/\/www.lundaspelen.com\/de\/#\/schema\/logo\/image\/\"},\"sameAs\":[\"https:\/\/www.facebook.com\/lundaspelen\",\"https:\/\/www.instagram.com\/lundaspelen_hb\/\",\"https:\/\/www.tiktok.com\/@lundaspelen\"]}]}<\/script>\n<!-- \/ Yoast SEO plugin. -->","yoast_head_json":{"title":"Lund entdecken - Lundaspelen in Handball","robots":{"index":"index","follow":"follow","max-snippet":"max-snippet:-1","max-image-preview":"max-image-preview:large","max-video-preview":"max-video-preview:-1"},"canonical":"https:\/\/www.lundaspelen.com\/de\/lund-entdecken\/","og_locale":"de_DE","og_type":"article","og_title":"Lund entdecken - Lundaspelen in Handball","og_description":"Lund entdecken Wo die Freude von Lundaspelen im Herzen der Stadt weitergeht! Angebot an die Teilnehmer von Lundaspelen Lund ist stolz darauf, alle Spieler, Familien und Fans w\u00e4hrend der Lundaspelen willkommen zu hei\u00dfen. Die Freude endet nicht, wenn der Schlusspfiff ert\u00f6nt &#8211; sie geht drau\u00dfen in der Stadt weiter! Gesch\u00e4fte, Caf\u00e9s, Restaurants, Museen und andere [&hellip;]","og_url":"https:\/\/www.lundaspelen.com\/de\/lund-entdecken\/","og_site_name":"Lundaspelen in Handball","article_publisher":"https:\/\/www.facebook.com\/lundaspelen","article_modified_time":"2025-12-19T08:22:25+00:00","og_image":[{"url":"https:\/\/www.lundaspelen.com\/wp-content\/uploads\/2025\/12\/lundaspelen-lundcity.jpg","type":"","width":"","height":""}],"twitter_card":"summary_large_image","twitter_misc":{"Gesch\u00e4tzte Lesezeit":"1\u00a0Minute"},"schema":{"@context":"https:\/\/schema.org","@graph":[{"@type":"WebPage","@id":"https:\/\/www.lundaspelen.com\/de\/lund-entdecken\/","url":"https:\/\/www.lundaspelen.com\/de\/lund-entdecken\/","name":"Lund entdecken - Lundaspelen in Handball","isPartOf":{"@id":"https:\/\/www.lundaspelen.com\/de\/#website"},"primaryImageOfPage":{"@id":"https:\/\/www.lundaspelen.com\/de\/lund-entdecken\/#primaryimage"},"image":{"@id":"https:\/\/www.lundaspelen.com\/de\/lund-entdecken\/#primaryimage"},"thumbnailUrl":"https:\/\/www.lundaspelen.com\/wp-content\/uploads\/2025\/12\/lundaspelen-lundcity.jpg","datePublished":"2025-04-22T11:23:44+00:00","dateModified":"2025-12-19T08:22:25+00:00","breadcrumb":{"@id":"https:\/\/www.lundaspelen.com\/de\/lund-entdecken\/#breadcrumb"},"inLanguage":"de","potentialAction":[{"@type":"ReadAction","target":["https:\/\/www.lundaspelen.com\/de\/lund-entdecken\/"]}]},{"@type":"ImageObject","inLanguage":"de","@id":"https:\/\/www.lundaspelen.com\/de\/lund-entdecken\/#primaryimage","url":"https:\/\/www.lundaspelen.com\/wp-content\/uploads\/2025\/12\/lundaspelen-lundcity.jpg","contentUrl":"https:\/\/www.lundaspelen.com\/wp-content\/uploads\/2025\/12\/lundaspelen-lundcity.jpg"},{"@type":"BreadcrumbList","@id":"https:\/\/www.lundaspelen.com\/de\/lund-entdecken\/#breadcrumb","itemListElement":[{"@type":"ListItem","position":1,"name":"Home","item":"https:\/\/www.lundaspelen.com\/de\/lundaspelen-im-handball\/"},{"@type":"ListItem","position":2,"name":"Lund entdecken"}]},{"@type":"WebSite","@id":"https:\/\/www.lundaspelen.com\/de\/#website","url":"https:\/\/www.lundaspelen.com\/de\/","name":"Lundaspelen","description":"Creating memories for life","publisher":{"@id":"https:\/\/www.lundaspelen.com\/de\/#organization"},"potentialAction":[{"@type":"SearchAction","target":{"@type":"EntryPoint","urlTemplate":"https:\/\/www.lundaspelen.com\/de\/?s={search_term_string}"},"query-input":{"@type":"PropertyValueSpecification","valueRequired":true,"valueName":"search_term_string"}}],"inLanguage":"de"},{"@type":"Organization","@id":"https:\/\/www.lundaspelen.com\/de\/#organization","name":"Lundaspelen","url":"https:\/\/www.lundaspelen.com\/de\/","logo":{"@type":"ImageObject","inLanguage":"de","@id":"https:\/\/www.lundaspelen.com\/de\/#\/schema\/logo\/image\/","url":"https:\/\/www.lundaspelen.com\/wp-content\/uploads\/2025\/03\/LUN_Logo_C_RGB.png","contentUrl":"https:\/\/www.lundaspelen.com\/wp-content\/uploads\/2025\/03\/LUN_Logo_C_RGB.png","width":600,"height":400,"caption":"Lundaspelen"},"image":{"@id":"https:\/\/www.lundaspelen.com\/de\/#\/schema\/logo\/image\/"},"sameAs":["https:\/\/www.facebook.com\/lundaspelen","https:\/\/www.instagram.com\/lundaspelen_hb\/","https:\/\/www.tiktok.com\/@lundaspelen"]}]}},"_links":{"self":[{"href":"https:\/\/www.lundaspelen.com\/de\/wp-json\/wp\/v2\/pages\/29216","targetHints":{"allow":["GET"]}}],"collection":[{"href":"https:\/\/www.lundaspelen.com\/de\/wp-json\/wp\/v2\/pages"}],"about":[{"href":"https:\/\/www.lundaspelen.com\/de\/wp-json\/wp\/v2\/types\/page"}],"author":[{"embeddable":true,"href":"https:\/\/www.lundaspelen.com\/de\/wp-json\/wp\/v2\/users\/2"}],"replies":[{"embeddable":true,"href":"https:\/\/www.lundaspelen.com\/de\/wp-json\/wp\/v2\/comments?post=29216"}],"version-history":[{"count":4,"href":"https:\/\/www.lundaspelen.com\/de\/wp-json\/wp\/v2\/pages\/29216\/revisions"}],"predecessor-version":[{"id":29282,"href":"https:\/\/www.lundaspelen.com\/de\/wp-json\/wp\/v2\/pages\/29216\/revisions\/29282"}],"wp:attachment":[{"href":"https:\/\/www.lundaspelen.com\/de\/wp-json\/wp\/v2\/media?parent=29216"}],"curies":[{"name":"wp","href":"https:\/\/api.w.org\/{rel}","templated":true}]}}