{"id":27666,"date":"2025-06-18T08:32:27","date_gmt":"2025-06-18T08:32:27","guid":{"rendered":"https:\/\/www.lundaspelen.com\/schiedsrichter-in-lundaspelen\/"},"modified":"2025-07-04T11:44:52","modified_gmt":"2025-07-04T11:44:52","slug":"schiedsrichter-in-lundaspelen","status":"publish","type":"page","link":"https:\/\/www.lundaspelen.com\/de\/schiedsrichter-in-lundaspelen\/","title":{"rendered":"Schiedsrichter in Lundaspelen"},"content":{"rendered":"\t\t<div data-elementor-type=\"wp-page\" data-elementor-id=\"27666\" class=\"elementor elementor-27666 elementor-27154\" data-elementor-post-type=\"page\">\n\t\t\t\t<div class=\"elementor-element elementor-element-21bb9aca e-flex e-con-boxed e-con e-parent\" data-id=\"21bb9aca\" data-element_type=\"container\" data-settings=\"{&quot;background_background&quot;:&quot;slideshow&quot;,&quot;background_slideshow_gallery&quot;:[{&quot;id&quot;:28199,&quot;url&quot;:&quot;https:\\\/\\\/www.lundaspelen.com\\\/wp-content\\\/uploads\\\/2025\\\/07\\\/lundaspelen2024-referee1.jpg&quot;}],&quot;background_slideshow_loop&quot;:&quot;yes&quot;,&quot;background_slideshow_slide_duration&quot;:5000,&quot;background_slideshow_slide_transition&quot;:&quot;fade&quot;,&quot;background_slideshow_transition_duration&quot;:500}\">\n\t\t\t\t\t<div class=\"e-con-inner\">\n\t\t<div class=\"elementor-element elementor-element-154ae75c e-con-full e-flex e-con e-child\" data-id=\"154ae75c\" data-element_type=\"container\">\n\t\t<div class=\"elementor-element elementor-element-55023bb2 e-con-full e-flex e-con e-child\" data-id=\"55023bb2\" data-element_type=\"container\">\n\t\t\t\t<div class=\"elementor-element elementor-element-4b5fdfd2 elementor-widget elementor-widget-image-box\" data-id=\"4b5fdfd2\" data-element_type=\"widget\" data-widget_type=\"image-box.default\">\n\t\t\t\t<div class=\"elementor-widget-container\">\n\t\t\t\t\t<div class=\"elementor-image-box-wrapper\"><div class=\"elementor-image-box-content\"><h1 class=\"elementor-image-box-title\">REFERENT<\/h1><p class=\"elementor-image-box-description\">Werden Sie Teil des Schiedsrichterteams beim gr\u00f6\u00dften Hallenhandballturnier der Welt!<\/p><\/div><\/div>\t\t\t\t<\/div>\n\t\t\t\t<\/div>\n\t\t<div class=\"elementor-element elementor-element-1608862 e-grid e-con-full e-con e-child\" data-id=\"1608862\" data-element_type=\"container\">\n\t\t\t\t<div class=\"elementor-element elementor-element-9289edb elementor-align-center elementor-widget elementor-widget-button\" data-id=\"9289edb\" data-element_type=\"widget\" data-widget_type=\"button.default\">\n\t\t\t\t<div class=\"elementor-widget-container\">\n\t\t\t\t\t\t\t\t\t<div class=\"elementor-button-wrapper\">\n\t\t\t\t\t<a class=\"elementor-button elementor-button-link elementor-size-sm\" href=\"https:\/\/lundaspelen.cups.nu\/en\/j\/public\/regreferee\" target=\"_blank\">\n\t\t\t\t\t\t<span class=\"elementor-button-content-wrapper\">\n\t\t\t\t\t\t\t\t\t<span class=\"elementor-button-text\">Registrieren Sie sich als Schiedsrichter<\/span>\n\t\t\t\t\t<\/span>\n\t\t\t\t\t<\/a>\n\t\t\t\t<\/div>\n\t\t\t\t\t\t\t\t<\/div>\n\t\t\t\t<\/div>\n\t\t\t\t<div class=\"elementor-element elementor-element-6f29f0a elementor-widget elementor-widget-button\" data-id=\"6f29f0a\" data-element_type=\"widget\" data-widget_type=\"button.default\">\n\t\t\t\t<div class=\"elementor-widget-container\">\n\t\t\t\t\t\t\t\t\t<div class=\"elementor-button-wrapper\">\n\t\t\t\t\t<a class=\"elementor-button elementor-button-link elementor-size-sm\" href=\"https:\/\/lundaspelen.cups.nu\/en\/reg\/profile?sso_result=false\" target=\"_blank\">\n\t\t\t\t\t\t<span class=\"elementor-button-content-wrapper\">\n\t\t\t\t\t\t\t\t\t<span class=\"elementor-button-text\">Loggen Sie sich auf Ihrer Schiedsrichterseite ein<\/span>\n\t\t\t\t\t<\/span>\n\t\t\t\t\t<\/a>\n\t\t\t\t<\/div>\n\t\t\t\t\t\t\t\t<\/div>\n\t\t\t\t<\/div>\n\t\t\t\t<\/div>\n\t\t\t\t<\/div>\n\t\t\t\t<\/div>\n\t\t\t\t\t<\/div>\n\t\t\t\t<\/div>\n\t\t<div class=\"elementor-element elementor-element-2654349 e-flex e-con-boxed e-con e-parent\" data-id=\"2654349\" data-element_type=\"container\">\n\t\t\t\t\t<div class=\"e-con-inner\">\n\t\t\t\t<div class=\"elementor-element elementor-element-53aac01 elementor-widget elementor-widget-text-editor\" data-id=\"53aac01\" data-element_type=\"widget\" data-widget_type=\"text-editor.default\">\n\t\t\t\t<div class=\"elementor-widget-container\">\n\t\t\t\t\t\t\t\t\t<h3>Seien Sie Teil von etwas Gr\u00f6\u00dferem &#8211; Schiedsrichter bei Lundaspelen!<\/h3><p>Als Schiedsrichter bei Lundaspelen entwickeln Sie sich in einem internationalen Umfeld weiter, kn\u00fcpfen Kontakte mit Kollegen aus der ganzen Welt und spielen eine Schl\u00fcsselrolle beim gr\u00f6\u00dften Hallenhandballturnier der Welt.<\/p><p>W\u00e4hrend einiger intensiver Tage im Dezember wird die Stadt Lund von Leidenschaft, Teamgeist und Spitzenhandball erf\u00fcllt &#8211; und Sie sind mittendrin. Ein Erlebnis, das Sie nicht vergessen werden!<\/p>\t\t\t\t\t\t\t\t<\/div>\n\t\t\t\t<\/div>\n\t\t\t\t\t<\/div>\n\t\t\t\t<\/div>\n\t\t<div class=\"elementor-element elementor-element-e872150 e-grid e-con-boxed e-con e-parent\" data-id=\"e872150\" data-element_type=\"container\">\n\t\t\t\t\t<div class=\"e-con-inner\">\n\t\t<div class=\"elementor-element elementor-element-015355a e-grid e-con-full e-con e-child\" data-id=\"015355a\" data-element_type=\"container\">\n\t\t\t\t<div class=\"elementor-element elementor-element-0b77aa6 elementor-align-center elementor-widget elementor-widget-button\" data-id=\"0b77aa6\" data-element_type=\"widget\" data-widget_type=\"button.default\">\n\t\t\t\t<div class=\"elementor-widget-container\">\n\t\t\t\t\t\t\t\t\t<div class=\"elementor-button-wrapper\">\n\t\t\t\t\t<a class=\"elementor-button elementor-button-link elementor-size-sm\" href=\"https:\/\/www.lundaspelen.com\/avtal-for-svenska-domare\/\" target=\"_blank\">\n\t\t\t\t\t\t<span class=\"elementor-button-content-wrapper\">\n\t\t\t\t\t\t\t\t\t<span class=\"elementor-button-text\">Vereinbarung schwedische Schiedsrichter<\/span>\n\t\t\t\t\t<\/span>\n\t\t\t\t\t<\/a>\n\t\t\t\t<\/div>\n\t\t\t\t\t\t\t\t<\/div>\n\t\t\t\t<\/div>\n\t\t\t\t<\/div>\n\t\t\t\t<div class=\"elementor-element elementor-element-e9cef1c elementor-align-center elementor-widget elementor-widget-button\" data-id=\"e9cef1c\" data-element_type=\"widget\" data-widget_type=\"button.default\">\n\t\t\t\t<div class=\"elementor-widget-container\">\n\t\t\t\t\t\t\t\t\t<div class=\"elementor-button-wrapper\">\n\t\t\t\t\t<a class=\"elementor-button elementor-button-link elementor-size-sm\" href=\"https:\/\/www.lundaspelen.com\/agreement-for-international-referees\/\" target=\"_blank\">\n\t\t\t\t\t\t<span class=\"elementor-button-content-wrapper\">\n\t\t\t\t\t\t\t\t\t<span class=\"elementor-button-text\">Vereinbarung Internationale Schiedsrichter<\/span>\n\t\t\t\t\t<\/span>\n\t\t\t\t\t<\/a>\n\t\t\t\t<\/div>\n\t\t\t\t\t\t\t\t<\/div>\n\t\t\t\t<\/div>\n\t\t\t\t\t<\/div>\n\t\t\t\t<\/div>\n\t\t\t\t<\/div>\n\t\t","protected":false},"excerpt":{"rendered":"<p>REFERENT Werden Sie Teil des Schiedsrichterteams beim gr\u00f6\u00dften Hallenhandballturnier der Welt! Registrieren Sie sich als Schiedsrichter Loggen Sie sich auf Ihrer Schiedsrichterseite ein Seien Sie Teil von etwas Gr\u00f6\u00dferem &#8211; Schiedsrichter bei Lundaspelen! Als Schiedsrichter bei Lundaspelen entwickeln Sie sich in einem internationalen Umfeld weiter, kn\u00fcpfen Kontakte mit Kollegen aus der ganzen Welt und spielen [&hellip;]<\/p>\n","protected":false},"author":2,"featured_media":0,"parent":0,"menu_order":0,"comment_status":"closed","ping_status":"closed","template":"","meta":{"inline_featured_image":false,"site-sidebar-layout":"no-sidebar","site-content-layout":"page-builder","ast-site-content-layout":"full-width-container","site-content-style":"default","site-sidebar-style":"default","ast-global-header-display":"","ast-banner-title-visibility":"","ast-main-header-display":"","ast-hfb-above-header-display":"","ast-hfb-below-header-display":"","ast-hfb-mobile-header-display":"","site-post-title":"disabled","ast-breadcrumbs-content":"","ast-featured-img":"disabled","footer-sml-layout":"","ast-disable-related-posts":"","theme-transparent-header-meta":"","adv-header-id-meta":"","stick-header-meta":"","header-above-stick-meta":"","header-main-stick-meta":"","header-below-stick-meta":"","astra-migrate-meta-layouts":"default","ast-page-background-enabled":"default","ast-page-background-meta":{"desktop":{"background-color":"","background-image":"","background-repeat":"repeat","background-position":"center center","background-size":"auto","background-attachment":"scroll","background-type":"","background-media":"","overlay-type":"","overlay-color":"","overlay-opacity":"","overlay-gradient":""},"tablet":{"background-color":"","background-image":"","background-repeat":"repeat","background-position":"center center","background-size":"auto","background-attachment":"scroll","background-type":"","background-media":"","overlay-type":"","overlay-color":"","overlay-opacity":"","overlay-gradient":""},"mobile":{"background-color":"","background-image":"","background-repeat":"repeat","background-position":"center center","background-size":"auto","background-attachment":"scroll","background-type":"","background-media":"","overlay-type":"","overlay-color":"","overlay-opacity":"","overlay-gradient":""}},"ast-content-background-meta":{"desktop":{"background-color":"var(--ast-global-color-5)","background-image":"","background-repeat":"repeat","background-position":"center center","background-size":"auto","background-attachment":"scroll","background-type":"","background-media":"","overlay-type":"","overlay-color":"","overlay-opacity":"","overlay-gradient":""},"tablet":{"background-color":"var(--ast-global-color-5)","background-image":"","background-repeat":"repeat","background-position":"center center","background-size":"auto","background-attachment":"scroll","background-type":"","background-media":"","overlay-type":"","overlay-color":"","overlay-opacity":"","overlay-gradient":""},"mobile":{"background-color":"var(--ast-global-color-5)","background-image":"","background-repeat":"repeat","background-position":"center center","background-size":"auto","background-attachment":"scroll","background-type":"","background-media":"","overlay-type":"","overlay-color":"","overlay-opacity":"","overlay-gradient":""}},"footnotes":""},"class_list":["post-27666","page","type-page","status-publish","hentry"],"yoast_head":"<!-- This site is optimized with the Yoast SEO plugin v26.5 - https:\/\/yoast.com\/wordpress\/plugins\/seo\/ -->\n<title>Schiedsrichter in Lundaspelen - Lundaspelen in Handball<\/title>\n<meta name=\"robots\" content=\"index, follow, max-snippet:-1, max-image-preview:large, max-video-preview:-1\" \/>\n<link rel=\"canonical\" href=\"https:\/\/www.lundaspelen.com\/de\/schiedsrichter-in-lundaspelen\/\" \/>\n<meta property=\"og:locale\" content=\"de_DE\" \/>\n<meta property=\"og:type\" content=\"article\" \/>\n<meta property=\"og:title\" content=\"Schiedsrichter in Lundaspelen - Lundaspelen in Handball\" \/>\n<meta property=\"og:description\" content=\"REFERENT Werden Sie Teil des Schiedsrichterteams beim gr\u00f6\u00dften Hallenhandballturnier der Welt! Registrieren Sie sich als Schiedsrichter Loggen Sie sich auf Ihrer Schiedsrichterseite ein Seien Sie Teil von etwas Gr\u00f6\u00dferem &#8211; Schiedsrichter bei Lundaspelen! Als Schiedsrichter bei Lundaspelen entwickeln Sie sich in einem internationalen Umfeld weiter, kn\u00fcpfen Kontakte mit Kollegen aus der ganzen Welt und spielen [&hellip;]\" \/>\n<meta property=\"og:url\" content=\"https:\/\/www.lundaspelen.com\/de\/schiedsrichter-in-lundaspelen\/\" \/>\n<meta property=\"og:site_name\" content=\"Lundaspelen in Handball\" \/>\n<meta property=\"article:publisher\" content=\"https:\/\/www.facebook.com\/lundaspelen\" \/>\n<meta property=\"article:modified_time\" content=\"2025-07-04T11:44:52+00:00\" \/>\n<meta property=\"og:image\" content=\"https:\/\/www.lundaspelen.com\/wp-content\/uploads\/2025\/03\/lundaspelen.jpg\" \/>\n\t<meta property=\"og:image:width\" content=\"1800\" \/>\n\t<meta property=\"og:image:height\" content=\"1200\" \/>\n\t<meta property=\"og:image:type\" content=\"image\/jpeg\" \/>\n<meta name=\"twitter:card\" content=\"summary_large_image\" \/>\n<meta name=\"twitter:label1\" content=\"Gesch\u00e4tzte Lesezeit\" \/>\n\t<meta name=\"twitter:data1\" content=\"1\u00a0Minute\" \/>\n<script type=\"application\/ld+json\" class=\"yoast-schema-graph\">{\"@context\":\"https:\/\/schema.org\",\"@graph\":[{\"@type\":\"WebPage\",\"@id\":\"https:\/\/www.lundaspelen.com\/de\/schiedsrichter-in-lundaspelen\/\",\"url\":\"https:\/\/www.lundaspelen.com\/de\/schiedsrichter-in-lundaspelen\/\",\"name\":\"Schiedsrichter in Lundaspelen - Lundaspelen in Handball\",\"isPartOf\":{\"@id\":\"https:\/\/www.lundaspelen.com\/de\/#website\"},\"datePublished\":\"2025-06-18T08:32:27+00:00\",\"dateModified\":\"2025-07-04T11:44:52+00:00\",\"breadcrumb\":{\"@id\":\"https:\/\/www.lundaspelen.com\/de\/schiedsrichter-in-lundaspelen\/#breadcrumb\"},\"inLanguage\":\"de\",\"potentialAction\":[{\"@type\":\"ReadAction\",\"target\":[\"https:\/\/www.lundaspelen.com\/de\/schiedsrichter-in-lundaspelen\/\"]}]},{\"@type\":\"BreadcrumbList\",\"@id\":\"https:\/\/www.lundaspelen.com\/de\/schiedsrichter-in-lundaspelen\/#breadcrumb\",\"itemListElement\":[{\"@type\":\"ListItem\",\"position\":1,\"name\":\"Home\",\"item\":\"https:\/\/www.lundaspelen.com\/de\/lundaspelen-im-handball\/\"},{\"@type\":\"ListItem\",\"position\":2,\"name\":\"Schiedsrichter in Lundaspelen\"}]},{\"@type\":\"WebSite\",\"@id\":\"https:\/\/www.lundaspelen.com\/de\/#website\",\"url\":\"https:\/\/www.lundaspelen.com\/de\/\",\"name\":\"Lundaspelen\",\"description\":\"Creating memories for life\",\"publisher\":{\"@id\":\"https:\/\/www.lundaspelen.com\/de\/#organization\"},\"potentialAction\":[{\"@type\":\"SearchAction\",\"target\":{\"@type\":\"EntryPoint\",\"urlTemplate\":\"https:\/\/www.lundaspelen.com\/de\/?s={search_term_string}\"},\"query-input\":{\"@type\":\"PropertyValueSpecification\",\"valueRequired\":true,\"valueName\":\"search_term_string\"}}],\"inLanguage\":\"de\"},{\"@type\":\"Organization\",\"@id\":\"https:\/\/www.lundaspelen.com\/de\/#organization\",\"name\":\"Lundaspelen\",\"url\":\"https:\/\/www.lundaspelen.com\/de\/\",\"logo\":{\"@type\":\"ImageObject\",\"inLanguage\":\"de\",\"@id\":\"https:\/\/www.lundaspelen.com\/de\/#\/schema\/logo\/image\/\",\"url\":\"https:\/\/www.lundaspelen.com\/wp-content\/uploads\/2025\/03\/LUN_Logo_C_RGB.png\",\"contentUrl\":\"https:\/\/www.lundaspelen.com\/wp-content\/uploads\/2025\/03\/LUN_Logo_C_RGB.png\",\"width\":600,\"height\":400,\"caption\":\"Lundaspelen\"},\"image\":{\"@id\":\"https:\/\/www.lundaspelen.com\/de\/#\/schema\/logo\/image\/\"},\"sameAs\":[\"https:\/\/www.facebook.com\/lundaspelen\",\"https:\/\/www.instagram.com\/lundaspelen_hb\/\",\"https:\/\/www.tiktok.com\/@lundaspelen\"]}]}<\/script>\n<!-- \/ Yoast SEO plugin. -->","yoast_head_json":{"title":"Schiedsrichter in Lundaspelen - Lundaspelen in Handball","robots":{"index":"index","follow":"follow","max-snippet":"max-snippet:-1","max-image-preview":"max-image-preview:large","max-video-preview":"max-video-preview:-1"},"canonical":"https:\/\/www.lundaspelen.com\/de\/schiedsrichter-in-lundaspelen\/","og_locale":"de_DE","og_type":"article","og_title":"Schiedsrichter in Lundaspelen - Lundaspelen in Handball","og_description":"REFERENT Werden Sie Teil des Schiedsrichterteams beim gr\u00f6\u00dften Hallenhandballturnier der Welt! Registrieren Sie sich als Schiedsrichter Loggen Sie sich auf Ihrer Schiedsrichterseite ein Seien Sie Teil von etwas Gr\u00f6\u00dferem &#8211; Schiedsrichter bei Lundaspelen! Als Schiedsrichter bei Lundaspelen entwickeln Sie sich in einem internationalen Umfeld weiter, kn\u00fcpfen Kontakte mit Kollegen aus der ganzen Welt und spielen [&hellip;]","og_url":"https:\/\/www.lundaspelen.com\/de\/schiedsrichter-in-lundaspelen\/","og_site_name":"Lundaspelen in Handball","article_publisher":"https:\/\/www.facebook.com\/lundaspelen","article_modified_time":"2025-07-04T11:44:52+00:00","og_image":[{"width":1800,"height":1200,"url":"https:\/\/www.lundaspelen.com\/wp-content\/uploads\/2025\/03\/lundaspelen.jpg","type":"image\/jpeg"}],"twitter_card":"summary_large_image","twitter_misc":{"Gesch\u00e4tzte Lesezeit":"1\u00a0Minute"},"schema":{"@context":"https:\/\/schema.org","@graph":[{"@type":"WebPage","@id":"https:\/\/www.lundaspelen.com\/de\/schiedsrichter-in-lundaspelen\/","url":"https:\/\/www.lundaspelen.com\/de\/schiedsrichter-in-lundaspelen\/","name":"Schiedsrichter in Lundaspelen - Lundaspelen in Handball","isPartOf":{"@id":"https:\/\/www.lundaspelen.com\/de\/#website"},"datePublished":"2025-06-18T08:32:27+00:00","dateModified":"2025-07-04T11:44:52+00:00","breadcrumb":{"@id":"https:\/\/www.lundaspelen.com\/de\/schiedsrichter-in-lundaspelen\/#breadcrumb"},"inLanguage":"de","potentialAction":[{"@type":"ReadAction","target":["https:\/\/www.lundaspelen.com\/de\/schiedsrichter-in-lundaspelen\/"]}]},{"@type":"BreadcrumbList","@id":"https:\/\/www.lundaspelen.com\/de\/schiedsrichter-in-lundaspelen\/#breadcrumb","itemListElement":[{"@type":"ListItem","position":1,"name":"Home","item":"https:\/\/www.lundaspelen.com\/de\/lundaspelen-im-handball\/"},{"@type":"ListItem","position":2,"name":"Schiedsrichter in Lundaspelen"}]},{"@type":"WebSite","@id":"https:\/\/www.lundaspelen.com\/de\/#website","url":"https:\/\/www.lundaspelen.com\/de\/","name":"Lundaspelen","description":"Creating memories for life","publisher":{"@id":"https:\/\/www.lundaspelen.com\/de\/#organization"},"potentialAction":[{"@type":"SearchAction","target":{"@type":"EntryPoint","urlTemplate":"https:\/\/www.lundaspelen.com\/de\/?s={search_term_string}"},"query-input":{"@type":"PropertyValueSpecification","valueRequired":true,"valueName":"search_term_string"}}],"inLanguage":"de"},{"@type":"Organization","@id":"https:\/\/www.lundaspelen.com\/de\/#organization","name":"Lundaspelen","url":"https:\/\/www.lundaspelen.com\/de\/","logo":{"@type":"ImageObject","inLanguage":"de","@id":"https:\/\/www.lundaspelen.com\/de\/#\/schema\/logo\/image\/","url":"https:\/\/www.lundaspelen.com\/wp-content\/uploads\/2025\/03\/LUN_Logo_C_RGB.png","contentUrl":"https:\/\/www.lundaspelen.com\/wp-content\/uploads\/2025\/03\/LUN_Logo_C_RGB.png","width":600,"height":400,"caption":"Lundaspelen"},"image":{"@id":"https:\/\/www.lundaspelen.com\/de\/#\/schema\/logo\/image\/"},"sameAs":["https:\/\/www.facebook.com\/lundaspelen","https:\/\/www.instagram.com\/lundaspelen_hb\/","https:\/\/www.tiktok.com\/@lundaspelen"]}]}},"_links":{"self":[{"href":"https:\/\/www.lundaspelen.com\/de\/wp-json\/wp\/v2\/pages\/27666","targetHints":{"allow":["GET"]}}],"collection":[{"href":"https:\/\/www.lundaspelen.com\/de\/wp-json\/wp\/v2\/pages"}],"about":[{"href":"https:\/\/www.lundaspelen.com\/de\/wp-json\/wp\/v2\/types\/page"}],"author":[{"embeddable":true,"href":"https:\/\/www.lundaspelen.com\/de\/wp-json\/wp\/v2\/users\/2"}],"replies":[{"embeddable":true,"href":"https:\/\/www.lundaspelen.com\/de\/wp-json\/wp\/v2\/comments?post=27666"}],"version-history":[{"count":3,"href":"https:\/\/www.lundaspelen.com\/de\/wp-json\/wp\/v2\/pages\/27666\/revisions"}],"predecessor-version":[{"id":28206,"href":"https:\/\/www.lundaspelen.com\/de\/wp-json\/wp\/v2\/pages\/27666\/revisions\/28206"}],"wp:attachment":[{"href":"https:\/\/www.lundaspelen.com\/de\/wp-json\/wp\/v2\/media?parent=27666"}],"curies":[{"name":"wp","href":"https:\/\/api.w.org\/{rel}","templated":true}]}}