{"id":27642,"date":"2025-04-22T19:52:09","date_gmt":"2025-04-22T19:52:09","guid":{"rendered":"https:\/\/www.lundaspelen.com\/transport\/"},"modified":"2025-12-28T17:31:54","modified_gmt":"2025-12-28T17:31:54","slug":"transport","status":"publish","type":"page","link":"https:\/\/www.lundaspelen.com\/de\/transport\/","title":{"rendered":"Transport"},"content":{"rendered":"\t\t<div data-elementor-type=\"wp-page\" data-elementor-id=\"27642\" class=\"elementor elementor-27642\" data-elementor-post-type=\"page\">\n\t\t\t\t<div class=\"elementor-element elementor-element-26b85d46 e-flex e-con-boxed e-con e-parent\" data-id=\"26b85d46\" data-element_type=\"container\" data-settings=\"{&quot;background_background&quot;:&quot;slideshow&quot;,&quot;background_slideshow_gallery&quot;:[{&quot;id&quot;:27444,&quot;url&quot;:&quot;https:\\\/\\\/www.lundaspelen.com\\\/wp-content\\\/uploads\\\/2025\\\/03\\\/lundaspelen-1-2-1.jpg&quot;}],&quot;background_slideshow_loop&quot;:&quot;yes&quot;,&quot;background_slideshow_slide_duration&quot;:5000,&quot;background_slideshow_slide_transition&quot;:&quot;fade&quot;,&quot;background_slideshow_transition_duration&quot;:500}\">\n\t\t\t\t\t<div class=\"e-con-inner\">\n\t\t<div class=\"elementor-element elementor-element-37680008 e-con-full e-flex e-con e-child\" data-id=\"37680008\" data-element_type=\"container\">\n\t\t\t\t<div class=\"elementor-element elementor-element-70ba64f1 elementor-widget elementor-widget-heading\" data-id=\"70ba64f1\" data-element_type=\"widget\" data-widget_type=\"heading.default\">\n\t\t\t\t<div class=\"elementor-widget-container\">\n\t\t\t\t\t<h1 class=\"elementor-heading-title elementor-size-default\">Transport<\/h1>\t\t\t\t<\/div>\n\t\t\t\t<\/div>\n\t\t\t\t<\/div>\n\t\t\t\t\t<\/div>\n\t\t\t\t<\/div>\n\t\t<div class=\"elementor-element elementor-element-e7a8c1b e-flex e-con-boxed e-con e-parent\" data-id=\"e7a8c1b\" data-element_type=\"container\">\n\t\t\t\t\t<div class=\"e-con-inner\">\n\t\t\t\t<div class=\"elementor-element elementor-element-2d1969b elementor-widget elementor-widget-text-editor\" data-id=\"2d1969b\" data-element_type=\"widget\" data-widget_type=\"text-editor.default\">\n\t\t\t\t<div class=\"elementor-widget-container\">\n\t\t\t\t\t\t\t\t\t<h3>Reisen w\u00e4hrend Lundaspelen<\/h3><p>Alle Teilnehmer mit einer physischen Travel Card k\u00f6nnen mit Sk\u00e5netrafiken kostenlos zwischen Schulen, Arenen und Mensen reisen. Sie erhalten die Karte, wenn Sie die Unterkunft \u00fcber Lundaspelen gebucht oder das Add On (Mahlzeiten und Transport) separat erworben haben. Die physische Karte f\u00fcr den Transport wird beim Check-in ausgeh\u00e4ndigt und muss bei jeder Fahrt mitgebracht und gescannt werden.<\/p><h3>Ankunft in Lund (26. Dezember)<\/h3><p>Wenn Sie aus dem Ausland \u00fcber den Flughafen Kopenhagen (Kastrup) oder den Hauptbahnhof Kopenhagen anreisen, empfehlen wir Ihnen, Ihre Fahrkarte zum Hauptbahnhof Lund im Voraus \u00fcber die Sk\u00e5netrafiken-App zu kaufen. Dieses Ticket gilt auch f\u00fcr Fahrten innerhalb von Lund zu Ihrer Unterkunft.<\/p><p><strong><span style=\"font-style: inherit;\">Planen Sie Ihre Reise im Voraus:<\/span><\/strong><\/p><ul><li>www.skanetrafiken.se\/sok-resa<\/li><li>Die Sk\u00e5netrafiken-App<\/li><li>Google Maps (um Haltestellen in der N\u00e4he zu finden)<\/li><\/ul>\t\t\t\t\t\t\t\t<\/div>\n\t\t\t\t<\/div>\n\t\t\t\t\t<\/div>\n\t\t\t\t<\/div>\n\t\t\t\t<\/div>\n\t\t","protected":false},"excerpt":{"rendered":"<p>Transport Reisen w\u00e4hrend Lundaspelen Alle Teilnehmer mit einer physischen Travel Card k\u00f6nnen mit Sk\u00e5netrafiken kostenlos zwischen Schulen, Arenen und Mensen reisen. Sie erhalten die Karte, wenn Sie die Unterkunft \u00fcber Lundaspelen gebucht oder das Add On (Mahlzeiten und Transport) separat erworben haben. Die physische Karte f\u00fcr den Transport wird beim Check-in ausgeh\u00e4ndigt und muss bei [&hellip;]<\/p>\n","protected":false},"author":2,"featured_media":0,"parent":0,"menu_order":0,"comment_status":"closed","ping_status":"closed","template":"","meta":{"inline_featured_image":false,"site-sidebar-layout":"no-sidebar","site-content-layout":"page-builder","ast-site-content-layout":"full-width-container","site-content-style":"default","site-sidebar-style":"default","ast-global-header-display":"","ast-banner-title-visibility":"","ast-main-header-display":"","ast-hfb-above-header-display":"","ast-hfb-below-header-display":"","ast-hfb-mobile-header-display":"","site-post-title":"disabled","ast-breadcrumbs-content":"","ast-featured-img":"disabled","footer-sml-layout":"","ast-disable-related-posts":"","theme-transparent-header-meta":"","adv-header-id-meta":"","stick-header-meta":"","header-above-stick-meta":"","header-main-stick-meta":"","header-below-stick-meta":"","astra-migrate-meta-layouts":"default","ast-page-background-enabled":"default","ast-page-background-meta":{"desktop":{"background-color":"","background-image":"","background-repeat":"repeat","background-position":"center center","background-size":"auto","background-attachment":"scroll","background-type":"","background-media":"","overlay-type":"","overlay-color":"","overlay-opacity":"","overlay-gradient":""},"tablet":{"background-color":"","background-image":"","background-repeat":"repeat","background-position":"center center","background-size":"auto","background-attachment":"scroll","background-type":"","background-media":"","overlay-type":"","overlay-color":"","overlay-opacity":"","overlay-gradient":""},"mobile":{"background-color":"","background-image":"","background-repeat":"repeat","background-position":"center center","background-size":"auto","background-attachment":"scroll","background-type":"","background-media":"","overlay-type":"","overlay-color":"","overlay-opacity":"","overlay-gradient":""}},"ast-content-background-meta":{"desktop":{"background-color":"var(--ast-global-color-5)","background-image":"","background-repeat":"repeat","background-position":"center center","background-size":"auto","background-attachment":"scroll","background-type":"","background-media":"","overlay-type":"","overlay-color":"","overlay-opacity":"","overlay-gradient":""},"tablet":{"background-color":"var(--ast-global-color-5)","background-image":"","background-repeat":"repeat","background-position":"center center","background-size":"auto","background-attachment":"scroll","background-type":"","background-media":"","overlay-type":"","overlay-color":"","overlay-opacity":"","overlay-gradient":""},"mobile":{"background-color":"var(--ast-global-color-5)","background-image":"","background-repeat":"repeat","background-position":"center center","background-size":"auto","background-attachment":"scroll","background-type":"","background-media":"","overlay-type":"","overlay-color":"","overlay-opacity":"","overlay-gradient":""}},"footnotes":""},"class_list":["post-27642","page","type-page","status-publish","hentry"],"yoast_head":"<!-- This site is optimized with the Yoast SEO plugin v26.5 - https:\/\/yoast.com\/wordpress\/plugins\/seo\/ -->\n<title>Transport - Lundaspelen in Handball<\/title>\n<meta name=\"robots\" content=\"index, follow, max-snippet:-1, max-image-preview:large, max-video-preview:-1\" \/>\n<link rel=\"canonical\" href=\"https:\/\/www.lundaspelen.com\/de\/transport\/\" \/>\n<meta property=\"og:locale\" content=\"de_DE\" \/>\n<meta property=\"og:type\" content=\"article\" \/>\n<meta property=\"og:title\" content=\"Transport - Lundaspelen in Handball\" \/>\n<meta property=\"og:description\" content=\"Transport Reisen w\u00e4hrend Lundaspelen Alle Teilnehmer mit einer physischen Travel Card k\u00f6nnen mit Sk\u00e5netrafiken kostenlos zwischen Schulen, Arenen und Mensen reisen. Sie erhalten die Karte, wenn Sie die Unterkunft \u00fcber Lundaspelen gebucht oder das Add On (Mahlzeiten und Transport) separat erworben haben. Die physische Karte f\u00fcr den Transport wird beim Check-in ausgeh\u00e4ndigt und muss bei [&hellip;]\" \/>\n<meta property=\"og:url\" content=\"https:\/\/www.lundaspelen.com\/de\/transport\/\" \/>\n<meta property=\"og:site_name\" content=\"Lundaspelen in Handball\" \/>\n<meta property=\"article:publisher\" content=\"https:\/\/www.facebook.com\/lundaspelen\" \/>\n<meta property=\"article:modified_time\" content=\"2025-12-28T17:31:54+00:00\" \/>\n<meta property=\"og:image\" content=\"https:\/\/www.lundaspelen.com\/wp-content\/uploads\/2025\/03\/lundaspelen.jpg\" \/>\n\t<meta property=\"og:image:width\" content=\"1800\" \/>\n\t<meta property=\"og:image:height\" content=\"1200\" \/>\n\t<meta property=\"og:image:type\" content=\"image\/jpeg\" \/>\n<meta name=\"twitter:card\" content=\"summary_large_image\" \/>\n<meta name=\"twitter:label1\" content=\"Gesch\u00e4tzte Lesezeit\" \/>\n\t<meta name=\"twitter:data1\" content=\"1\u00a0Minute\" \/>\n<script type=\"application\/ld+json\" class=\"yoast-schema-graph\">{\"@context\":\"https:\/\/schema.org\",\"@graph\":[{\"@type\":\"WebPage\",\"@id\":\"https:\/\/www.lundaspelen.com\/de\/transport\/\",\"url\":\"https:\/\/www.lundaspelen.com\/de\/transport\/\",\"name\":\"Transport - Lundaspelen in Handball\",\"isPartOf\":{\"@id\":\"https:\/\/www.lundaspelen.com\/de\/#website\"},\"datePublished\":\"2025-04-22T19:52:09+00:00\",\"dateModified\":\"2025-12-28T17:31:54+00:00\",\"breadcrumb\":{\"@id\":\"https:\/\/www.lundaspelen.com\/de\/transport\/#breadcrumb\"},\"inLanguage\":\"de\",\"potentialAction\":[{\"@type\":\"ReadAction\",\"target\":[\"https:\/\/www.lundaspelen.com\/de\/transport\/\"]}]},{\"@type\":\"BreadcrumbList\",\"@id\":\"https:\/\/www.lundaspelen.com\/de\/transport\/#breadcrumb\",\"itemListElement\":[{\"@type\":\"ListItem\",\"position\":1,\"name\":\"Home\",\"item\":\"https:\/\/www.lundaspelen.com\/de\/lundaspelen-im-handball\/\"},{\"@type\":\"ListItem\",\"position\":2,\"name\":\"Transport\"}]},{\"@type\":\"WebSite\",\"@id\":\"https:\/\/www.lundaspelen.com\/de\/#website\",\"url\":\"https:\/\/www.lundaspelen.com\/de\/\",\"name\":\"Lundaspelen\",\"description\":\"Creating memories for life\",\"publisher\":{\"@id\":\"https:\/\/www.lundaspelen.com\/de\/#organization\"},\"potentialAction\":[{\"@type\":\"SearchAction\",\"target\":{\"@type\":\"EntryPoint\",\"urlTemplate\":\"https:\/\/www.lundaspelen.com\/de\/?s={search_term_string}\"},\"query-input\":{\"@type\":\"PropertyValueSpecification\",\"valueRequired\":true,\"valueName\":\"search_term_string\"}}],\"inLanguage\":\"de\"},{\"@type\":\"Organization\",\"@id\":\"https:\/\/www.lundaspelen.com\/de\/#organization\",\"name\":\"Lundaspelen\",\"url\":\"https:\/\/www.lundaspelen.com\/de\/\",\"logo\":{\"@type\":\"ImageObject\",\"inLanguage\":\"de\",\"@id\":\"https:\/\/www.lundaspelen.com\/de\/#\/schema\/logo\/image\/\",\"url\":\"https:\/\/www.lundaspelen.com\/wp-content\/uploads\/2025\/03\/LUN_Logo_C_RGB.png\",\"contentUrl\":\"https:\/\/www.lundaspelen.com\/wp-content\/uploads\/2025\/03\/LUN_Logo_C_RGB.png\",\"width\":600,\"height\":400,\"caption\":\"Lundaspelen\"},\"image\":{\"@id\":\"https:\/\/www.lundaspelen.com\/de\/#\/schema\/logo\/image\/\"},\"sameAs\":[\"https:\/\/www.facebook.com\/lundaspelen\",\"https:\/\/www.instagram.com\/lundaspelen_hb\/\",\"https:\/\/www.tiktok.com\/@lundaspelen\"]}]}<\/script>\n<!-- \/ Yoast SEO plugin. -->","yoast_head_json":{"title":"Transport - Lundaspelen in Handball","robots":{"index":"index","follow":"follow","max-snippet":"max-snippet:-1","max-image-preview":"max-image-preview:large","max-video-preview":"max-video-preview:-1"},"canonical":"https:\/\/www.lundaspelen.com\/de\/transport\/","og_locale":"de_DE","og_type":"article","og_title":"Transport - Lundaspelen in Handball","og_description":"Transport Reisen w\u00e4hrend Lundaspelen Alle Teilnehmer mit einer physischen Travel Card k\u00f6nnen mit Sk\u00e5netrafiken kostenlos zwischen Schulen, Arenen und Mensen reisen. Sie erhalten die Karte, wenn Sie die Unterkunft \u00fcber Lundaspelen gebucht oder das Add On (Mahlzeiten und Transport) separat erworben haben. Die physische Karte f\u00fcr den Transport wird beim Check-in ausgeh\u00e4ndigt und muss bei [&hellip;]","og_url":"https:\/\/www.lundaspelen.com\/de\/transport\/","og_site_name":"Lundaspelen in Handball","article_publisher":"https:\/\/www.facebook.com\/lundaspelen","article_modified_time":"2025-12-28T17:31:54+00:00","og_image":[{"width":1800,"height":1200,"url":"https:\/\/www.lundaspelen.com\/wp-content\/uploads\/2025\/03\/lundaspelen.jpg","type":"image\/jpeg"}],"twitter_card":"summary_large_image","twitter_misc":{"Gesch\u00e4tzte Lesezeit":"1\u00a0Minute"},"schema":{"@context":"https:\/\/schema.org","@graph":[{"@type":"WebPage","@id":"https:\/\/www.lundaspelen.com\/de\/transport\/","url":"https:\/\/www.lundaspelen.com\/de\/transport\/","name":"Transport - Lundaspelen in Handball","isPartOf":{"@id":"https:\/\/www.lundaspelen.com\/de\/#website"},"datePublished":"2025-04-22T19:52:09+00:00","dateModified":"2025-12-28T17:31:54+00:00","breadcrumb":{"@id":"https:\/\/www.lundaspelen.com\/de\/transport\/#breadcrumb"},"inLanguage":"de","potentialAction":[{"@type":"ReadAction","target":["https:\/\/www.lundaspelen.com\/de\/transport\/"]}]},{"@type":"BreadcrumbList","@id":"https:\/\/www.lundaspelen.com\/de\/transport\/#breadcrumb","itemListElement":[{"@type":"ListItem","position":1,"name":"Home","item":"https:\/\/www.lundaspelen.com\/de\/lundaspelen-im-handball\/"},{"@type":"ListItem","position":2,"name":"Transport"}]},{"@type":"WebSite","@id":"https:\/\/www.lundaspelen.com\/de\/#website","url":"https:\/\/www.lundaspelen.com\/de\/","name":"Lundaspelen","description":"Creating memories for life","publisher":{"@id":"https:\/\/www.lundaspelen.com\/de\/#organization"},"potentialAction":[{"@type":"SearchAction","target":{"@type":"EntryPoint","urlTemplate":"https:\/\/www.lundaspelen.com\/de\/?s={search_term_string}"},"query-input":{"@type":"PropertyValueSpecification","valueRequired":true,"valueName":"search_term_string"}}],"inLanguage":"de"},{"@type":"Organization","@id":"https:\/\/www.lundaspelen.com\/de\/#organization","name":"Lundaspelen","url":"https:\/\/www.lundaspelen.com\/de\/","logo":{"@type":"ImageObject","inLanguage":"de","@id":"https:\/\/www.lundaspelen.com\/de\/#\/schema\/logo\/image\/","url":"https:\/\/www.lundaspelen.com\/wp-content\/uploads\/2025\/03\/LUN_Logo_C_RGB.png","contentUrl":"https:\/\/www.lundaspelen.com\/wp-content\/uploads\/2025\/03\/LUN_Logo_C_RGB.png","width":600,"height":400,"caption":"Lundaspelen"},"image":{"@id":"https:\/\/www.lundaspelen.com\/de\/#\/schema\/logo\/image\/"},"sameAs":["https:\/\/www.facebook.com\/lundaspelen","https:\/\/www.instagram.com\/lundaspelen_hb\/","https:\/\/www.tiktok.com\/@lundaspelen"]}]}},"_links":{"self":[{"href":"https:\/\/www.lundaspelen.com\/de\/wp-json\/wp\/v2\/pages\/27642","targetHints":{"allow":["GET"]}}],"collection":[{"href":"https:\/\/www.lundaspelen.com\/de\/wp-json\/wp\/v2\/pages"}],"about":[{"href":"https:\/\/www.lundaspelen.com\/de\/wp-json\/wp\/v2\/types\/page"}],"author":[{"embeddable":true,"href":"https:\/\/www.lundaspelen.com\/de\/wp-json\/wp\/v2\/users\/2"}],"replies":[{"embeddable":true,"href":"https:\/\/www.lundaspelen.com\/de\/wp-json\/wp\/v2\/comments?post=27642"}],"version-history":[{"count":2,"href":"https:\/\/www.lundaspelen.com\/de\/wp-json\/wp\/v2\/pages\/27642\/revisions"}],"predecessor-version":[{"id":27646,"href":"https:\/\/www.lundaspelen.com\/de\/wp-json\/wp\/v2\/pages\/27642\/revisions\/27646"}],"wp:attachment":[{"href":"https:\/\/www.lundaspelen.com\/de\/wp-json\/wp\/v2\/media?parent=27642"}],"curies":[{"name":"wp","href":"https:\/\/api.w.org\/{rel}","templated":true}]}}