{"id":27637,"date":"2025-04-22T19:50:18","date_gmt":"2025-04-22T19:50:18","guid":{"rendered":"https:\/\/www.lundaspelen.com\/lundaspelen-mini\/"},"modified":"2026-03-17T14:15:48","modified_gmt":"2026-03-17T14:15:48","slug":"lundaspelen-mini","status":"publish","type":"page","link":"https:\/\/www.lundaspelen.com\/de\/lundaspelen-mini\/","title":{"rendered":"Lundaspelen Mini"},"content":{"rendered":"\t\t<div data-elementor-type=\"wp-page\" data-elementor-id=\"27637\" class=\"elementor elementor-27637 elementor-26800\" data-elementor-post-type=\"page\">\n\t\t\t\t<div class=\"elementor-element elementor-element-3473e0dc e-flex e-con-boxed e-con e-parent\" data-id=\"3473e0dc\" data-element_type=\"container\" data-settings=\"{&quot;background_background&quot;:&quot;slideshow&quot;,&quot;background_slideshow_gallery&quot;:[{&quot;id&quot;:27494,&quot;url&quot;:&quot;https:\\\/\\\/www.lundaspelen.com\\\/wp-content\\\/uploads\\\/2025\\\/04\\\/lundaspelen-mini.jpg&quot;}],&quot;background_slideshow_loop&quot;:&quot;yes&quot;,&quot;background_slideshow_slide_duration&quot;:5000,&quot;background_slideshow_slide_transition&quot;:&quot;fade&quot;,&quot;background_slideshow_transition_duration&quot;:500}\">\n\t\t\t\t\t<div class=\"e-con-inner\">\n\t\t<div class=\"elementor-element elementor-element-1c243b0f e-con-full e-flex e-con e-child\" data-id=\"1c243b0f\" data-element_type=\"container\">\n\t\t\t\t<div class=\"elementor-element elementor-element-0c474dc elementor-widget elementor-widget-icon-box\" data-id=\"0c474dc\" data-element_type=\"widget\" data-widget_type=\"icon-box.default\">\n\t\t\t\t<div class=\"elementor-widget-container\">\n\t\t\t\t\t\t\t<div class=\"elementor-icon-box-wrapper\">\n\n\t\t\t\n\t\t\t\t\t\t<div class=\"elementor-icon-box-content\">\n\n\t\t\t\t\t\t\t\t\t<h1 class=\"elementor-icon-box-title\">\n\t\t\t\t\t\t<span  >\n\t\t\t\t\t\t\tLUNDASPELEN Mini\t\t\t\t\t\t<\/span>\n\t\t\t\t\t<\/h1>\n\t\t\t\t\n\t\t\t\t\t\t\t\t\t<p class=\"elementor-icon-box-description\">\n\t\t\t\t\t\tPures Handballvergn\u00fcgen f\u00fcr die J\u00fcngsten!\t\t\t\t\t<\/p>\n\t\t\t\t\n\t\t\t<\/div>\n\t\t\t\n\t\t<\/div>\n\t\t\t\t\t\t<\/div>\n\t\t\t\t<\/div>\n\t\t\t\t<\/div>\n\t\t\t\t\t<\/div>\n\t\t\t\t<\/div>\n\t\t<div class=\"elementor-element elementor-element-dbbc62f e-flex e-con-boxed e-con e-parent\" data-id=\"dbbc62f\" data-element_type=\"container\">\n\t\t\t\t\t<div class=\"e-con-inner\">\n\t\t\t\t<div class=\"elementor-element elementor-element-ba510ae elementor-widget elementor-widget-text-editor\" data-id=\"ba510ae\" data-element_type=\"widget\" data-widget_type=\"text-editor.default\">\n\t\t\t\t<div class=\"elementor-widget-container\">\n\t\t\t\t\t\t\t\t\t<p>Ein eint\u00e4giges Mini-Handballturnier f\u00fcr <strong>Jungen und M\u00e4dchen des Jahrgangs 2018<\/strong>. Keine Ergebnisse, keine Ranglisten &#8211; nur Spa\u00df, Teamwork und jeder ist ein Gewinner! <\/p><p><strong>Spieltage (in der N\u00e4he von Lund):<\/strong><\/p><ul><li>M\u00e4dchen: Dezember 27<\/li><li>Jungen: Dezember 28<\/li><\/ul><p><strong>Schnelle Fakten:<\/strong><\/p><ul><li>4 Spiele pro Mannschaft (1&#215;15 Min.)<\/li><li>Alle Spieler erhalten eine Medaille (maximal 12 pro Team)<\/li><li>5 Spieler auf dem Platz (einschlie\u00dflich Torwart)<\/li><li>Geb\u00fchr: <strong>SEK 1500\/Team<\/strong><\/li><\/ul><p><strong>Wichtige Daten:<\/strong><\/p><ul><li>Anmeldeschluss: 15. Oktober (\u00fcber unsere Website)<\/li><li>Spielplan online um den 10. Dezember<br>Fragen? Kontaktieren Sie <strong>info@lundaspelen.com<\/strong> <\/li><\/ul>\t\t\t\t\t\t\t\t<\/div>\n\t\t\t\t<\/div>\n\t\t\t\t\t<\/div>\n\t\t\t\t<\/div>\n\t\t\t\t<\/div>\n\t\t","protected":false},"excerpt":{"rendered":"<p>LUNDASPELEN Mini Pures Handballvergn\u00fcgen f\u00fcr die J\u00fcngsten! Ein eint\u00e4giges Mini-Handballturnier f\u00fcr Jungen und M\u00e4dchen des Jahrgangs 2018. Keine Ergebnisse, keine Ranglisten &#8211; nur Spa\u00df, Teamwork und jeder ist ein Gewinner! Spieltage (in der N\u00e4he von Lund): M\u00e4dchen: Dezember 27 Jungen: Dezember 28 Schnelle Fakten: 4 Spiele pro Mannschaft (1&#215;15 Min.) Alle Spieler erhalten eine Medaille [&hellip;]<\/p>\n","protected":false},"author":2,"featured_media":0,"parent":0,"menu_order":0,"comment_status":"closed","ping_status":"closed","template":"","meta":{"inline_featured_image":false,"site-sidebar-layout":"no-sidebar","site-content-layout":"page-builder","ast-site-content-layout":"full-width-container","site-content-style":"default","site-sidebar-style":"default","ast-global-header-display":"","ast-banner-title-visibility":"","ast-main-header-display":"","ast-hfb-above-header-display":"","ast-hfb-below-header-display":"","ast-hfb-mobile-header-display":"","site-post-title":"disabled","ast-breadcrumbs-content":"","ast-featured-img":"disabled","footer-sml-layout":"","ast-disable-related-posts":"","theme-transparent-header-meta":"","adv-header-id-meta":"","stick-header-meta":"","header-above-stick-meta":"","header-main-stick-meta":"","header-below-stick-meta":"","astra-migrate-meta-layouts":"default","ast-page-background-enabled":"default","ast-page-background-meta":{"desktop":{"background-color":"","background-image":"","background-repeat":"repeat","background-position":"center center","background-size":"auto","background-attachment":"scroll","background-type":"","background-media":"","overlay-type":"","overlay-color":"","overlay-opacity":"","overlay-gradient":""},"tablet":{"background-color":"","background-image":"","background-repeat":"repeat","background-position":"center center","background-size":"auto","background-attachment":"scroll","background-type":"","background-media":"","overlay-type":"","overlay-color":"","overlay-opacity":"","overlay-gradient":""},"mobile":{"background-color":"","background-image":"","background-repeat":"repeat","background-position":"center center","background-size":"auto","background-attachment":"scroll","background-type":"","background-media":"","overlay-type":"","overlay-color":"","overlay-opacity":"","overlay-gradient":""}},"ast-content-background-meta":{"desktop":{"background-color":"var(--ast-global-color-5)","background-image":"","background-repeat":"repeat","background-position":"center center","background-size":"auto","background-attachment":"scroll","background-type":"","background-media":"","overlay-type":"","overlay-color":"","overlay-opacity":"","overlay-gradient":""},"tablet":{"background-color":"var(--ast-global-color-5)","background-image":"","background-repeat":"repeat","background-position":"center center","background-size":"auto","background-attachment":"scroll","background-type":"","background-media":"","overlay-type":"","overlay-color":"","overlay-opacity":"","overlay-gradient":""},"mobile":{"background-color":"var(--ast-global-color-5)","background-image":"","background-repeat":"repeat","background-position":"center center","background-size":"auto","background-attachment":"scroll","background-type":"","background-media":"","overlay-type":"","overlay-color":"","overlay-opacity":"","overlay-gradient":""}},"footnotes":""},"class_list":["post-27637","page","type-page","status-publish","hentry"],"yoast_head":"<!-- This site is optimized with the Yoast SEO plugin v26.5 - https:\/\/yoast.com\/wordpress\/plugins\/seo\/ -->\n<title>Lundaspelen Mini - Lundaspelen in Handball<\/title>\n<meta name=\"robots\" content=\"index, follow, max-snippet:-1, max-image-preview:large, max-video-preview:-1\" \/>\n<link rel=\"canonical\" href=\"https:\/\/www.lundaspelen.com\/de\/lundaspelen-mini\/\" \/>\n<meta property=\"og:locale\" content=\"de_DE\" \/>\n<meta property=\"og:type\" content=\"article\" \/>\n<meta property=\"og:title\" content=\"Lundaspelen Mini - Lundaspelen in Handball\" \/>\n<meta property=\"og:description\" content=\"LUNDASPELEN Mini Pures Handballvergn\u00fcgen f\u00fcr die J\u00fcngsten! Ein eint\u00e4giges Mini-Handballturnier f\u00fcr Jungen und M\u00e4dchen des Jahrgangs 2018. Keine Ergebnisse, keine Ranglisten &#8211; nur Spa\u00df, Teamwork und jeder ist ein Gewinner! Spieltage (in der N\u00e4he von Lund): M\u00e4dchen: Dezember 27 Jungen: Dezember 28 Schnelle Fakten: 4 Spiele pro Mannschaft (1&#215;15 Min.) Alle Spieler erhalten eine Medaille [&hellip;]\" \/>\n<meta property=\"og:url\" content=\"https:\/\/www.lundaspelen.com\/de\/lundaspelen-mini\/\" \/>\n<meta property=\"og:site_name\" content=\"Lundaspelen in Handball\" \/>\n<meta property=\"article:publisher\" content=\"https:\/\/www.facebook.com\/lundaspelen\" \/>\n<meta property=\"article:modified_time\" content=\"2026-03-17T14:15:48+00:00\" \/>\n<meta property=\"og:image\" content=\"https:\/\/www.lundaspelen.com\/wp-content\/uploads\/2025\/03\/lundaspelen.jpg\" \/>\n\t<meta property=\"og:image:width\" content=\"1800\" \/>\n\t<meta property=\"og:image:height\" content=\"1200\" \/>\n\t<meta property=\"og:image:type\" content=\"image\/jpeg\" \/>\n<meta name=\"twitter:card\" content=\"summary_large_image\" \/>\n<script type=\"application\/ld+json\" class=\"yoast-schema-graph\">{\"@context\":\"https:\/\/schema.org\",\"@graph\":[{\"@type\":\"WebPage\",\"@id\":\"https:\/\/www.lundaspelen.com\/de\/lundaspelen-mini\/\",\"url\":\"https:\/\/www.lundaspelen.com\/de\/lundaspelen-mini\/\",\"name\":\"Lundaspelen Mini - Lundaspelen in Handball\",\"isPartOf\":{\"@id\":\"https:\/\/www.lundaspelen.com\/de\/#website\"},\"datePublished\":\"2025-04-22T19:50:18+00:00\",\"dateModified\":\"2026-03-17T14:15:48+00:00\",\"breadcrumb\":{\"@id\":\"https:\/\/www.lundaspelen.com\/de\/lundaspelen-mini\/#breadcrumb\"},\"inLanguage\":\"de\",\"potentialAction\":[{\"@type\":\"ReadAction\",\"target\":[\"https:\/\/www.lundaspelen.com\/de\/lundaspelen-mini\/\"]}]},{\"@type\":\"BreadcrumbList\",\"@id\":\"https:\/\/www.lundaspelen.com\/de\/lundaspelen-mini\/#breadcrumb\",\"itemListElement\":[{\"@type\":\"ListItem\",\"position\":1,\"name\":\"Home\",\"item\":\"https:\/\/www.lundaspelen.com\/de\/lundaspelen-im-handball\/\"},{\"@type\":\"ListItem\",\"position\":2,\"name\":\"Lundaspelen Mini\"}]},{\"@type\":\"WebSite\",\"@id\":\"https:\/\/www.lundaspelen.com\/de\/#website\",\"url\":\"https:\/\/www.lundaspelen.com\/de\/\",\"name\":\"Lundaspelen\",\"description\":\"Creating memories for life\",\"publisher\":{\"@id\":\"https:\/\/www.lundaspelen.com\/de\/#organization\"},\"potentialAction\":[{\"@type\":\"SearchAction\",\"target\":{\"@type\":\"EntryPoint\",\"urlTemplate\":\"https:\/\/www.lundaspelen.com\/de\/?s={search_term_string}\"},\"query-input\":{\"@type\":\"PropertyValueSpecification\",\"valueRequired\":true,\"valueName\":\"search_term_string\"}}],\"inLanguage\":\"de\"},{\"@type\":\"Organization\",\"@id\":\"https:\/\/www.lundaspelen.com\/de\/#organization\",\"name\":\"Lundaspelen\",\"url\":\"https:\/\/www.lundaspelen.com\/de\/\",\"logo\":{\"@type\":\"ImageObject\",\"inLanguage\":\"de\",\"@id\":\"https:\/\/www.lundaspelen.com\/de\/#\/schema\/logo\/image\/\",\"url\":\"https:\/\/www.lundaspelen.com\/wp-content\/uploads\/2025\/03\/LUN_Logo_C_RGB.png\",\"contentUrl\":\"https:\/\/www.lundaspelen.com\/wp-content\/uploads\/2025\/03\/LUN_Logo_C_RGB.png\",\"width\":600,\"height\":400,\"caption\":\"Lundaspelen\"},\"image\":{\"@id\":\"https:\/\/www.lundaspelen.com\/de\/#\/schema\/logo\/image\/\"},\"sameAs\":[\"https:\/\/www.facebook.com\/lundaspelen\",\"https:\/\/www.instagram.com\/lundaspelen_hb\/\",\"https:\/\/www.tiktok.com\/@lundaspelen\"]}]}<\/script>\n<!-- \/ Yoast SEO plugin. -->","yoast_head_json":{"title":"Lundaspelen Mini - Lundaspelen in Handball","robots":{"index":"index","follow":"follow","max-snippet":"max-snippet:-1","max-image-preview":"max-image-preview:large","max-video-preview":"max-video-preview:-1"},"canonical":"https:\/\/www.lundaspelen.com\/de\/lundaspelen-mini\/","og_locale":"de_DE","og_type":"article","og_title":"Lundaspelen Mini - Lundaspelen in Handball","og_description":"LUNDASPELEN Mini Pures Handballvergn\u00fcgen f\u00fcr die J\u00fcngsten! Ein eint\u00e4giges Mini-Handballturnier f\u00fcr Jungen und M\u00e4dchen des Jahrgangs 2018. Keine Ergebnisse, keine Ranglisten &#8211; nur Spa\u00df, Teamwork und jeder ist ein Gewinner! Spieltage (in der N\u00e4he von Lund): M\u00e4dchen: Dezember 27 Jungen: Dezember 28 Schnelle Fakten: 4 Spiele pro Mannschaft (1&#215;15 Min.) Alle Spieler erhalten eine Medaille [&hellip;]","og_url":"https:\/\/www.lundaspelen.com\/de\/lundaspelen-mini\/","og_site_name":"Lundaspelen in Handball","article_publisher":"https:\/\/www.facebook.com\/lundaspelen","article_modified_time":"2026-03-17T14:15:48+00:00","og_image":[{"width":1800,"height":1200,"url":"https:\/\/www.lundaspelen.com\/wp-content\/uploads\/2025\/03\/lundaspelen.jpg","type":"image\/jpeg"}],"twitter_card":"summary_large_image","schema":{"@context":"https:\/\/schema.org","@graph":[{"@type":"WebPage","@id":"https:\/\/www.lundaspelen.com\/de\/lundaspelen-mini\/","url":"https:\/\/www.lundaspelen.com\/de\/lundaspelen-mini\/","name":"Lundaspelen Mini - Lundaspelen in Handball","isPartOf":{"@id":"https:\/\/www.lundaspelen.com\/de\/#website"},"datePublished":"2025-04-22T19:50:18+00:00","dateModified":"2026-03-17T14:15:48+00:00","breadcrumb":{"@id":"https:\/\/www.lundaspelen.com\/de\/lundaspelen-mini\/#breadcrumb"},"inLanguage":"de","potentialAction":[{"@type":"ReadAction","target":["https:\/\/www.lundaspelen.com\/de\/lundaspelen-mini\/"]}]},{"@type":"BreadcrumbList","@id":"https:\/\/www.lundaspelen.com\/de\/lundaspelen-mini\/#breadcrumb","itemListElement":[{"@type":"ListItem","position":1,"name":"Home","item":"https:\/\/www.lundaspelen.com\/de\/lundaspelen-im-handball\/"},{"@type":"ListItem","position":2,"name":"Lundaspelen Mini"}]},{"@type":"WebSite","@id":"https:\/\/www.lundaspelen.com\/de\/#website","url":"https:\/\/www.lundaspelen.com\/de\/","name":"Lundaspelen","description":"Creating memories for life","publisher":{"@id":"https:\/\/www.lundaspelen.com\/de\/#organization"},"potentialAction":[{"@type":"SearchAction","target":{"@type":"EntryPoint","urlTemplate":"https:\/\/www.lundaspelen.com\/de\/?s={search_term_string}"},"query-input":{"@type":"PropertyValueSpecification","valueRequired":true,"valueName":"search_term_string"}}],"inLanguage":"de"},{"@type":"Organization","@id":"https:\/\/www.lundaspelen.com\/de\/#organization","name":"Lundaspelen","url":"https:\/\/www.lundaspelen.com\/de\/","logo":{"@type":"ImageObject","inLanguage":"de","@id":"https:\/\/www.lundaspelen.com\/de\/#\/schema\/logo\/image\/","url":"https:\/\/www.lundaspelen.com\/wp-content\/uploads\/2025\/03\/LUN_Logo_C_RGB.png","contentUrl":"https:\/\/www.lundaspelen.com\/wp-content\/uploads\/2025\/03\/LUN_Logo_C_RGB.png","width":600,"height":400,"caption":"Lundaspelen"},"image":{"@id":"https:\/\/www.lundaspelen.com\/de\/#\/schema\/logo\/image\/"},"sameAs":["https:\/\/www.facebook.com\/lundaspelen","https:\/\/www.instagram.com\/lundaspelen_hb\/","https:\/\/www.tiktok.com\/@lundaspelen"]}]}},"_links":{"self":[{"href":"https:\/\/www.lundaspelen.com\/de\/wp-json\/wp\/v2\/pages\/27637","targetHints":{"allow":["GET"]}}],"collection":[{"href":"https:\/\/www.lundaspelen.com\/de\/wp-json\/wp\/v2\/pages"}],"about":[{"href":"https:\/\/www.lundaspelen.com\/de\/wp-json\/wp\/v2\/types\/page"}],"author":[{"embeddable":true,"href":"https:\/\/www.lundaspelen.com\/de\/wp-json\/wp\/v2\/users\/2"}],"replies":[{"embeddable":true,"href":"https:\/\/www.lundaspelen.com\/de\/wp-json\/wp\/v2\/comments?post=27637"}],"version-history":[{"count":3,"href":"https:\/\/www.lundaspelen.com\/de\/wp-json\/wp\/v2\/pages\/27637\/revisions"}],"predecessor-version":[{"id":29560,"href":"https:\/\/www.lundaspelen.com\/de\/wp-json\/wp\/v2\/pages\/27637\/revisions\/29560"}],"wp:attachment":[{"href":"https:\/\/www.lundaspelen.com\/de\/wp-json\/wp\/v2\/media?parent=27637"}],"curies":[{"name":"wp","href":"https:\/\/api.w.org\/{rel}","templated":true}]}}