{"id":27613,"date":"2025-04-22T19:50:33","date_gmt":"2025-04-22T19:50:33","guid":{"rendered":"https:\/\/www.lundaspelen.com\/lundaspelen-para-handball\/"},"modified":"2026-03-17T14:17:01","modified_gmt":"2026-03-17T14:17:01","slug":"lundaspelen-para-handball","status":"publish","type":"page","link":"https:\/\/www.lundaspelen.com\/de\/lundaspelen-para-handball\/","title":{"rendered":"Lundaspelen Para-Handball"},"content":{"rendered":"\t\t<div data-elementor-type=\"wp-page\" data-elementor-id=\"27613\" class=\"elementor elementor-27613 elementor-26801\" data-elementor-post-type=\"page\">\n\t\t\t\t<div class=\"elementor-element elementor-element-20930cfb e-flex e-con-boxed e-con e-parent\" data-id=\"20930cfb\" data-element_type=\"container\" data-settings=\"{&quot;background_background&quot;:&quot;slideshow&quot;,&quot;background_slideshow_gallery&quot;:[{&quot;id&quot;:27444,&quot;url&quot;:&quot;https:\\\/\\\/www.lundaspelen.com\\\/wp-content\\\/uploads\\\/2025\\\/03\\\/lundaspelen-1-2-1.jpg&quot;}],&quot;background_slideshow_loop&quot;:&quot;yes&quot;,&quot;background_slideshow_slide_duration&quot;:5000,&quot;background_slideshow_slide_transition&quot;:&quot;fade&quot;,&quot;background_slideshow_transition_duration&quot;:500}\">\n\t\t\t\t\t<div class=\"e-con-inner\">\n\t\t<div class=\"elementor-element elementor-element-7ba254c3 e-con-full e-flex e-con e-child\" data-id=\"7ba254c3\" data-element_type=\"container\">\n\t\t\t\t<div class=\"elementor-element elementor-element-411183b elementor-widget elementor-widget-icon-box\" data-id=\"411183b\" data-element_type=\"widget\" data-widget_type=\"icon-box.default\">\n\t\t\t\t<div class=\"elementor-widget-container\">\n\t\t\t\t\t\t\t<div class=\"elementor-icon-box-wrapper\">\n\n\t\t\t\n\t\t\t\t\t\t<div class=\"elementor-icon-box-content\">\n\n\t\t\t\t\t\t\t\t\t<h1 class=\"elementor-icon-box-title\">\n\t\t\t\t\t\t<span  >\n\t\t\t\t\t\t\tLUNDASPELEN PARA\t\t\t\t\t\t<\/span>\n\t\t\t\t\t<\/h1>\n\t\t\t\t\n\t\t\t\t\t\t\t\t\t<p class=\"elementor-icon-box-description\">\n\t\t\t\t\t\tLundaspelen Special Class - Handballvergn\u00fcgen f\u00fcr alle!\t\t\t\t\t<\/p>\n\t\t\t\t\n\t\t\t<\/div>\n\t\t\t\n\t\t<\/div>\n\t\t\t\t\t\t<\/div>\n\t\t\t\t<\/div>\n\t\t\t\t<\/div>\n\t\t\t\t\t<\/div>\n\t\t\t\t<\/div>\n\t\t<div class=\"elementor-element elementor-element-6a31d5d e-flex e-con-boxed e-con e-parent\" data-id=\"6a31d5d\" data-element_type=\"container\">\n\t\t\t\t\t<div class=\"e-con-inner\">\n\t\t\t\t<div class=\"elementor-element elementor-element-d9ff561 elementor-widget elementor-widget-text-editor\" data-id=\"d9ff561\" data-element_type=\"widget\" data-widget_type=\"text-editor.default\">\n\t\t\t\t<div class=\"elementor-widget-container\">\n\t\t\t\t\t\t\t\t\t<p>Jeder verdient das Recht auf Gesundheit, Freude und Teilnahme. Lundaspelen Para ist ein gesch\u00e4tzter und nat\u00fcrlicher Teil des Turniers und schafft unvergessliche Momente f\u00fcr Spieler, Zuschauer und Freiwillige gleicherma\u00dfen. <\/p><p><strong>Lundaspelen Para beinhaltet:<\/strong><br><strong>Rollstuhlhandball<\/strong> &#8211; 27.-28. Dezember<br>F\u00fcr Spieler, die t\u00e4glich einen Rollstuhl benutzen oder bei stehenden Spielen nicht auf Augenh\u00f6he spielen k\u00f6nnen.<\/p><p><strong>Walking Handball<\/strong> &#8211; Dezember 29-30<br>F\u00fcr Spieler mit Behinderungen und\/oder neuropsychiatrischen Diagnosen. Basierend auf den <strong>Regeln der Special Olympics<\/strong>. <\/p><p>Unsere Vision ist es, f\u00fcr jedes Team ein niveauabh\u00e4ngiges Spiel anzubieten, bei dem jeder Spieler in seinem eigenen Tempo wachsen und gefordert werden kann.<\/p><p><strong>Lundaspelen Stiftung<\/strong> <\/p><p>Die Lundaspelen-Stiftung wird mit einer klaren Vision aufgebaut:<br><strong>Kein Team sollte aufgrund finanzieller Hindernisse auf Lundaspelen verzichten m\u00fcssen.<\/strong><\/p><p><strong>Schritt eins &#8211; Parahandball 2026<\/strong><br>Wir beginnen mit der Unterst\u00fctzung von <strong>Parahandball-Teams<\/strong> &#8211; wir \u00fcbernehmen die Kosten f\u00fcr die Teilnahme, eine Hotel\u00fcbernachtung und Verpflegung, solange es die Mittel erlauben.<\/p><p>M\u00f6chten Sie sich bewerben oder mehr erfahren? Kontaktieren Sie uns: <a href=\"mailto:info@lundaspelen.com\"><strong>info@lundaspelen.com<\/strong><\/a> <\/p>\t\t\t\t\t\t\t\t<\/div>\n\t\t\t\t<\/div>\n\t\t\t\t\t<\/div>\n\t\t\t\t<\/div>\n\t\t\t\t<\/div>\n\t\t","protected":false},"excerpt":{"rendered":"<p>LUNDASPELEN PARA Lundaspelen Special Class &#8211; Handballvergn\u00fcgen f\u00fcr alle! Jeder verdient das Recht auf Gesundheit, Freude und Teilnahme. Lundaspelen Para ist ein gesch\u00e4tzter und nat\u00fcrlicher Teil des Turniers und schafft unvergessliche Momente f\u00fcr Spieler, Zuschauer und Freiwillige gleicherma\u00dfen. Lundaspelen Para beinhaltet:Rollstuhlhandball &#8211; 27.-28. DezemberF\u00fcr Spieler, die t\u00e4glich einen Rollstuhl benutzen oder bei stehenden Spielen nicht [&hellip;]<\/p>\n","protected":false},"author":2,"featured_media":0,"parent":0,"menu_order":0,"comment_status":"closed","ping_status":"closed","template":"","meta":{"inline_featured_image":false,"site-sidebar-layout":"no-sidebar","site-content-layout":"page-builder","ast-site-content-layout":"full-width-container","site-content-style":"default","site-sidebar-style":"default","ast-global-header-display":"","ast-banner-title-visibility":"","ast-main-header-display":"","ast-hfb-above-header-display":"","ast-hfb-below-header-display":"","ast-hfb-mobile-header-display":"","site-post-title":"disabled","ast-breadcrumbs-content":"","ast-featured-img":"disabled","footer-sml-layout":"","ast-disable-related-posts":"","theme-transparent-header-meta":"","adv-header-id-meta":"","stick-header-meta":"","header-above-stick-meta":"","header-main-stick-meta":"","header-below-stick-meta":"","astra-migrate-meta-layouts":"default","ast-page-background-enabled":"default","ast-page-background-meta":{"desktop":{"background-color":"","background-image":"","background-repeat":"repeat","background-position":"center center","background-size":"auto","background-attachment":"scroll","background-type":"","background-media":"","overlay-type":"","overlay-color":"","overlay-opacity":"","overlay-gradient":""},"tablet":{"background-color":"","background-image":"","background-repeat":"repeat","background-position":"center center","background-size":"auto","background-attachment":"scroll","background-type":"","background-media":"","overlay-type":"","overlay-color":"","overlay-opacity":"","overlay-gradient":""},"mobile":{"background-color":"","background-image":"","background-repeat":"repeat","background-position":"center center","background-size":"auto","background-attachment":"scroll","background-type":"","background-media":"","overlay-type":"","overlay-color":"","overlay-opacity":"","overlay-gradient":""}},"ast-content-background-meta":{"desktop":{"background-color":"var(--ast-global-color-5)","background-image":"","background-repeat":"repeat","background-position":"center center","background-size":"auto","background-attachment":"scroll","background-type":"","background-media":"","overlay-type":"","overlay-color":"","overlay-opacity":"","overlay-gradient":""},"tablet":{"background-color":"var(--ast-global-color-5)","background-image":"","background-repeat":"repeat","background-position":"center center","background-size":"auto","background-attachment":"scroll","background-type":"","background-media":"","overlay-type":"","overlay-color":"","overlay-opacity":"","overlay-gradient":""},"mobile":{"background-color":"var(--ast-global-color-5)","background-image":"","background-repeat":"repeat","background-position":"center center","background-size":"auto","background-attachment":"scroll","background-type":"","background-media":"","overlay-type":"","overlay-color":"","overlay-opacity":"","overlay-gradient":""}},"footnotes":""},"class_list":["post-27613","page","type-page","status-publish","hentry"],"yoast_head":"<!-- This site is optimized with the Yoast SEO plugin v26.5 - https:\/\/yoast.com\/wordpress\/plugins\/seo\/ -->\n<title>Lundaspelen Para-Handball - Lundaspelen in Handball<\/title>\n<meta name=\"robots\" content=\"index, follow, max-snippet:-1, max-image-preview:large, max-video-preview:-1\" \/>\n<link rel=\"canonical\" href=\"https:\/\/www.lundaspelen.com\/de\/lundaspelen-para-handball\/\" \/>\n<meta property=\"og:locale\" content=\"de_DE\" \/>\n<meta property=\"og:type\" content=\"article\" \/>\n<meta property=\"og:title\" content=\"Lundaspelen Para-Handball - Lundaspelen in Handball\" \/>\n<meta property=\"og:description\" content=\"LUNDASPELEN PARA Lundaspelen Special Class &#8211; Handballvergn\u00fcgen f\u00fcr alle! Jeder verdient das Recht auf Gesundheit, Freude und Teilnahme. Lundaspelen Para ist ein gesch\u00e4tzter und nat\u00fcrlicher Teil des Turniers und schafft unvergessliche Momente f\u00fcr Spieler, Zuschauer und Freiwillige gleicherma\u00dfen. Lundaspelen Para beinhaltet:Rollstuhlhandball &#8211; 27.-28. DezemberF\u00fcr Spieler, die t\u00e4glich einen Rollstuhl benutzen oder bei stehenden Spielen nicht [&hellip;]\" \/>\n<meta property=\"og:url\" content=\"https:\/\/www.lundaspelen.com\/de\/lundaspelen-para-handball\/\" \/>\n<meta property=\"og:site_name\" content=\"Lundaspelen in Handball\" \/>\n<meta property=\"article:publisher\" content=\"https:\/\/www.facebook.com\/lundaspelen\" \/>\n<meta property=\"article:modified_time\" content=\"2026-03-17T14:17:01+00:00\" \/>\n<meta property=\"og:image\" content=\"https:\/\/www.lundaspelen.com\/wp-content\/uploads\/2025\/03\/lundaspelen.jpg\" \/>\n\t<meta property=\"og:image:width\" content=\"1800\" \/>\n\t<meta property=\"og:image:height\" content=\"1200\" \/>\n\t<meta property=\"og:image:type\" content=\"image\/jpeg\" \/>\n<meta name=\"twitter:card\" content=\"summary_large_image\" \/>\n<meta name=\"twitter:label1\" content=\"Gesch\u00e4tzte Lesezeit\" \/>\n\t<meta name=\"twitter:data1\" content=\"1\u00a0Minute\" \/>\n<script type=\"application\/ld+json\" class=\"yoast-schema-graph\">{\"@context\":\"https:\/\/schema.org\",\"@graph\":[{\"@type\":\"WebPage\",\"@id\":\"https:\/\/www.lundaspelen.com\/de\/lundaspelen-para-handball\/\",\"url\":\"https:\/\/www.lundaspelen.com\/de\/lundaspelen-para-handball\/\",\"name\":\"Lundaspelen Para-Handball - Lundaspelen in Handball\",\"isPartOf\":{\"@id\":\"https:\/\/www.lundaspelen.com\/de\/#website\"},\"datePublished\":\"2025-04-22T19:50:33+00:00\",\"dateModified\":\"2026-03-17T14:17:01+00:00\",\"breadcrumb\":{\"@id\":\"https:\/\/www.lundaspelen.com\/de\/lundaspelen-para-handball\/#breadcrumb\"},\"inLanguage\":\"de\",\"potentialAction\":[{\"@type\":\"ReadAction\",\"target\":[\"https:\/\/www.lundaspelen.com\/de\/lundaspelen-para-handball\/\"]}]},{\"@type\":\"BreadcrumbList\",\"@id\":\"https:\/\/www.lundaspelen.com\/de\/lundaspelen-para-handball\/#breadcrumb\",\"itemListElement\":[{\"@type\":\"ListItem\",\"position\":1,\"name\":\"Home\",\"item\":\"https:\/\/www.lundaspelen.com\/de\/lundaspelen-im-handball\/\"},{\"@type\":\"ListItem\",\"position\":2,\"name\":\"Lundaspelen Para-Handball\"}]},{\"@type\":\"WebSite\",\"@id\":\"https:\/\/www.lundaspelen.com\/de\/#website\",\"url\":\"https:\/\/www.lundaspelen.com\/de\/\",\"name\":\"Lundaspelen\",\"description\":\"Creating memories for life\",\"publisher\":{\"@id\":\"https:\/\/www.lundaspelen.com\/de\/#organization\"},\"potentialAction\":[{\"@type\":\"SearchAction\",\"target\":{\"@type\":\"EntryPoint\",\"urlTemplate\":\"https:\/\/www.lundaspelen.com\/de\/?s={search_term_string}\"},\"query-input\":{\"@type\":\"PropertyValueSpecification\",\"valueRequired\":true,\"valueName\":\"search_term_string\"}}],\"inLanguage\":\"de\"},{\"@type\":\"Organization\",\"@id\":\"https:\/\/www.lundaspelen.com\/de\/#organization\",\"name\":\"Lundaspelen\",\"url\":\"https:\/\/www.lundaspelen.com\/de\/\",\"logo\":{\"@type\":\"ImageObject\",\"inLanguage\":\"de\",\"@id\":\"https:\/\/www.lundaspelen.com\/de\/#\/schema\/logo\/image\/\",\"url\":\"https:\/\/www.lundaspelen.com\/wp-content\/uploads\/2025\/03\/LUN_Logo_C_RGB.png\",\"contentUrl\":\"https:\/\/www.lundaspelen.com\/wp-content\/uploads\/2025\/03\/LUN_Logo_C_RGB.png\",\"width\":600,\"height\":400,\"caption\":\"Lundaspelen\"},\"image\":{\"@id\":\"https:\/\/www.lundaspelen.com\/de\/#\/schema\/logo\/image\/\"},\"sameAs\":[\"https:\/\/www.facebook.com\/lundaspelen\",\"https:\/\/www.instagram.com\/lundaspelen_hb\/\",\"https:\/\/www.tiktok.com\/@lundaspelen\"]}]}<\/script>\n<!-- \/ Yoast SEO plugin. -->","yoast_head_json":{"title":"Lundaspelen Para-Handball - Lundaspelen in Handball","robots":{"index":"index","follow":"follow","max-snippet":"max-snippet:-1","max-image-preview":"max-image-preview:large","max-video-preview":"max-video-preview:-1"},"canonical":"https:\/\/www.lundaspelen.com\/de\/lundaspelen-para-handball\/","og_locale":"de_DE","og_type":"article","og_title":"Lundaspelen Para-Handball - Lundaspelen in Handball","og_description":"LUNDASPELEN PARA Lundaspelen Special Class &#8211; Handballvergn\u00fcgen f\u00fcr alle! Jeder verdient das Recht auf Gesundheit, Freude und Teilnahme. Lundaspelen Para ist ein gesch\u00e4tzter und nat\u00fcrlicher Teil des Turniers und schafft unvergessliche Momente f\u00fcr Spieler, Zuschauer und Freiwillige gleicherma\u00dfen. Lundaspelen Para beinhaltet:Rollstuhlhandball &#8211; 27.-28. DezemberF\u00fcr Spieler, die t\u00e4glich einen Rollstuhl benutzen oder bei stehenden Spielen nicht [&hellip;]","og_url":"https:\/\/www.lundaspelen.com\/de\/lundaspelen-para-handball\/","og_site_name":"Lundaspelen in Handball","article_publisher":"https:\/\/www.facebook.com\/lundaspelen","article_modified_time":"2026-03-17T14:17:01+00:00","og_image":[{"width":1800,"height":1200,"url":"https:\/\/www.lundaspelen.com\/wp-content\/uploads\/2025\/03\/lundaspelen.jpg","type":"image\/jpeg"}],"twitter_card":"summary_large_image","twitter_misc":{"Gesch\u00e4tzte Lesezeit":"1\u00a0Minute"},"schema":{"@context":"https:\/\/schema.org","@graph":[{"@type":"WebPage","@id":"https:\/\/www.lundaspelen.com\/de\/lundaspelen-para-handball\/","url":"https:\/\/www.lundaspelen.com\/de\/lundaspelen-para-handball\/","name":"Lundaspelen Para-Handball - Lundaspelen in Handball","isPartOf":{"@id":"https:\/\/www.lundaspelen.com\/de\/#website"},"datePublished":"2025-04-22T19:50:33+00:00","dateModified":"2026-03-17T14:17:01+00:00","breadcrumb":{"@id":"https:\/\/www.lundaspelen.com\/de\/lundaspelen-para-handball\/#breadcrumb"},"inLanguage":"de","potentialAction":[{"@type":"ReadAction","target":["https:\/\/www.lundaspelen.com\/de\/lundaspelen-para-handball\/"]}]},{"@type":"BreadcrumbList","@id":"https:\/\/www.lundaspelen.com\/de\/lundaspelen-para-handball\/#breadcrumb","itemListElement":[{"@type":"ListItem","position":1,"name":"Home","item":"https:\/\/www.lundaspelen.com\/de\/lundaspelen-im-handball\/"},{"@type":"ListItem","position":2,"name":"Lundaspelen Para-Handball"}]},{"@type":"WebSite","@id":"https:\/\/www.lundaspelen.com\/de\/#website","url":"https:\/\/www.lundaspelen.com\/de\/","name":"Lundaspelen","description":"Creating memories for life","publisher":{"@id":"https:\/\/www.lundaspelen.com\/de\/#organization"},"potentialAction":[{"@type":"SearchAction","target":{"@type":"EntryPoint","urlTemplate":"https:\/\/www.lundaspelen.com\/de\/?s={search_term_string}"},"query-input":{"@type":"PropertyValueSpecification","valueRequired":true,"valueName":"search_term_string"}}],"inLanguage":"de"},{"@type":"Organization","@id":"https:\/\/www.lundaspelen.com\/de\/#organization","name":"Lundaspelen","url":"https:\/\/www.lundaspelen.com\/de\/","logo":{"@type":"ImageObject","inLanguage":"de","@id":"https:\/\/www.lundaspelen.com\/de\/#\/schema\/logo\/image\/","url":"https:\/\/www.lundaspelen.com\/wp-content\/uploads\/2025\/03\/LUN_Logo_C_RGB.png","contentUrl":"https:\/\/www.lundaspelen.com\/wp-content\/uploads\/2025\/03\/LUN_Logo_C_RGB.png","width":600,"height":400,"caption":"Lundaspelen"},"image":{"@id":"https:\/\/www.lundaspelen.com\/de\/#\/schema\/logo\/image\/"},"sameAs":["https:\/\/www.facebook.com\/lundaspelen","https:\/\/www.instagram.com\/lundaspelen_hb\/","https:\/\/www.tiktok.com\/@lundaspelen"]}]}},"_links":{"self":[{"href":"https:\/\/www.lundaspelen.com\/de\/wp-json\/wp\/v2\/pages\/27613","targetHints":{"allow":["GET"]}}],"collection":[{"href":"https:\/\/www.lundaspelen.com\/de\/wp-json\/wp\/v2\/pages"}],"about":[{"href":"https:\/\/www.lundaspelen.com\/de\/wp-json\/wp\/v2\/types\/page"}],"author":[{"embeddable":true,"href":"https:\/\/www.lundaspelen.com\/de\/wp-json\/wp\/v2\/users\/2"}],"replies":[{"embeddable":true,"href":"https:\/\/www.lundaspelen.com\/de\/wp-json\/wp\/v2\/comments?post=27613"}],"version-history":[{"count":5,"href":"https:\/\/www.lundaspelen.com\/de\/wp-json\/wp\/v2\/pages\/27613\/revisions"}],"predecessor-version":[{"id":29563,"href":"https:\/\/www.lundaspelen.com\/de\/wp-json\/wp\/v2\/pages\/27613\/revisions\/29563"}],"wp:attachment":[{"href":"https:\/\/www.lundaspelen.com\/de\/wp-json\/wp\/v2\/media?parent=27613"}],"curies":[{"name":"wp","href":"https:\/\/api.w.org\/{rel}","templated":true}]}}