{"id":27919,"date":"2025-04-22T19:50:18","date_gmt":"2025-04-22T19:50:18","guid":{"rendered":"https:\/\/www.lundaspelen.com\/lundaspelen-mini\/"},"modified":"2026-03-17T14:15:20","modified_gmt":"2026-03-17T14:15:20","slug":"lundaspelen-mini","status":"publish","type":"page","link":"https:\/\/www.lundaspelen.com\/da\/lundaspelen-mini\/","title":{"rendered":"Lundaspelen Mini"},"content":{"rendered":"\t\t<div data-elementor-type=\"wp-page\" data-elementor-id=\"27919\" class=\"elementor elementor-27919 elementor-26800\" data-elementor-post-type=\"page\">\n\t\t\t\t<div class=\"elementor-element elementor-element-3473e0dc e-flex e-con-boxed e-con e-parent\" data-id=\"3473e0dc\" data-element_type=\"container\" data-settings=\"{&quot;background_background&quot;:&quot;slideshow&quot;,&quot;background_slideshow_gallery&quot;:[{&quot;id&quot;:27910,&quot;url&quot;:&quot;https:\\\/\\\/www.lundaspelen.com\\\/wp-content\\\/uploads\\\/2025\\\/04\\\/lundaspelen-mini.jpg&quot;}],&quot;background_slideshow_loop&quot;:&quot;yes&quot;,&quot;background_slideshow_slide_duration&quot;:5000,&quot;background_slideshow_slide_transition&quot;:&quot;fade&quot;,&quot;background_slideshow_transition_duration&quot;:500}\">\n\t\t\t\t\t<div class=\"e-con-inner\">\n\t\t<div class=\"elementor-element elementor-element-1c243b0f e-con-full e-flex e-con e-child\" data-id=\"1c243b0f\" data-element_type=\"container\">\n\t\t\t\t<div class=\"elementor-element elementor-element-0c474dc elementor-widget elementor-widget-icon-box\" data-id=\"0c474dc\" data-element_type=\"widget\" data-widget_type=\"icon-box.default\">\n\t\t\t\t<div class=\"elementor-widget-container\">\n\t\t\t\t\t\t\t<div class=\"elementor-icon-box-wrapper\">\n\n\t\t\t\n\t\t\t\t\t\t<div class=\"elementor-icon-box-content\">\n\n\t\t\t\t\t\t\t\t\t<h1 class=\"elementor-icon-box-title\">\n\t\t\t\t\t\t<span  >\n\t\t\t\t\t\t\tLUNDASPELEN Mini\t\t\t\t\t\t<\/span>\n\t\t\t\t\t<\/h1>\n\t\t\t\t\n\t\t\t\t\t\t\t\t\t<p class=\"elementor-icon-box-description\">\n\t\t\t\t\t\tRen h\u00e5ndboldgl\u00e6de for de yngste!\t\t\t\t\t<\/p>\n\t\t\t\t\n\t\t\t<\/div>\n\t\t\t\n\t\t<\/div>\n\t\t\t\t\t\t<\/div>\n\t\t\t\t<\/div>\n\t\t\t\t<\/div>\n\t\t\t\t\t<\/div>\n\t\t\t\t<\/div>\n\t\t<div class=\"elementor-element elementor-element-dbbc62f e-flex e-con-boxed e-con e-parent\" data-id=\"dbbc62f\" data-element_type=\"container\">\n\t\t\t\t\t<div class=\"e-con-inner\">\n\t\t\t\t<div class=\"elementor-element elementor-element-ba510ae elementor-widget elementor-widget-text-editor\" data-id=\"ba510ae\" data-element_type=\"widget\" data-widget_type=\"text-editor.default\">\n\t\t\t\t<div class=\"elementor-widget-container\">\n\t\t\t\t\t\t\t\t\t<p>Et endags minih\u00e5ndboldst\u00e6vne for <strong>drenge og piger f\u00f8dt i 2018.<\/strong> Ingen resultater, ingen placeringer &#8211; bare sjov, teamwork og alle er vindere! <\/p><p><strong>Legedage (i n\u00e6rheden af Lund):<\/strong><\/p><ul><li>Piger: 27. december<\/li><li>Drenge: 28. december<\/li><\/ul><p><strong>Hurtige fakta:<\/strong><\/p><ul><li>4 kampe pr. hold (1&#215;15 minutter)<\/li><li>Alle spillere f\u00e5r en medalje (maks. 12 pr. hold)<\/li><li>5 spillere p\u00e5 banen (inklusive m\u00e5lmand)<\/li><li>Gebyr: <strong>1500 SEK\/hold<\/strong><\/li><\/ul><p><strong>Vigtige datoer:<\/strong><\/p><ul><li>Frist for tilmelding: 15. oktober (via vores hjemmeside)<\/li><li>Kampprogram online omkring 10. december<br>Sp\u00f8rgsm\u00e5l? Kontakt <strong>info@lundaspelen.com<\/strong> <\/li><\/ul>\t\t\t\t\t\t\t\t<\/div>\n\t\t\t\t<\/div>\n\t\t\t\t\t<\/div>\n\t\t\t\t<\/div>\n\t\t\t\t<\/div>\n\t\t","protected":false},"excerpt":{"rendered":"<p>LUNDASPELEN Mini Ren h\u00e5ndboldgl\u00e6de for de yngste! Et endags minih\u00e5ndboldst\u00e6vne for drenge og piger f\u00f8dt i 2018. Ingen resultater, ingen placeringer &#8211; bare sjov, teamwork og alle er vindere! Legedage (i n\u00e6rheden af Lund): Piger: 27. december Drenge: 28. december Hurtige fakta: 4 kampe pr. hold (1&#215;15 minutter) Alle spillere f\u00e5r en medalje (maks. 12 [&hellip;]<\/p>\n","protected":false},"author":2,"featured_media":0,"parent":0,"menu_order":0,"comment_status":"closed","ping_status":"closed","template":"","meta":{"inline_featured_image":false,"site-sidebar-layout":"no-sidebar","site-content-layout":"page-builder","ast-site-content-layout":"full-width-container","site-content-style":"default","site-sidebar-style":"default","ast-global-header-display":"","ast-banner-title-visibility":"","ast-main-header-display":"","ast-hfb-above-header-display":"","ast-hfb-below-header-display":"","ast-hfb-mobile-header-display":"","site-post-title":"disabled","ast-breadcrumbs-content":"","ast-featured-img":"disabled","footer-sml-layout":"","ast-disable-related-posts":"","theme-transparent-header-meta":"","adv-header-id-meta":"","stick-header-meta":"","header-above-stick-meta":"","header-main-stick-meta":"","header-below-stick-meta":"","astra-migrate-meta-layouts":"default","ast-page-background-enabled":"default","ast-page-background-meta":{"desktop":{"background-color":"","background-image":"","background-repeat":"repeat","background-position":"center center","background-size":"auto","background-attachment":"scroll","background-type":"","background-media":"","overlay-type":"","overlay-color":"","overlay-opacity":"","overlay-gradient":""},"tablet":{"background-color":"","background-image":"","background-repeat":"repeat","background-position":"center center","background-size":"auto","background-attachment":"scroll","background-type":"","background-media":"","overlay-type":"","overlay-color":"","overlay-opacity":"","overlay-gradient":""},"mobile":{"background-color":"","background-image":"","background-repeat":"repeat","background-position":"center center","background-size":"auto","background-attachment":"scroll","background-type":"","background-media":"","overlay-type":"","overlay-color":"","overlay-opacity":"","overlay-gradient":""}},"ast-content-background-meta":{"desktop":{"background-color":"var(--ast-global-color-5)","background-image":"","background-repeat":"repeat","background-position":"center center","background-size":"auto","background-attachment":"scroll","background-type":"","background-media":"","overlay-type":"","overlay-color":"","overlay-opacity":"","overlay-gradient":""},"tablet":{"background-color":"var(--ast-global-color-5)","background-image":"","background-repeat":"repeat","background-position":"center center","background-size":"auto","background-attachment":"scroll","background-type":"","background-media":"","overlay-type":"","overlay-color":"","overlay-opacity":"","overlay-gradient":""},"mobile":{"background-color":"var(--ast-global-color-5)","background-image":"","background-repeat":"repeat","background-position":"center center","background-size":"auto","background-attachment":"scroll","background-type":"","background-media":"","overlay-type":"","overlay-color":"","overlay-opacity":"","overlay-gradient":""}},"footnotes":""},"class_list":["post-27919","page","type-page","status-publish","hentry"],"yoast_head":"<!-- This site is optimized with the Yoast SEO plugin v26.5 - https:\/\/yoast.com\/wordpress\/plugins\/seo\/ -->\n<title>Lundaspelen Mini - Lundaspelen in Handball<\/title>\n<meta name=\"robots\" content=\"index, follow, max-snippet:-1, max-image-preview:large, max-video-preview:-1\" \/>\n<link rel=\"canonical\" href=\"https:\/\/www.lundaspelen.com\/da\/lundaspelen-mini\/\" \/>\n<meta property=\"og:locale\" content=\"da_DK\" \/>\n<meta property=\"og:type\" content=\"article\" \/>\n<meta property=\"og:title\" content=\"Lundaspelen Mini - Lundaspelen in Handball\" \/>\n<meta property=\"og:description\" content=\"LUNDASPELEN Mini Ren h\u00e5ndboldgl\u00e6de for de yngste! Et endags minih\u00e5ndboldst\u00e6vne for drenge og piger f\u00f8dt i 2018. Ingen resultater, ingen placeringer &#8211; bare sjov, teamwork og alle er vindere! Legedage (i n\u00e6rheden af Lund): Piger: 27. december Drenge: 28. december Hurtige fakta: 4 kampe pr. hold (1&#215;15 minutter) Alle spillere f\u00e5r en medalje (maks. 12 [&hellip;]\" \/>\n<meta property=\"og:url\" content=\"https:\/\/www.lundaspelen.com\/da\/lundaspelen-mini\/\" \/>\n<meta property=\"og:site_name\" content=\"Lundaspelen in Handball\" \/>\n<meta property=\"article:publisher\" content=\"https:\/\/www.facebook.com\/lundaspelen\" \/>\n<meta property=\"article:modified_time\" content=\"2026-03-17T14:15:20+00:00\" \/>\n<meta property=\"og:image\" content=\"https:\/\/www.lundaspelen.com\/wp-content\/uploads\/2025\/03\/lundaspelen.jpg\" \/>\n\t<meta property=\"og:image:width\" content=\"1800\" \/>\n\t<meta property=\"og:image:height\" content=\"1200\" \/>\n\t<meta property=\"og:image:type\" content=\"image\/jpeg\" \/>\n<meta name=\"twitter:card\" content=\"summary_large_image\" \/>\n<script type=\"application\/ld+json\" class=\"yoast-schema-graph\">{\"@context\":\"https:\/\/schema.org\",\"@graph\":[{\"@type\":\"WebPage\",\"@id\":\"https:\/\/www.lundaspelen.com\/da\/lundaspelen-mini\/\",\"url\":\"https:\/\/www.lundaspelen.com\/da\/lundaspelen-mini\/\",\"name\":\"Lundaspelen Mini - Lundaspelen in Handball\",\"isPartOf\":{\"@id\":\"https:\/\/www.lundaspelen.com\/da\/#website\"},\"datePublished\":\"2025-04-22T19:50:18+00:00\",\"dateModified\":\"2026-03-17T14:15:20+00:00\",\"breadcrumb\":{\"@id\":\"https:\/\/www.lundaspelen.com\/da\/lundaspelen-mini\/#breadcrumb\"},\"inLanguage\":\"da-DK\",\"potentialAction\":[{\"@type\":\"ReadAction\",\"target\":[\"https:\/\/www.lundaspelen.com\/da\/lundaspelen-mini\/\"]}]},{\"@type\":\"BreadcrumbList\",\"@id\":\"https:\/\/www.lundaspelen.com\/da\/lundaspelen-mini\/#breadcrumb\",\"itemListElement\":[{\"@type\":\"ListItem\",\"position\":1,\"name\":\"Home\",\"item\":\"https:\/\/www.lundaspelen.com\/da\/lundaspelen-i-haandbold\/\"},{\"@type\":\"ListItem\",\"position\":2,\"name\":\"Lundaspelen Mini\"}]},{\"@type\":\"WebSite\",\"@id\":\"https:\/\/www.lundaspelen.com\/da\/#website\",\"url\":\"https:\/\/www.lundaspelen.com\/da\/\",\"name\":\"Lundaspelen\",\"description\":\"Creating memories for life\",\"potentialAction\":[{\"@type\":\"SearchAction\",\"target\":{\"@type\":\"EntryPoint\",\"urlTemplate\":\"https:\/\/www.lundaspelen.com\/da\/?s={search_term_string}\"},\"query-input\":{\"@type\":\"PropertyValueSpecification\",\"valueRequired\":true,\"valueName\":\"search_term_string\"}}],\"inLanguage\":\"da-DK\"}]}<\/script>\n<!-- \/ Yoast SEO plugin. -->","yoast_head_json":{"title":"Lundaspelen Mini - Lundaspelen in Handball","robots":{"index":"index","follow":"follow","max-snippet":"max-snippet:-1","max-image-preview":"max-image-preview:large","max-video-preview":"max-video-preview:-1"},"canonical":"https:\/\/www.lundaspelen.com\/da\/lundaspelen-mini\/","og_locale":"da_DK","og_type":"article","og_title":"Lundaspelen Mini - Lundaspelen in Handball","og_description":"LUNDASPELEN Mini Ren h\u00e5ndboldgl\u00e6de for de yngste! Et endags minih\u00e5ndboldst\u00e6vne for drenge og piger f\u00f8dt i 2018. Ingen resultater, ingen placeringer &#8211; bare sjov, teamwork og alle er vindere! Legedage (i n\u00e6rheden af Lund): Piger: 27. december Drenge: 28. december Hurtige fakta: 4 kampe pr. hold (1&#215;15 minutter) Alle spillere f\u00e5r en medalje (maks. 12 [&hellip;]","og_url":"https:\/\/www.lundaspelen.com\/da\/lundaspelen-mini\/","og_site_name":"Lundaspelen in Handball","article_publisher":"https:\/\/www.facebook.com\/lundaspelen","article_modified_time":"2026-03-17T14:15:20+00:00","og_image":[{"width":1800,"height":1200,"url":"https:\/\/www.lundaspelen.com\/wp-content\/uploads\/2025\/03\/lundaspelen.jpg","type":"image\/jpeg"}],"twitter_card":"summary_large_image","schema":{"@context":"https:\/\/schema.org","@graph":[{"@type":"WebPage","@id":"https:\/\/www.lundaspelen.com\/da\/lundaspelen-mini\/","url":"https:\/\/www.lundaspelen.com\/da\/lundaspelen-mini\/","name":"Lundaspelen Mini - Lundaspelen in Handball","isPartOf":{"@id":"https:\/\/www.lundaspelen.com\/da\/#website"},"datePublished":"2025-04-22T19:50:18+00:00","dateModified":"2026-03-17T14:15:20+00:00","breadcrumb":{"@id":"https:\/\/www.lundaspelen.com\/da\/lundaspelen-mini\/#breadcrumb"},"inLanguage":"da-DK","potentialAction":[{"@type":"ReadAction","target":["https:\/\/www.lundaspelen.com\/da\/lundaspelen-mini\/"]}]},{"@type":"BreadcrumbList","@id":"https:\/\/www.lundaspelen.com\/da\/lundaspelen-mini\/#breadcrumb","itemListElement":[{"@type":"ListItem","position":1,"name":"Home","item":"https:\/\/www.lundaspelen.com\/da\/lundaspelen-i-haandbold\/"},{"@type":"ListItem","position":2,"name":"Lundaspelen Mini"}]},{"@type":"WebSite","@id":"https:\/\/www.lundaspelen.com\/da\/#website","url":"https:\/\/www.lundaspelen.com\/da\/","name":"Lundaspelen","description":"Creating memories for life","potentialAction":[{"@type":"SearchAction","target":{"@type":"EntryPoint","urlTemplate":"https:\/\/www.lundaspelen.com\/da\/?s={search_term_string}"},"query-input":{"@type":"PropertyValueSpecification","valueRequired":true,"valueName":"search_term_string"}}],"inLanguage":"da-DK"}]}},"_links":{"self":[{"href":"https:\/\/www.lundaspelen.com\/da\/wp-json\/wp\/v2\/pages\/27919","targetHints":{"allow":["GET"]}}],"collection":[{"href":"https:\/\/www.lundaspelen.com\/da\/wp-json\/wp\/v2\/pages"}],"about":[{"href":"https:\/\/www.lundaspelen.com\/da\/wp-json\/wp\/v2\/types\/page"}],"author":[{"embeddable":true,"href":"https:\/\/www.lundaspelen.com\/da\/wp-json\/wp\/v2\/users\/2"}],"replies":[{"embeddable":true,"href":"https:\/\/www.lundaspelen.com\/da\/wp-json\/wp\/v2\/comments?post=27919"}],"version-history":[{"count":3,"href":"https:\/\/www.lundaspelen.com\/da\/wp-json\/wp\/v2\/pages\/27919\/revisions"}],"predecessor-version":[{"id":29559,"href":"https:\/\/www.lundaspelen.com\/da\/wp-json\/wp\/v2\/pages\/27919\/revisions\/29559"}],"wp:attachment":[{"href":"https:\/\/www.lundaspelen.com\/da\/wp-json\/wp\/v2\/media?parent=27919"}],"curies":[{"name":"wp","href":"https:\/\/api.w.org\/{rel}","templated":true}]}}