{"id":27913,"date":"2025-04-22T11:23:44","date_gmt":"2025-04-22T11:23:44","guid":{"rendered":"https:\/\/www.lundaspelen.com\/oplev-lund\/"},"modified":"2025-12-19T08:22:15","modified_gmt":"2025-12-19T08:22:15","slug":"oplev-lund","status":"publish","type":"page","link":"https:\/\/www.lundaspelen.com\/da\/oplev-lund\/","title":{"rendered":"Oplev Lund"},"content":{"rendered":"\t\t<div data-elementor-type=\"wp-page\" data-elementor-id=\"27913\" class=\"elementor elementor-27913 elementor-26835\" data-elementor-post-type=\"page\">\n\t\t\t\t<div class=\"elementor-element elementor-element-3e127dfb e-flex e-con-boxed e-con e-parent\" data-id=\"3e127dfb\" data-element_type=\"container\" data-settings=\"{&quot;background_background&quot;:&quot;slideshow&quot;,&quot;background_slideshow_gallery&quot;:[{&quot;id&quot;:28226,&quot;url&quot;:&quot;https:\\\/\\\/www.lundaspelen.com\\\/wp-content\\\/uploads\\\/2025\\\/07\\\/lundsdomkyrka.png&quot;}],&quot;background_slideshow_loop&quot;:&quot;yes&quot;,&quot;background_slideshow_slide_duration&quot;:5000,&quot;background_slideshow_slide_transition&quot;:&quot;fade&quot;,&quot;background_slideshow_transition_duration&quot;:500}\">\n\t\t\t\t\t<div class=\"e-con-inner\">\n\t\t<div class=\"elementor-element elementor-element-78fa4aeb e-con-full e-flex e-con e-child\" data-id=\"78fa4aeb\" data-element_type=\"container\">\n\t\t\t\t<div class=\"elementor-element elementor-element-2d97b72e elementor-widget elementor-widget-heading\" data-id=\"2d97b72e\" data-element_type=\"widget\" data-widget_type=\"heading.default\">\n\t\t\t\t<div class=\"elementor-widget-container\">\n\t\t\t\t\t<h1 class=\"elementor-heading-title elementor-size-default\">Opdag Lund<\/h1>\t\t\t\t<\/div>\n\t\t\t\t<\/div>\n\t\t\t\t<div class=\"elementor-element elementor-element-95aaa98 elementor-widget elementor-widget-text-editor\" data-id=\"95aaa98\" data-element_type=\"widget\" data-widget_type=\"text-editor.default\">\n\t\t\t\t<div class=\"elementor-widget-container\">\n\t\t\t\t\t\t\t\t\t<p>Hvor gl\u00e6den ved Lundaspelen forts\u00e6tter i hjertet af byen!<\/p>\t\t\t\t\t\t\t\t<\/div>\n\t\t\t\t<\/div>\n\t\t\t\t<\/div>\n\t\t\t\t\t<\/div>\n\t\t\t\t<\/div>\n\t\t<div class=\"elementor-element elementor-element-1aa6a5f e-con-full e-flex e-con e-parent\" data-id=\"1aa6a5f\" data-element_type=\"container\" data-settings=\"{&quot;background_background&quot;:&quot;classic&quot;}\">\n\t\t<div class=\"elementor-element elementor-element-997a11f e-con-full e-flex e-con e-child\" data-id=\"997a11f\" data-element_type=\"container\" data-settings=\"{&quot;background_background&quot;:&quot;classic&quot;}\">\n\t\t<div class=\"elementor-element elementor-element-e5bdb4c e-con-full e-flex e-con e-child\" data-id=\"e5bdb4c\" data-element_type=\"container\" data-settings=\"{&quot;background_background&quot;:&quot;classic&quot;}\">\n\t\t<div class=\"elementor-element elementor-element-04b18af e-con-full e-flex e-con e-child\" data-id=\"04b18af\" data-element_type=\"container\">\n\t\t<div class=\"elementor-element elementor-element-3d47c1b e-con-full e-flex e-con e-child\" data-id=\"3d47c1b\" data-element_type=\"container\" data-settings=\"{&quot;background_background&quot;:&quot;classic&quot;}\">\n\t\t\t\t<div class=\"elementor-element elementor-element-3776de1 elementor-widget elementor-widget-heading\" data-id=\"3776de1\" data-element_type=\"widget\" data-widget_type=\"heading.default\">\n\t\t\t\t<div class=\"elementor-widget-container\">\n\t\t\t\t\t<h3 class=\"elementor-heading-title elementor-size-default\">tilbud til Lundaspelen particitpants<\/h3>\t\t\t\t<\/div>\n\t\t\t\t<\/div>\n\t\t\t\t<div class=\"elementor-element elementor-element-d692183 elementor-widget elementor-widget-text-editor\" data-id=\"d692183\" data-element_type=\"widget\" data-widget_type=\"text-editor.default\">\n\t\t\t\t<div class=\"elementor-widget-container\">\n\t\t\t\t\t\t\t\t\t<p>Lund er stolt over at kunne byde alle spillere, familier og supportere velkommen under Lundaspelen. Gl\u00e6den slutter ikke, n\u00e5r slutfl\u00f8jtet lyder &#8211; den forts\u00e6tter udenfor i byen! <\/p><p>Butikker, caf\u00e9er, restauranter, museer og andre virksomheder i Lund City gl\u00e6der sig til at byde dig velkommen. Uanset om du skal fejre en god kamp, h\u00e6nge ud med holdet eller bare nyde atmosf\u00e6ren &#8211; s\u00e5 er byen her for dig. <\/p>\t\t\t\t\t\t\t\t<\/div>\n\t\t\t\t<\/div>\n\t\t\t\t<div class=\"elementor-element elementor-element-ca7ab5e elementor-widget elementor-widget-button\" data-id=\"ca7ab5e\" data-element_type=\"widget\" data-widget_type=\"button.default\">\n\t\t\t\t<div class=\"elementor-widget-container\">\n\t\t\t\t\t\t\t\t\t<div class=\"elementor-button-wrapper\">\n\t\t\t\t\t<a class=\"elementor-button elementor-button-link elementor-size-sm\" href=\"https:\/\/en.lundcity.se\/lundaspelen\/\" target=\"_blank\">\n\t\t\t\t\t\t<span class=\"elementor-button-content-wrapper\">\n\t\t\t\t\t\t\t\t\t<span class=\"elementor-button-text\">Tilbud i Lund by<\/span>\n\t\t\t\t\t<\/span>\n\t\t\t\t\t<\/a>\n\t\t\t\t<\/div>\n\t\t\t\t\t\t\t\t<\/div>\n\t\t\t\t<\/div>\n\t\t\t\t<\/div>\n\t\t<div class=\"elementor-element elementor-element-6227769 e-con-full e-flex e-con e-child\" data-id=\"6227769\" data-element_type=\"container\" data-settings=\"{&quot;background_background&quot;:&quot;classic&quot;}\">\n\t\t\t\t<div class=\"elementor-element elementor-element-83b5f86 elementor-widget elementor-widget-image\" data-id=\"83b5f86\" data-element_type=\"widget\" data-widget_type=\"image.default\">\n\t\t\t\t<div class=\"elementor-widget-container\">\n\t\t\t\t\t\t\t\t\t\t\t\t\t\t\t<img fetchpriority=\"high\" decoding=\"async\" width=\"1000\" height=\"975\" src=\"https:\/\/www.lundaspelen.com\/wp-content\/uploads\/2025\/12\/lundaspelen-lundcity.jpg\" class=\"attachment-large size-large wp-image-28871\" alt=\"\" srcset=\"https:\/\/www.lundaspelen.com\/wp-content\/uploads\/2025\/12\/lundaspelen-lundcity.jpg 1000w, https:\/\/www.lundaspelen.com\/wp-content\/uploads\/2025\/12\/lundaspelen-lundcity-300x293.jpg 300w, https:\/\/www.lundaspelen.com\/wp-content\/uploads\/2025\/12\/lundaspelen-lundcity-768x749.jpg 768w\" sizes=\"(max-width: 1000px) 100vw, 1000px\" \/>\t\t\t\t\t\t\t\t\t\t\t\t\t\t\t<\/div>\n\t\t\t\t<\/div>\n\t\t\t\t<\/div>\n\t\t\t\t<\/div>\n\t\t\t\t<\/div>\n\t\t\t\t<\/div>\n\t\t\t\t<\/div>\n\t\t<div class=\"elementor-element elementor-element-66022ef e-con-full e-flex e-con e-parent\" data-id=\"66022ef\" data-element_type=\"container\" data-settings=\"{&quot;background_background&quot;:&quot;classic&quot;}\">\n\t\t<div class=\"elementor-element elementor-element-77f1113 e-con-full e-flex e-con e-child\" data-id=\"77f1113\" data-element_type=\"container\">\n\t\t<div class=\"elementor-element elementor-element-2af90c7 e-con-full e-flex e-con e-child\" data-id=\"2af90c7\" data-element_type=\"container\">\n\t\t<div class=\"elementor-element elementor-element-7006e25 e-con-full e-flex e-con e-child\" data-id=\"7006e25\" data-element_type=\"container\" data-settings=\"{&quot;background_background&quot;:&quot;classic&quot;}\">\n\t\t<div class=\"elementor-element elementor-element-ea31d0f e-con-full e-flex e-con e-child\" data-id=\"ea31d0f\" data-element_type=\"container\" data-settings=\"{&quot;background_background&quot;:&quot;classic&quot;}\">\n\t\t\t\t<div class=\"elementor-element elementor-element-6198347 elementor-widget elementor-widget-text-editor\" data-id=\"6198347\" data-element_type=\"widget\" data-widget_type=\"text-editor.default\">\n\t\t\t\t<div class=\"elementor-widget-container\">\n\t\t\t\t\t\t\t\t\t<h4 style=\"text-align: center;\"><em><strong>DELTAGERKORT<\/strong><\/em><\/h4>\t\t\t\t\t\t\t\t<\/div>\n\t\t\t\t<\/div>\n\t\t\t\t<div class=\"elementor-element elementor-element-61062a0 elementor-widget elementor-widget-image\" data-id=\"61062a0\" data-element_type=\"widget\" data-widget_type=\"image.default\">\n\t\t\t\t<div class=\"elementor-widget-container\">\n\t\t\t\t\t\t\t\t\t\t\t\t\t\t\t<img decoding=\"async\" width=\"600\" height=\"400\" src=\"https:\/\/www.lundaspelen.com\/wp-content\/uploads\/2025\/03\/LUN_Logo_C_RGB.png\" class=\"attachment-large size-large wp-image-13\" alt=\"Lundaspelen logotyp\" srcset=\"https:\/\/www.lundaspelen.com\/wp-content\/uploads\/2025\/03\/LUN_Logo_C_RGB.png 600w, https:\/\/www.lundaspelen.com\/wp-content\/uploads\/2025\/03\/LUN_Logo_C_RGB-300x200.png 300w, https:\/\/www.lundaspelen.com\/wp-content\/uploads\/2025\/03\/LUN_Logo_C_RGB-80x53.png 80w\" sizes=\"(max-width: 600px) 100vw, 600px\" \/>\t\t\t\t\t\t\t\t\t\t\t\t\t\t\t<\/div>\n\t\t\t\t<\/div>\n\t\t\t\t<div class=\"elementor-element elementor-element-72f8f62 elementor-widget elementor-widget-text-editor\" data-id=\"72f8f62\" data-element_type=\"widget\" data-widget_type=\"text-editor.default\">\n\t\t\t\t<div class=\"elementor-widget-container\">\n\t\t\t\t\t\t\t\t\t<p style=\"text-align: center;\">LUNDASPELEN H\u00c5NDBOLD 2025<\/p>\t\t\t\t\t\t\t\t<\/div>\n\t\t\t\t<\/div>\n\t\t\t\t<\/div>\n\t\t\t\t<\/div>\n\t\t<div class=\"elementor-element elementor-element-8d3eb37 e-con-full e-flex e-con e-child\" data-id=\"8d3eb37\" data-element_type=\"container\" data-settings=\"{&quot;background_background&quot;:&quot;classic&quot;}\">\n\t\t\t\t<div class=\"elementor-element elementor-element-56066b3 elementor-widget elementor-widget-heading\" data-id=\"56066b3\" data-element_type=\"widget\" data-widget_type=\"heading.default\">\n\t\t\t\t<div class=\"elementor-widget-container\">\n\t\t\t\t\t<h3 class=\"elementor-heading-title elementor-size-default\">Deltagerkort<\/h3>\t\t\t\t<\/div>\n\t\t\t\t<\/div>\n\t\t\t\t<div class=\"elementor-element elementor-element-d3bbbe1 elementor-widget elementor-widget-text-editor\" data-id=\"d3bbbe1\" data-element_type=\"widget\" data-widget_type=\"text-editor.default\">\n\t\t\t\t<div class=\"elementor-widget-container\">\n\t\t\t\t\t\t\t\t\t<p>Brug dit deltagerkort og vis det i butikker, der tilbyder Lundaspelen-rabatter.<\/p>\t\t\t\t\t\t\t\t<\/div>\n\t\t\t\t<\/div>\n\t\t\t\t<div class=\"elementor-element elementor-element-6d28942 elementor-widget elementor-widget-button\" data-id=\"6d28942\" data-element_type=\"widget\" data-widget_type=\"button.default\">\n\t\t\t\t<div class=\"elementor-widget-container\">\n\t\t\t\t\t\t\t\t\t<div class=\"elementor-button-wrapper\">\n\t\t\t\t\t<a class=\"elementor-button elementor-button-link elementor-size-sm\" href=\"https:\/\/www.lundaspelen.com\/participant-card\/\" target=\"_blank\">\n\t\t\t\t\t\t<span class=\"elementor-button-content-wrapper\">\n\t\t\t\t\t\t\t\t\t<span class=\"elementor-button-text\">Dit deltagerkort<\/span>\n\t\t\t\t\t<\/span>\n\t\t\t\t\t<\/a>\n\t\t\t\t<\/div>\n\t\t\t\t\t\t\t\t<\/div>\n\t\t\t\t<\/div>\n\t\t\t\t<\/div>\n\t\t\t\t<\/div>\n\t\t\t\t<\/div>\n\t\t\t\t<\/div>\n\t\t\t\t<\/div>\n\t\t","protected":false},"excerpt":{"rendered":"<p>Opdag Lund Hvor gl\u00e6den ved Lundaspelen forts\u00e6tter i hjertet af byen! tilbud til Lundaspelen particitpants Lund er stolt over at kunne byde alle spillere, familier og supportere velkommen under Lundaspelen. Gl\u00e6den slutter ikke, n\u00e5r slutfl\u00f8jtet lyder &#8211; den forts\u00e6tter udenfor i byen! Butikker, caf\u00e9er, restauranter, museer og andre virksomheder i Lund City gl\u00e6der sig til [&hellip;]<\/p>\n","protected":false},"author":2,"featured_media":0,"parent":0,"menu_order":0,"comment_status":"closed","ping_status":"closed","template":"","meta":{"inline_featured_image":false,"site-sidebar-layout":"no-sidebar","site-content-layout":"page-builder","ast-site-content-layout":"full-width-container","site-content-style":"default","site-sidebar-style":"default","ast-global-header-display":"","ast-banner-title-visibility":"","ast-main-header-display":"","ast-hfb-above-header-display":"","ast-hfb-below-header-display":"","ast-hfb-mobile-header-display":"","site-post-title":"disabled","ast-breadcrumbs-content":"","ast-featured-img":"disabled","footer-sml-layout":"","ast-disable-related-posts":"","theme-transparent-header-meta":"","adv-header-id-meta":"","stick-header-meta":"","header-above-stick-meta":"","header-main-stick-meta":"","header-below-stick-meta":"","astra-migrate-meta-layouts":"default","ast-page-background-enabled":"default","ast-page-background-meta":{"desktop":{"background-color":"","background-image":"","background-repeat":"repeat","background-position":"center center","background-size":"auto","background-attachment":"scroll","background-type":"","background-media":"","overlay-type":"","overlay-color":"","overlay-opacity":"","overlay-gradient":""},"tablet":{"background-color":"","background-image":"","background-repeat":"repeat","background-position":"center center","background-size":"auto","background-attachment":"scroll","background-type":"","background-media":"","overlay-type":"","overlay-color":"","overlay-opacity":"","overlay-gradient":""},"mobile":{"background-color":"","background-image":"","background-repeat":"repeat","background-position":"center center","background-size":"auto","background-attachment":"scroll","background-type":"","background-media":"","overlay-type":"","overlay-color":"","overlay-opacity":"","overlay-gradient":""}},"ast-content-background-meta":{"desktop":{"background-color":"var(--ast-global-color-5)","background-image":"","background-repeat":"repeat","background-position":"center center","background-size":"auto","background-attachment":"scroll","background-type":"","background-media":"","overlay-type":"","overlay-color":"","overlay-opacity":"","overlay-gradient":""},"tablet":{"background-color":"var(--ast-global-color-5)","background-image":"","background-repeat":"repeat","background-position":"center center","background-size":"auto","background-attachment":"scroll","background-type":"","background-media":"","overlay-type":"","overlay-color":"","overlay-opacity":"","overlay-gradient":""},"mobile":{"background-color":"var(--ast-global-color-5)","background-image":"","background-repeat":"repeat","background-position":"center center","background-size":"auto","background-attachment":"scroll","background-type":"","background-media":"","overlay-type":"","overlay-color":"","overlay-opacity":"","overlay-gradient":""}},"footnotes":""},"class_list":["post-27913","page","type-page","status-publish","hentry"],"yoast_head":"<!-- This site is optimized with the Yoast SEO plugin v26.5 - https:\/\/yoast.com\/wordpress\/plugins\/seo\/ -->\n<title>Oplev Lund - Lundaspelen in Handball<\/title>\n<meta name=\"robots\" content=\"index, follow, max-snippet:-1, max-image-preview:large, max-video-preview:-1\" \/>\n<link rel=\"canonical\" href=\"https:\/\/www.lundaspelen.com\/da\/oplev-lund\/\" \/>\n<meta property=\"og:locale\" content=\"da_DK\" \/>\n<meta property=\"og:type\" content=\"article\" \/>\n<meta property=\"og:title\" content=\"Oplev Lund - Lundaspelen in Handball\" \/>\n<meta property=\"og:description\" content=\"Opdag Lund Hvor gl\u00e6den ved Lundaspelen forts\u00e6tter i hjertet af byen! tilbud til Lundaspelen particitpants Lund er stolt over at kunne byde alle spillere, familier og supportere velkommen under Lundaspelen. Gl\u00e6den slutter ikke, n\u00e5r slutfl\u00f8jtet lyder &#8211; den forts\u00e6tter udenfor i byen! Butikker, caf\u00e9er, restauranter, museer og andre virksomheder i Lund City gl\u00e6der sig til [&hellip;]\" \/>\n<meta property=\"og:url\" content=\"https:\/\/www.lundaspelen.com\/da\/oplev-lund\/\" \/>\n<meta property=\"og:site_name\" content=\"Lundaspelen in Handball\" \/>\n<meta property=\"article:publisher\" content=\"https:\/\/www.facebook.com\/lundaspelen\" \/>\n<meta property=\"article:modified_time\" content=\"2025-12-19T08:22:15+00:00\" \/>\n<meta property=\"og:image\" content=\"https:\/\/www.lundaspelen.com\/wp-content\/uploads\/2025\/12\/lundaspelen-lundcity.jpg\" \/>\n\t<meta property=\"og:image:width\" content=\"1000\" \/>\n\t<meta property=\"og:image:height\" content=\"975\" \/>\n\t<meta property=\"og:image:type\" content=\"image\/jpeg\" \/>\n<meta name=\"twitter:card\" content=\"summary_large_image\" \/>\n<meta name=\"twitter:label1\" content=\"Estimeret l\u00e6setid\" \/>\n\t<meta name=\"twitter:data1\" content=\"1 minut\" \/>\n<script type=\"application\/ld+json\" class=\"yoast-schema-graph\">{\"@context\":\"https:\/\/schema.org\",\"@graph\":[{\"@type\":\"WebPage\",\"@id\":\"https:\/\/www.lundaspelen.com\/da\/oplev-lund\/\",\"url\":\"https:\/\/www.lundaspelen.com\/da\/oplev-lund\/\",\"name\":\"Oplev Lund - Lundaspelen in Handball\",\"isPartOf\":{\"@id\":\"https:\/\/www.lundaspelen.com\/da\/#website\"},\"primaryImageOfPage\":{\"@id\":\"https:\/\/www.lundaspelen.com\/da\/oplev-lund\/#primaryimage\"},\"image\":{\"@id\":\"https:\/\/www.lundaspelen.com\/da\/oplev-lund\/#primaryimage\"},\"thumbnailUrl\":\"https:\/\/www.lundaspelen.com\/wp-content\/uploads\/2025\/12\/lundaspelen-lundcity.jpg\",\"datePublished\":\"2025-04-22T11:23:44+00:00\",\"dateModified\":\"2025-12-19T08:22:15+00:00\",\"breadcrumb\":{\"@id\":\"https:\/\/www.lundaspelen.com\/da\/oplev-lund\/#breadcrumb\"},\"inLanguage\":\"da-DK\",\"potentialAction\":[{\"@type\":\"ReadAction\",\"target\":[\"https:\/\/www.lundaspelen.com\/da\/oplev-lund\/\"]}]},{\"@type\":\"ImageObject\",\"inLanguage\":\"da-DK\",\"@id\":\"https:\/\/www.lundaspelen.com\/da\/oplev-lund\/#primaryimage\",\"url\":\"https:\/\/www.lundaspelen.com\/wp-content\/uploads\/2025\/12\/lundaspelen-lundcity.jpg\",\"contentUrl\":\"https:\/\/www.lundaspelen.com\/wp-content\/uploads\/2025\/12\/lundaspelen-lundcity.jpg\"},{\"@type\":\"BreadcrumbList\",\"@id\":\"https:\/\/www.lundaspelen.com\/da\/oplev-lund\/#breadcrumb\",\"itemListElement\":[{\"@type\":\"ListItem\",\"position\":1,\"name\":\"Home\",\"item\":\"https:\/\/www.lundaspelen.com\/da\/lundaspelen-i-haandbold\/\"},{\"@type\":\"ListItem\",\"position\":2,\"name\":\"Oplev Lund\"}]},{\"@type\":\"WebSite\",\"@id\":\"https:\/\/www.lundaspelen.com\/da\/#website\",\"url\":\"https:\/\/www.lundaspelen.com\/da\/\",\"name\":\"Lundaspelen\",\"description\":\"Creating memories for life\",\"potentialAction\":[{\"@type\":\"SearchAction\",\"target\":{\"@type\":\"EntryPoint\",\"urlTemplate\":\"https:\/\/www.lundaspelen.com\/da\/?s={search_term_string}\"},\"query-input\":{\"@type\":\"PropertyValueSpecification\",\"valueRequired\":true,\"valueName\":\"search_term_string\"}}],\"inLanguage\":\"da-DK\"}]}<\/script>\n<!-- \/ Yoast SEO plugin. -->","yoast_head_json":{"title":"Oplev Lund - Lundaspelen in Handball","robots":{"index":"index","follow":"follow","max-snippet":"max-snippet:-1","max-image-preview":"max-image-preview:large","max-video-preview":"max-video-preview:-1"},"canonical":"https:\/\/www.lundaspelen.com\/da\/oplev-lund\/","og_locale":"da_DK","og_type":"article","og_title":"Oplev Lund - Lundaspelen in Handball","og_description":"Opdag Lund Hvor gl\u00e6den ved Lundaspelen forts\u00e6tter i hjertet af byen! tilbud til Lundaspelen particitpants Lund er stolt over at kunne byde alle spillere, familier og supportere velkommen under Lundaspelen. Gl\u00e6den slutter ikke, n\u00e5r slutfl\u00f8jtet lyder &#8211; den forts\u00e6tter udenfor i byen! Butikker, caf\u00e9er, restauranter, museer og andre virksomheder i Lund City gl\u00e6der sig til [&hellip;]","og_url":"https:\/\/www.lundaspelen.com\/da\/oplev-lund\/","og_site_name":"Lundaspelen in Handball","article_publisher":"https:\/\/www.facebook.com\/lundaspelen","article_modified_time":"2025-12-19T08:22:15+00:00","og_image":[{"width":1000,"height":975,"url":"https:\/\/www.lundaspelen.com\/wp-content\/uploads\/2025\/12\/lundaspelen-lundcity.jpg","type":"image\/jpeg"}],"twitter_card":"summary_large_image","twitter_misc":{"Estimeret l\u00e6setid":"1 minut"},"schema":{"@context":"https:\/\/schema.org","@graph":[{"@type":"WebPage","@id":"https:\/\/www.lundaspelen.com\/da\/oplev-lund\/","url":"https:\/\/www.lundaspelen.com\/da\/oplev-lund\/","name":"Oplev Lund - Lundaspelen in Handball","isPartOf":{"@id":"https:\/\/www.lundaspelen.com\/da\/#website"},"primaryImageOfPage":{"@id":"https:\/\/www.lundaspelen.com\/da\/oplev-lund\/#primaryimage"},"image":{"@id":"https:\/\/www.lundaspelen.com\/da\/oplev-lund\/#primaryimage"},"thumbnailUrl":"https:\/\/www.lundaspelen.com\/wp-content\/uploads\/2025\/12\/lundaspelen-lundcity.jpg","datePublished":"2025-04-22T11:23:44+00:00","dateModified":"2025-12-19T08:22:15+00:00","breadcrumb":{"@id":"https:\/\/www.lundaspelen.com\/da\/oplev-lund\/#breadcrumb"},"inLanguage":"da-DK","potentialAction":[{"@type":"ReadAction","target":["https:\/\/www.lundaspelen.com\/da\/oplev-lund\/"]}]},{"@type":"ImageObject","inLanguage":"da-DK","@id":"https:\/\/www.lundaspelen.com\/da\/oplev-lund\/#primaryimage","url":"https:\/\/www.lundaspelen.com\/wp-content\/uploads\/2025\/12\/lundaspelen-lundcity.jpg","contentUrl":"https:\/\/www.lundaspelen.com\/wp-content\/uploads\/2025\/12\/lundaspelen-lundcity.jpg"},{"@type":"BreadcrumbList","@id":"https:\/\/www.lundaspelen.com\/da\/oplev-lund\/#breadcrumb","itemListElement":[{"@type":"ListItem","position":1,"name":"Home","item":"https:\/\/www.lundaspelen.com\/da\/lundaspelen-i-haandbold\/"},{"@type":"ListItem","position":2,"name":"Oplev Lund"}]},{"@type":"WebSite","@id":"https:\/\/www.lundaspelen.com\/da\/#website","url":"https:\/\/www.lundaspelen.com\/da\/","name":"Lundaspelen","description":"Creating memories for life","potentialAction":[{"@type":"SearchAction","target":{"@type":"EntryPoint","urlTemplate":"https:\/\/www.lundaspelen.com\/da\/?s={search_term_string}"},"query-input":{"@type":"PropertyValueSpecification","valueRequired":true,"valueName":"search_term_string"}}],"inLanguage":"da-DK"}]}},"_links":{"self":[{"href":"https:\/\/www.lundaspelen.com\/da\/wp-json\/wp\/v2\/pages\/27913","targetHints":{"allow":["GET"]}}],"collection":[{"href":"https:\/\/www.lundaspelen.com\/da\/wp-json\/wp\/v2\/pages"}],"about":[{"href":"https:\/\/www.lundaspelen.com\/da\/wp-json\/wp\/v2\/types\/page"}],"author":[{"embeddable":true,"href":"https:\/\/www.lundaspelen.com\/da\/wp-json\/wp\/v2\/users\/2"}],"replies":[{"embeddable":true,"href":"https:\/\/www.lundaspelen.com\/da\/wp-json\/wp\/v2\/comments?post=27913"}],"version-history":[{"count":5,"href":"https:\/\/www.lundaspelen.com\/da\/wp-json\/wp\/v2\/pages\/27913\/revisions"}],"predecessor-version":[{"id":29258,"href":"https:\/\/www.lundaspelen.com\/da\/wp-json\/wp\/v2\/pages\/27913\/revisions\/29258"}],"wp:attachment":[{"href":"https:\/\/www.lundaspelen.com\/da\/wp-json\/wp\/v2\/media?parent=27913"}],"curies":[{"name":"wp","href":"https:\/\/api.w.org\/{rel}","templated":true}]}}