{"id":27898,"date":"2025-04-22T20:35:31","date_gmt":"2025-04-22T20:35:31","guid":{"rendered":"https:\/\/www.lundaspelen.com\/lundaspelen-foundation\/"},"modified":"2025-06-30T17:31:40","modified_gmt":"2025-06-30T17:31:40","slug":"lundaspelen-foundation","status":"publish","type":"page","link":"https:\/\/www.lundaspelen.com\/da\/lundaspelen-foundation\/","title":{"rendered":"Lundaspelen Foundation"},"content":{"rendered":"\t\t<div data-elementor-type=\"wp-page\" data-elementor-id=\"27898\" class=\"elementor elementor-27898 elementor-27014\" data-elementor-post-type=\"page\">\n\t\t\t\t<div class=\"elementor-element elementor-element-610acf50 e-flex e-con-boxed e-con e-parent\" data-id=\"610acf50\" data-element_type=\"container\" data-settings=\"{&quot;background_background&quot;:&quot;slideshow&quot;,&quot;background_slideshow_gallery&quot;:[{&quot;id&quot;:26311,&quot;url&quot;:&quot;https:\\\/\\\/staging.lundaspelen.com\\\/wp-content\\\/uploads\\\/2025\\\/03\\\/lundaspelen-1-2-1.jpg&quot;}],&quot;background_slideshow_loop&quot;:&quot;yes&quot;,&quot;background_slideshow_slide_duration&quot;:5000,&quot;background_slideshow_slide_transition&quot;:&quot;fade&quot;,&quot;background_slideshow_transition_duration&quot;:500}\">\n\t\t\t\t\t<div class=\"e-con-inner\">\n\t\t<div class=\"elementor-element elementor-element-214a9baf e-con-full e-flex e-con e-child\" data-id=\"214a9baf\" data-element_type=\"container\">\n\t\t\t\t<div class=\"elementor-element elementor-element-a18d936 elementor-widget elementor-widget-icon-box\" data-id=\"a18d936\" data-element_type=\"widget\" data-widget_type=\"icon-box.default\">\n\t\t\t\t<div class=\"elementor-widget-container\">\n\t\t\t\t\t\t\t<div class=\"elementor-icon-box-wrapper\">\n\n\t\t\t\n\t\t\t\t\t\t<div class=\"elementor-icon-box-content\">\n\n\t\t\t\t\t\t\t\t\t<h1 class=\"elementor-icon-box-title\">\n\t\t\t\t\t\t<span  >\n\t\t\t\t\t\t\tLUNDASPELEN Foundation\t\t\t\t\t\t<\/span>\n\t\t\t\t\t<\/h1>\n\t\t\t\t\n\t\t\t\t\t\t\t\t\t<p class=\"elementor-icon-box-description\">\n\t\t\t\t\t\tH\u00e5ndbold for alle\t\t\t\t\t<\/p>\n\t\t\t\t\n\t\t\t<\/div>\n\t\t\t\n\t\t<\/div>\n\t\t\t\t\t\t<\/div>\n\t\t\t\t<\/div>\n\t\t\t\t<\/div>\n\t\t\t\t\t<\/div>\n\t\t\t\t<\/div>\n\t\t<div class=\"elementor-element elementor-element-89322ed e-flex e-con-boxed e-con e-parent\" data-id=\"89322ed\" data-element_type=\"container\">\n\t\t\t\t\t<div class=\"e-con-inner\">\n\t\t\t\t<div class=\"elementor-element elementor-element-3234d52 elementor-widget elementor-widget-text-editor\" data-id=\"3234d52\" data-element_type=\"widget\" data-widget_type=\"text-editor.default\">\n\t\t\t\t<div class=\"elementor-widget-container\">\n\t\t\t\t\t\t\t\t\t<p><strong>Lundaspelen Foundation<\/strong> er i \u00f8jeblikket ved at blive udviklet med en klar og st\u00e6rk vision:<br><em>Intet hold skal g\u00e5 glip af Lundaspelen af \u00f8konomiske \u00e5rsager.<\/em><\/p><p><strong>Trin 1 &#8211; Parah\u00e5ndboldhold 2025<\/strong><\/p><p>Vi starter med at st\u00f8tte <strong>parah\u00e5ndboldhold<\/strong> og d\u00e6kker deltagelse, en nat p\u00e5 hotel og m\u00e5ltider &#8211; gratis, s\u00e5 vidt vores ressourcer tillader det.<br>Vores m\u00e5l er at kunne st\u00f8tte <strong>alle parah\u00e5ndboldhold allerede i 2025<\/strong>!<\/p><p><strong>Vision 2030  <\/strong><\/p><p>Efterh\u00e5nden som fonden vokser, er det vores m\u00e5l at tilbyde \u00f8konomisk st\u00f8tte til <strong>alle hold med begr\u00e6nsede ressourcer.<\/strong> Vi \u00f8nsker at opbygge noget langsigtet &#8211; et solidt fundament, hvor alle har mulighed for at deltage, uanset deres baggrund.<\/p><p>Har <strong>du sp\u00f8rgsm\u00e5l, eller vil du s\u00f8ge om st\u00f8tte?<\/strong><br>Kontakt os p\u00e5: <strong>info@lundaspelen.com<\/strong><\/p>\t\t\t\t\t\t\t\t<\/div>\n\t\t\t\t<\/div>\n\t\t\t\t\t<\/div>\n\t\t\t\t<\/div>\n\t\t\t\t<\/div>\n\t\t","protected":false},"excerpt":{"rendered":"<p>LUNDASPELEN Foundation H\u00e5ndbold for alle Lundaspelen Foundation er i \u00f8jeblikket ved at blive udviklet med en klar og st\u00e6rk vision:Intet hold skal g\u00e5 glip af Lundaspelen af \u00f8konomiske \u00e5rsager. Trin 1 &#8211; Parah\u00e5ndboldhold 2025 Vi starter med at st\u00f8tte parah\u00e5ndboldhold og d\u00e6kker deltagelse, en nat p\u00e5 hotel og m\u00e5ltider &#8211; gratis, s\u00e5 vidt vores ressourcer [&hellip;]<\/p>\n","protected":false},"author":2,"featured_media":0,"parent":0,"menu_order":0,"comment_status":"closed","ping_status":"closed","template":"","meta":{"inline_featured_image":false,"site-sidebar-layout":"no-sidebar","site-content-layout":"page-builder","ast-site-content-layout":"full-width-container","site-content-style":"default","site-sidebar-style":"default","ast-global-header-display":"","ast-banner-title-visibility":"","ast-main-header-display":"","ast-hfb-above-header-display":"","ast-hfb-below-header-display":"","ast-hfb-mobile-header-display":"","site-post-title":"disabled","ast-breadcrumbs-content":"","ast-featured-img":"disabled","footer-sml-layout":"","ast-disable-related-posts":"","theme-transparent-header-meta":"","adv-header-id-meta":"","stick-header-meta":"","header-above-stick-meta":"","header-main-stick-meta":"","header-below-stick-meta":"","astra-migrate-meta-layouts":"default","ast-page-background-enabled":"default","ast-page-background-meta":{"desktop":{"background-color":"","background-image":"","background-repeat":"repeat","background-position":"center center","background-size":"auto","background-attachment":"scroll","background-type":"","background-media":"","overlay-type":"","overlay-color":"","overlay-opacity":"","overlay-gradient":""},"tablet":{"background-color":"","background-image":"","background-repeat":"repeat","background-position":"center center","background-size":"auto","background-attachment":"scroll","background-type":"","background-media":"","overlay-type":"","overlay-color":"","overlay-opacity":"","overlay-gradient":""},"mobile":{"background-color":"","background-image":"","background-repeat":"repeat","background-position":"center center","background-size":"auto","background-attachment":"scroll","background-type":"","background-media":"","overlay-type":"","overlay-color":"","overlay-opacity":"","overlay-gradient":""}},"ast-content-background-meta":{"desktop":{"background-color":"var(--ast-global-color-5)","background-image":"","background-repeat":"repeat","background-position":"center center","background-size":"auto","background-attachment":"scroll","background-type":"","background-media":"","overlay-type":"","overlay-color":"","overlay-opacity":"","overlay-gradient":""},"tablet":{"background-color":"var(--ast-global-color-5)","background-image":"","background-repeat":"repeat","background-position":"center center","background-size":"auto","background-attachment":"scroll","background-type":"","background-media":"","overlay-type":"","overlay-color":"","overlay-opacity":"","overlay-gradient":""},"mobile":{"background-color":"var(--ast-global-color-5)","background-image":"","background-repeat":"repeat","background-position":"center center","background-size":"auto","background-attachment":"scroll","background-type":"","background-media":"","overlay-type":"","overlay-color":"","overlay-opacity":"","overlay-gradient":""}},"footnotes":""},"class_list":["post-27898","page","type-page","status-publish","hentry"],"yoast_head":"<!-- This site is optimized with the Yoast SEO plugin v26.5 - https:\/\/yoast.com\/wordpress\/plugins\/seo\/ -->\n<title>Lundaspelen Foundation - Lundaspelen in Handball<\/title>\n<meta name=\"robots\" content=\"index, follow, max-snippet:-1, max-image-preview:large, max-video-preview:-1\" \/>\n<link rel=\"canonical\" href=\"https:\/\/www.lundaspelen.com\/da\/lundaspelen-foundation\/\" \/>\n<meta property=\"og:locale\" content=\"da_DK\" \/>\n<meta property=\"og:type\" content=\"article\" \/>\n<meta property=\"og:title\" content=\"Lundaspelen Foundation - Lundaspelen in Handball\" \/>\n<meta property=\"og:description\" content=\"LUNDASPELEN Foundation H\u00e5ndbold for alle Lundaspelen Foundation er i \u00f8jeblikket ved at blive udviklet med en klar og st\u00e6rk vision:Intet hold skal g\u00e5 glip af Lundaspelen af \u00f8konomiske \u00e5rsager. Trin 1 &#8211; Parah\u00e5ndboldhold 2025 Vi starter med at st\u00f8tte parah\u00e5ndboldhold og d\u00e6kker deltagelse, en nat p\u00e5 hotel og m\u00e5ltider &#8211; gratis, s\u00e5 vidt vores ressourcer [&hellip;]\" \/>\n<meta property=\"og:url\" content=\"https:\/\/www.lundaspelen.com\/da\/lundaspelen-foundation\/\" \/>\n<meta property=\"og:site_name\" content=\"Lundaspelen in Handball\" \/>\n<meta property=\"article:publisher\" content=\"https:\/\/www.facebook.com\/lundaspelen\" \/>\n<meta property=\"article:modified_time\" content=\"2025-06-30T17:31:40+00:00\" \/>\n<meta property=\"og:image\" content=\"https:\/\/www.lundaspelen.com\/wp-content\/uploads\/2025\/03\/lundaspelen.jpg\" \/>\n\t<meta property=\"og:image:width\" content=\"1800\" \/>\n\t<meta property=\"og:image:height\" content=\"1200\" \/>\n\t<meta property=\"og:image:type\" content=\"image\/jpeg\" \/>\n<meta name=\"twitter:card\" content=\"summary_large_image\" \/>\n<meta name=\"twitter:label1\" content=\"Estimeret l\u00e6setid\" \/>\n\t<meta name=\"twitter:data1\" content=\"1 minut\" \/>\n<script type=\"application\/ld+json\" class=\"yoast-schema-graph\">{\"@context\":\"https:\/\/schema.org\",\"@graph\":[{\"@type\":\"WebPage\",\"@id\":\"https:\/\/www.lundaspelen.com\/da\/lundaspelen-foundation\/\",\"url\":\"https:\/\/www.lundaspelen.com\/da\/lundaspelen-foundation\/\",\"name\":\"Lundaspelen Foundation - Lundaspelen in Handball\",\"isPartOf\":{\"@id\":\"https:\/\/www.lundaspelen.com\/da\/#website\"},\"datePublished\":\"2025-04-22T20:35:31+00:00\",\"dateModified\":\"2025-06-30T17:31:40+00:00\",\"breadcrumb\":{\"@id\":\"https:\/\/www.lundaspelen.com\/da\/lundaspelen-foundation\/#breadcrumb\"},\"inLanguage\":\"da-DK\",\"potentialAction\":[{\"@type\":\"ReadAction\",\"target\":[\"https:\/\/www.lundaspelen.com\/da\/lundaspelen-foundation\/\"]}]},{\"@type\":\"BreadcrumbList\",\"@id\":\"https:\/\/www.lundaspelen.com\/da\/lundaspelen-foundation\/#breadcrumb\",\"itemListElement\":[{\"@type\":\"ListItem\",\"position\":1,\"name\":\"Home\",\"item\":\"https:\/\/www.lundaspelen.com\/da\/lundaspelen-i-haandbold\/\"},{\"@type\":\"ListItem\",\"position\":2,\"name\":\"Lundaspelen Foundation\"}]},{\"@type\":\"WebSite\",\"@id\":\"https:\/\/www.lundaspelen.com\/da\/#website\",\"url\":\"https:\/\/www.lundaspelen.com\/da\/\",\"name\":\"Lundaspelen\",\"description\":\"Creating memories for life\",\"potentialAction\":[{\"@type\":\"SearchAction\",\"target\":{\"@type\":\"EntryPoint\",\"urlTemplate\":\"https:\/\/www.lundaspelen.com\/da\/?s={search_term_string}\"},\"query-input\":{\"@type\":\"PropertyValueSpecification\",\"valueRequired\":true,\"valueName\":\"search_term_string\"}}],\"inLanguage\":\"da-DK\"}]}<\/script>\n<!-- \/ Yoast SEO plugin. -->","yoast_head_json":{"title":"Lundaspelen Foundation - Lundaspelen in Handball","robots":{"index":"index","follow":"follow","max-snippet":"max-snippet:-1","max-image-preview":"max-image-preview:large","max-video-preview":"max-video-preview:-1"},"canonical":"https:\/\/www.lundaspelen.com\/da\/lundaspelen-foundation\/","og_locale":"da_DK","og_type":"article","og_title":"Lundaspelen Foundation - Lundaspelen in Handball","og_description":"LUNDASPELEN Foundation H\u00e5ndbold for alle Lundaspelen Foundation er i \u00f8jeblikket ved at blive udviklet med en klar og st\u00e6rk vision:Intet hold skal g\u00e5 glip af Lundaspelen af \u00f8konomiske \u00e5rsager. Trin 1 &#8211; Parah\u00e5ndboldhold 2025 Vi starter med at st\u00f8tte parah\u00e5ndboldhold og d\u00e6kker deltagelse, en nat p\u00e5 hotel og m\u00e5ltider &#8211; gratis, s\u00e5 vidt vores ressourcer [&hellip;]","og_url":"https:\/\/www.lundaspelen.com\/da\/lundaspelen-foundation\/","og_site_name":"Lundaspelen in Handball","article_publisher":"https:\/\/www.facebook.com\/lundaspelen","article_modified_time":"2025-06-30T17:31:40+00:00","og_image":[{"width":1800,"height":1200,"url":"https:\/\/www.lundaspelen.com\/wp-content\/uploads\/2025\/03\/lundaspelen.jpg","type":"image\/jpeg"}],"twitter_card":"summary_large_image","twitter_misc":{"Estimeret l\u00e6setid":"1 minut"},"schema":{"@context":"https:\/\/schema.org","@graph":[{"@type":"WebPage","@id":"https:\/\/www.lundaspelen.com\/da\/lundaspelen-foundation\/","url":"https:\/\/www.lundaspelen.com\/da\/lundaspelen-foundation\/","name":"Lundaspelen Foundation - Lundaspelen in Handball","isPartOf":{"@id":"https:\/\/www.lundaspelen.com\/da\/#website"},"datePublished":"2025-04-22T20:35:31+00:00","dateModified":"2025-06-30T17:31:40+00:00","breadcrumb":{"@id":"https:\/\/www.lundaspelen.com\/da\/lundaspelen-foundation\/#breadcrumb"},"inLanguage":"da-DK","potentialAction":[{"@type":"ReadAction","target":["https:\/\/www.lundaspelen.com\/da\/lundaspelen-foundation\/"]}]},{"@type":"BreadcrumbList","@id":"https:\/\/www.lundaspelen.com\/da\/lundaspelen-foundation\/#breadcrumb","itemListElement":[{"@type":"ListItem","position":1,"name":"Home","item":"https:\/\/www.lundaspelen.com\/da\/lundaspelen-i-haandbold\/"},{"@type":"ListItem","position":2,"name":"Lundaspelen Foundation"}]},{"@type":"WebSite","@id":"https:\/\/www.lundaspelen.com\/da\/#website","url":"https:\/\/www.lundaspelen.com\/da\/","name":"Lundaspelen","description":"Creating memories for life","potentialAction":[{"@type":"SearchAction","target":{"@type":"EntryPoint","urlTemplate":"https:\/\/www.lundaspelen.com\/da\/?s={search_term_string}"},"query-input":{"@type":"PropertyValueSpecification","valueRequired":true,"valueName":"search_term_string"}}],"inLanguage":"da-DK"}]}},"_links":{"self":[{"href":"https:\/\/www.lundaspelen.com\/da\/wp-json\/wp\/v2\/pages\/27898","targetHints":{"allow":["GET"]}}],"collection":[{"href":"https:\/\/www.lundaspelen.com\/da\/wp-json\/wp\/v2\/pages"}],"about":[{"href":"https:\/\/www.lundaspelen.com\/da\/wp-json\/wp\/v2\/types\/page"}],"author":[{"embeddable":true,"href":"https:\/\/www.lundaspelen.com\/da\/wp-json\/wp\/v2\/users\/2"}],"replies":[{"embeddable":true,"href":"https:\/\/www.lundaspelen.com\/da\/wp-json\/wp\/v2\/comments?post=27898"}],"version-history":[{"count":2,"href":"https:\/\/www.lundaspelen.com\/da\/wp-json\/wp\/v2\/pages\/27898\/revisions"}],"predecessor-version":[{"id":27901,"href":"https:\/\/www.lundaspelen.com\/da\/wp-json\/wp\/v2\/pages\/27898\/revisions\/27901"}],"wp:attachment":[{"href":"https:\/\/www.lundaspelen.com\/da\/wp-json\/wp\/v2\/media?parent=27898"}],"curies":[{"name":"wp","href":"https:\/\/api.w.org\/{rel}","templated":true}]}}