{"id":27893,"date":"2025-04-22T19:50:33","date_gmt":"2025-04-22T19:50:33","guid":{"rendered":"https:\/\/www.lundaspelen.com\/lundaspelen-para-haandbold\/"},"modified":"2026-03-17T14:16:34","modified_gmt":"2026-03-17T14:16:34","slug":"lundaspelen-para-haandbold","status":"publish","type":"page","link":"https:\/\/www.lundaspelen.com\/da\/lundaspelen-para-haandbold\/","title":{"rendered":"Lundaspelen Para h\u00e5ndbold"},"content":{"rendered":"\t\t<div data-elementor-type=\"wp-page\" data-elementor-id=\"27893\" class=\"elementor elementor-27893 elementor-26801\" data-elementor-post-type=\"page\">\n\t\t\t\t<div class=\"elementor-element elementor-element-20930cfb e-flex e-con-boxed e-con e-parent\" data-id=\"20930cfb\" data-element_type=\"container\" data-settings=\"{&quot;background_background&quot;:&quot;slideshow&quot;,&quot;background_slideshow_gallery&quot;:[{&quot;id&quot;:26311,&quot;url&quot;:&quot;https:\\\/\\\/www.lundaspelen.com\\\/wp-content\\\/uploads\\\/2025\\\/03\\\/lundaspelen-1-2-1.jpg&quot;}],&quot;background_slideshow_loop&quot;:&quot;yes&quot;,&quot;background_slideshow_slide_duration&quot;:5000,&quot;background_slideshow_slide_transition&quot;:&quot;fade&quot;,&quot;background_slideshow_transition_duration&quot;:500}\">\n\t\t\t\t\t<div class=\"e-con-inner\">\n\t\t<div class=\"elementor-element elementor-element-7ba254c3 e-con-full e-flex e-con e-child\" data-id=\"7ba254c3\" data-element_type=\"container\">\n\t\t\t\t<div class=\"elementor-element elementor-element-411183b elementor-widget elementor-widget-icon-box\" data-id=\"411183b\" data-element_type=\"widget\" data-widget_type=\"icon-box.default\">\n\t\t\t\t<div class=\"elementor-widget-container\">\n\t\t\t\t\t\t\t<div class=\"elementor-icon-box-wrapper\">\n\n\t\t\t\n\t\t\t\t\t\t<div class=\"elementor-icon-box-content\">\n\n\t\t\t\t\t\t\t\t\t<h1 class=\"elementor-icon-box-title\">\n\t\t\t\t\t\t<span  >\n\t\t\t\t\t\t\tLUNDASPELEN PARA\t\t\t\t\t\t<\/span>\n\t\t\t\t\t<\/h1>\n\t\t\t\t\n\t\t\t\t\t\t\t\t\t<p class=\"elementor-icon-box-description\">\n\t\t\t\t\t\tLundaspelen Special Class - H\u00e5ndboldgl\u00e6de for alle!\t\t\t\t\t<\/p>\n\t\t\t\t\n\t\t\t<\/div>\n\t\t\t\n\t\t<\/div>\n\t\t\t\t\t\t<\/div>\n\t\t\t\t<\/div>\n\t\t\t\t<\/div>\n\t\t\t\t\t<\/div>\n\t\t\t\t<\/div>\n\t\t<div class=\"elementor-element elementor-element-6a31d5d e-flex e-con-boxed e-con e-parent\" data-id=\"6a31d5d\" data-element_type=\"container\">\n\t\t\t\t\t<div class=\"e-con-inner\">\n\t\t\t\t<div class=\"elementor-element elementor-element-d9ff561 elementor-widget elementor-widget-text-editor\" data-id=\"d9ff561\" data-element_type=\"widget\" data-widget_type=\"text-editor.default\">\n\t\t\t\t<div class=\"elementor-widget-container\">\n\t\t\t\t\t\t\t\t\t<p>Alle fortjener retten til sundhed, gl\u00e6de og deltagelse. Lundaspelen Para er en v\u00e6rdsat og naturlig del af turneringen og skaber uforglemmelige \u00f8jeblikke for b\u00e5de spillere, tilskuere og frivillige. <\/p><p><strong>Lundaspelen Para inkluderer:<\/strong><br><strong>K\u00f8restolsh\u00e5ndbold<\/strong> &#8211; 27.-28. december<br>For spillere, der bruger k\u00f8restol til daglig eller ikke kan konkurrere p\u00e5 lige vilk\u00e5r i st\u00e5ende kampe.<\/p><p><strong>G\u00e5-h\u00e5ndbold<\/strong> &#8211; 29.-30. december<br>For spillere med handicap og\/eller neuropsykiatriske diagnoser. Baseret p\u00e5 <strong>Special Olympics-regler<\/strong>. <\/p><p>Vores vision er at tilbyde niveaubaseret spil til alle hold, hvor hver spiller kan vokse og blive udfordret i sit eget tempo.<\/p><p><strong>Lundaspelen-fonden<\/strong> <\/p><p>Lundaspelen Foundation opbygges med en klar vision:<br><strong>Intet hold b\u00f8r g\u00e5 glip af Lundaspelen p\u00e5 grund af \u00f8konomiske barrierer<\/strong>.<\/p><p><strong>F\u00f8rste skridt &#8211; Parahandball 2026<\/strong><br>Vi begynder med at st\u00f8tte <strong>Parahandball-holdene<\/strong> &#8211; og d\u00e6kker deltagelse, en hotelovernatning og m\u00e5ltider, s\u00e5 l\u00e6nge midlerne tillader det.<\/p><p>Vil du ans\u00f8ge eller vide mere? Kontakt os: <a href=\"mailto:info@lundaspelen.com\"><strong>info@lundaspelen.com<\/strong><\/a> <\/p>\t\t\t\t\t\t\t\t<\/div>\n\t\t\t\t<\/div>\n\t\t\t\t\t<\/div>\n\t\t\t\t<\/div>\n\t\t\t\t<\/div>\n\t\t","protected":false},"excerpt":{"rendered":"<p>LUNDASPELEN PARA Lundaspelen Special Class &#8211; H\u00e5ndboldgl\u00e6de for alle! Alle fortjener retten til sundhed, gl\u00e6de og deltagelse. Lundaspelen Para er en v\u00e6rdsat og naturlig del af turneringen og skaber uforglemmelige \u00f8jeblikke for b\u00e5de spillere, tilskuere og frivillige. Lundaspelen Para inkluderer:K\u00f8restolsh\u00e5ndbold &#8211; 27.-28. decemberFor spillere, der bruger k\u00f8restol til daglig eller ikke kan konkurrere p\u00e5 lige [&hellip;]<\/p>\n","protected":false},"author":2,"featured_media":0,"parent":0,"menu_order":0,"comment_status":"closed","ping_status":"closed","template":"","meta":{"inline_featured_image":false,"site-sidebar-layout":"no-sidebar","site-content-layout":"page-builder","ast-site-content-layout":"full-width-container","site-content-style":"default","site-sidebar-style":"default","ast-global-header-display":"","ast-banner-title-visibility":"","ast-main-header-display":"","ast-hfb-above-header-display":"","ast-hfb-below-header-display":"","ast-hfb-mobile-header-display":"","site-post-title":"disabled","ast-breadcrumbs-content":"","ast-featured-img":"disabled","footer-sml-layout":"","ast-disable-related-posts":"","theme-transparent-header-meta":"","adv-header-id-meta":"","stick-header-meta":"","header-above-stick-meta":"","header-main-stick-meta":"","header-below-stick-meta":"","astra-migrate-meta-layouts":"default","ast-page-background-enabled":"default","ast-page-background-meta":{"desktop":{"background-color":"","background-image":"","background-repeat":"repeat","background-position":"center center","background-size":"auto","background-attachment":"scroll","background-type":"","background-media":"","overlay-type":"","overlay-color":"","overlay-opacity":"","overlay-gradient":""},"tablet":{"background-color":"","background-image":"","background-repeat":"repeat","background-position":"center center","background-size":"auto","background-attachment":"scroll","background-type":"","background-media":"","overlay-type":"","overlay-color":"","overlay-opacity":"","overlay-gradient":""},"mobile":{"background-color":"","background-image":"","background-repeat":"repeat","background-position":"center center","background-size":"auto","background-attachment":"scroll","background-type":"","background-media":"","overlay-type":"","overlay-color":"","overlay-opacity":"","overlay-gradient":""}},"ast-content-background-meta":{"desktop":{"background-color":"var(--ast-global-color-5)","background-image":"","background-repeat":"repeat","background-position":"center center","background-size":"auto","background-attachment":"scroll","background-type":"","background-media":"","overlay-type":"","overlay-color":"","overlay-opacity":"","overlay-gradient":""},"tablet":{"background-color":"var(--ast-global-color-5)","background-image":"","background-repeat":"repeat","background-position":"center center","background-size":"auto","background-attachment":"scroll","background-type":"","background-media":"","overlay-type":"","overlay-color":"","overlay-opacity":"","overlay-gradient":""},"mobile":{"background-color":"var(--ast-global-color-5)","background-image":"","background-repeat":"repeat","background-position":"center center","background-size":"auto","background-attachment":"scroll","background-type":"","background-media":"","overlay-type":"","overlay-color":"","overlay-opacity":"","overlay-gradient":""}},"footnotes":""},"class_list":["post-27893","page","type-page","status-publish","hentry"],"yoast_head":"<!-- This site is optimized with the Yoast SEO plugin v26.5 - https:\/\/yoast.com\/wordpress\/plugins\/seo\/ -->\n<title>Lundaspelen Para h\u00e5ndbold - Lundaspelen in Handball<\/title>\n<meta name=\"robots\" content=\"index, follow, max-snippet:-1, max-image-preview:large, max-video-preview:-1\" \/>\n<link rel=\"canonical\" href=\"https:\/\/www.lundaspelen.com\/da\/lundaspelen-para-haandbold\/\" \/>\n<meta property=\"og:locale\" content=\"da_DK\" \/>\n<meta property=\"og:type\" content=\"article\" \/>\n<meta property=\"og:title\" content=\"Lundaspelen Para h\u00e5ndbold - Lundaspelen in Handball\" \/>\n<meta property=\"og:description\" content=\"LUNDASPELEN PARA Lundaspelen Special Class &#8211; H\u00e5ndboldgl\u00e6de for alle! Alle fortjener retten til sundhed, gl\u00e6de og deltagelse. Lundaspelen Para er en v\u00e6rdsat og naturlig del af turneringen og skaber uforglemmelige \u00f8jeblikke for b\u00e5de spillere, tilskuere og frivillige. Lundaspelen Para inkluderer:K\u00f8restolsh\u00e5ndbold &#8211; 27.-28. decemberFor spillere, der bruger k\u00f8restol til daglig eller ikke kan konkurrere p\u00e5 lige [&hellip;]\" \/>\n<meta property=\"og:url\" content=\"https:\/\/www.lundaspelen.com\/da\/lundaspelen-para-haandbold\/\" \/>\n<meta property=\"og:site_name\" content=\"Lundaspelen in Handball\" \/>\n<meta property=\"article:publisher\" content=\"https:\/\/www.facebook.com\/lundaspelen\" \/>\n<meta property=\"article:modified_time\" content=\"2026-03-17T14:16:34+00:00\" \/>\n<meta property=\"og:image\" content=\"https:\/\/www.lundaspelen.com\/wp-content\/uploads\/2025\/03\/lundaspelen.jpg\" \/>\n\t<meta property=\"og:image:width\" content=\"1800\" \/>\n\t<meta property=\"og:image:height\" content=\"1200\" \/>\n\t<meta property=\"og:image:type\" content=\"image\/jpeg\" \/>\n<meta name=\"twitter:card\" content=\"summary_large_image\" \/>\n<meta name=\"twitter:label1\" content=\"Estimeret l\u00e6setid\" \/>\n\t<meta name=\"twitter:data1\" content=\"1 minut\" \/>\n<script type=\"application\/ld+json\" class=\"yoast-schema-graph\">{\"@context\":\"https:\/\/schema.org\",\"@graph\":[{\"@type\":\"WebPage\",\"@id\":\"https:\/\/www.lundaspelen.com\/da\/lundaspelen-para-haandbold\/\",\"url\":\"https:\/\/www.lundaspelen.com\/da\/lundaspelen-para-haandbold\/\",\"name\":\"Lundaspelen Para h\u00e5ndbold - Lundaspelen in Handball\",\"isPartOf\":{\"@id\":\"https:\/\/www.lundaspelen.com\/da\/#website\"},\"datePublished\":\"2025-04-22T19:50:33+00:00\",\"dateModified\":\"2026-03-17T14:16:34+00:00\",\"breadcrumb\":{\"@id\":\"https:\/\/www.lundaspelen.com\/da\/lundaspelen-para-haandbold\/#breadcrumb\"},\"inLanguage\":\"da-DK\",\"potentialAction\":[{\"@type\":\"ReadAction\",\"target\":[\"https:\/\/www.lundaspelen.com\/da\/lundaspelen-para-haandbold\/\"]}]},{\"@type\":\"BreadcrumbList\",\"@id\":\"https:\/\/www.lundaspelen.com\/da\/lundaspelen-para-haandbold\/#breadcrumb\",\"itemListElement\":[{\"@type\":\"ListItem\",\"position\":1,\"name\":\"Home\",\"item\":\"https:\/\/www.lundaspelen.com\/da\/lundaspelen-i-haandbold\/\"},{\"@type\":\"ListItem\",\"position\":2,\"name\":\"Lundaspelen Para h\u00e5ndbold\"}]},{\"@type\":\"WebSite\",\"@id\":\"https:\/\/www.lundaspelen.com\/da\/#website\",\"url\":\"https:\/\/www.lundaspelen.com\/da\/\",\"name\":\"Lundaspelen\",\"description\":\"Creating memories for life\",\"potentialAction\":[{\"@type\":\"SearchAction\",\"target\":{\"@type\":\"EntryPoint\",\"urlTemplate\":\"https:\/\/www.lundaspelen.com\/da\/?s={search_term_string}\"},\"query-input\":{\"@type\":\"PropertyValueSpecification\",\"valueRequired\":true,\"valueName\":\"search_term_string\"}}],\"inLanguage\":\"da-DK\"}]}<\/script>\n<!-- \/ Yoast SEO plugin. -->","yoast_head_json":{"title":"Lundaspelen Para h\u00e5ndbold - Lundaspelen in Handball","robots":{"index":"index","follow":"follow","max-snippet":"max-snippet:-1","max-image-preview":"max-image-preview:large","max-video-preview":"max-video-preview:-1"},"canonical":"https:\/\/www.lundaspelen.com\/da\/lundaspelen-para-haandbold\/","og_locale":"da_DK","og_type":"article","og_title":"Lundaspelen Para h\u00e5ndbold - Lundaspelen in Handball","og_description":"LUNDASPELEN PARA Lundaspelen Special Class &#8211; H\u00e5ndboldgl\u00e6de for alle! Alle fortjener retten til sundhed, gl\u00e6de og deltagelse. Lundaspelen Para er en v\u00e6rdsat og naturlig del af turneringen og skaber uforglemmelige \u00f8jeblikke for b\u00e5de spillere, tilskuere og frivillige. Lundaspelen Para inkluderer:K\u00f8restolsh\u00e5ndbold &#8211; 27.-28. decemberFor spillere, der bruger k\u00f8restol til daglig eller ikke kan konkurrere p\u00e5 lige [&hellip;]","og_url":"https:\/\/www.lundaspelen.com\/da\/lundaspelen-para-haandbold\/","og_site_name":"Lundaspelen in Handball","article_publisher":"https:\/\/www.facebook.com\/lundaspelen","article_modified_time":"2026-03-17T14:16:34+00:00","og_image":[{"width":1800,"height":1200,"url":"https:\/\/www.lundaspelen.com\/wp-content\/uploads\/2025\/03\/lundaspelen.jpg","type":"image\/jpeg"}],"twitter_card":"summary_large_image","twitter_misc":{"Estimeret l\u00e6setid":"1 minut"},"schema":{"@context":"https:\/\/schema.org","@graph":[{"@type":"WebPage","@id":"https:\/\/www.lundaspelen.com\/da\/lundaspelen-para-haandbold\/","url":"https:\/\/www.lundaspelen.com\/da\/lundaspelen-para-haandbold\/","name":"Lundaspelen Para h\u00e5ndbold - Lundaspelen in Handball","isPartOf":{"@id":"https:\/\/www.lundaspelen.com\/da\/#website"},"datePublished":"2025-04-22T19:50:33+00:00","dateModified":"2026-03-17T14:16:34+00:00","breadcrumb":{"@id":"https:\/\/www.lundaspelen.com\/da\/lundaspelen-para-haandbold\/#breadcrumb"},"inLanguage":"da-DK","potentialAction":[{"@type":"ReadAction","target":["https:\/\/www.lundaspelen.com\/da\/lundaspelen-para-haandbold\/"]}]},{"@type":"BreadcrumbList","@id":"https:\/\/www.lundaspelen.com\/da\/lundaspelen-para-haandbold\/#breadcrumb","itemListElement":[{"@type":"ListItem","position":1,"name":"Home","item":"https:\/\/www.lundaspelen.com\/da\/lundaspelen-i-haandbold\/"},{"@type":"ListItem","position":2,"name":"Lundaspelen Para h\u00e5ndbold"}]},{"@type":"WebSite","@id":"https:\/\/www.lundaspelen.com\/da\/#website","url":"https:\/\/www.lundaspelen.com\/da\/","name":"Lundaspelen","description":"Creating memories for life","potentialAction":[{"@type":"SearchAction","target":{"@type":"EntryPoint","urlTemplate":"https:\/\/www.lundaspelen.com\/da\/?s={search_term_string}"},"query-input":{"@type":"PropertyValueSpecification","valueRequired":true,"valueName":"search_term_string"}}],"inLanguage":"da-DK"}]}},"_links":{"self":[{"href":"https:\/\/www.lundaspelen.com\/da\/wp-json\/wp\/v2\/pages\/27893","targetHints":{"allow":["GET"]}}],"collection":[{"href":"https:\/\/www.lundaspelen.com\/da\/wp-json\/wp\/v2\/pages"}],"about":[{"href":"https:\/\/www.lundaspelen.com\/da\/wp-json\/wp\/v2\/types\/page"}],"author":[{"embeddable":true,"href":"https:\/\/www.lundaspelen.com\/da\/wp-json\/wp\/v2\/users\/2"}],"replies":[{"embeddable":true,"href":"https:\/\/www.lundaspelen.com\/da\/wp-json\/wp\/v2\/comments?post=27893"}],"version-history":[{"count":3,"href":"https:\/\/www.lundaspelen.com\/da\/wp-json\/wp\/v2\/pages\/27893\/revisions"}],"predecessor-version":[{"id":29562,"href":"https:\/\/www.lundaspelen.com\/da\/wp-json\/wp\/v2\/pages\/27893\/revisions\/29562"}],"wp:attachment":[{"href":"https:\/\/www.lundaspelen.com\/da\/wp-json\/wp\/v2\/media?parent=27893"}],"curies":[{"name":"wp","href":"https:\/\/api.w.org\/{rel}","templated":true}]}}